{"id":7826,"date":"2023-01-09T21:55:57","date_gmt":"2023-01-09T20:55:57","guid":{"rendered":"https:\/\/www.magnolio.ch\/?post_type=product&#038;p=7826"},"modified":"2024-05-31T15:57:36","modified_gmt":"2024-05-31T13:57:36","slug":"doterra-laluz-diffuser-mit-citrus-bliss","status":"publish","type":"product","link":"https:\/\/www.magnolioworld.com\/green-ch\/doterra-laluz-diffuser-mit-citrus-bliss\/","title":{"rendered":"doTERRA Laluz Diffuser mit Citrus Bliss"},"content":{"rendered":"<p><strong>doTERRA Laluz Diffuser mit Citrus Bliss<\/strong> &#8211; Der hochelegante Diffuser f\u00fcr jeden Raum<\/p>\n<p>Dieser Diffuser verzaubert jeden Raum durch sein stylisches Aussehen und seinen ultrafeinen Spr\u00fchnebel. Er vernebelt nicht nur schonend deine Lieblings\u00f6le durch seine Ultraschalltechnik, sondern setzt auch ein Designstatement.<\/p>\n<p>So wird jeder Raum zu einem luxuri\u00f6sen Spa-Erlebnis. Egal, ob zu Hause, im B\u00fcro oder der Praxis.<\/p>\n<p>Aber auch technisch setzt der <strong>doTERRA Laluz Diffuser mit Citrus Bliss<\/strong> Ma\u00dfst\u00e4be<strong>. <\/strong>So l\u00e4uft er bis zu 8 h und kann sich mit 3 verschiedenen Lichtstufen perfekt jedem Raum und jeder Stimmung anpassen.<\/p>\n<p>Empfohlen f\u00fcr eine max. Raumgr\u00f6\u00dfe von 30 qm. Bei gr\u00f6\u00dferen R\u00e4umen einfach mehrere Diffusoren benutzen.<\/p>\n<p><strong>Empfehlung<\/strong><br \/>\nDiffuser: Beachte die Anwendungsempfehlungen in der Produktbeschreibung<br \/>\n\u00d6le: Beachte die Empfehlungen bei den Einzel\u00f6len.<\/p>\n<p><strong>Sichere Anwendung<\/strong><br \/>\nDiffuser: Beachte die Sicherheitshinweise in der Produktbeschreibung<br \/>\n\u00d6le: Beachte die Empfehlungen bei den Einzel\u00f6len.<\/p>\n","protected":false},"excerpt":{"rendered":"<h2 style=\"font-size: 28px;\">Der hochelegante Diffuser im idealen Einsteigerset<\/h2>\n<p><strong>doTERRA Laluz Diffuser<\/strong> <strong>mit Citrus Bliss<\/strong> &#8211; Er verzaubert jeden Raum durch sein stylisches Aussehen und seinen ultrafeinen Spr\u00fchnebel. Er vernebelt nicht nur schonend deine Lieblings\u00f6le durch seine Ultraschalltechnik, sondern setzt auch ein Designstatement. Mit seinen 3 Lichtstufen passt er sich jeder Stimmung an.<\/p>\n","protected":false},"featured_media":7862,"template":"","meta":{"_et_pb_use_builder":"","_et_pb_old_content":"","_et_gb_content_width":""},"product_cat":[15,57],"product_tag":[],"_links":{"self":[{"href":"https:\/\/www.magnolioworld.com\/green-ch\/wp-json\/wp\/v2\/product\/7826"}],"collection":[{"href":"https:\/\/www.magnolioworld.com\/green-ch\/wp-json\/wp\/v2\/product"}],"about":[{"href":"https:\/\/www.magnolioworld.com\/green-ch\/wp-json\/wp\/v2\/types\/product"}],"wp:featuredmedia":[{"embeddable":true,"href":"https:\/\/www.magnolioworld.com\/green-ch\/wp-json\/wp\/v2\/media\/7862"}],"wp:attachment":[{"href":"https:\/\/www.magnolioworld.com\/green-ch\/wp-json\/wp\/v2\/media?parent=7826"}],"wp:term":[{"taxonomy":"product_cat","embeddable":true,"href":"https:\/\/www.magnolioworld.com\/green-ch\/wp-json\/wp\/v2\/product_cat?post=7826"},{"taxonomy":"product_tag","embeddable":true,"href":"https:\/\/www.magnolioworld.com\/green-ch\/wp-json\/wp\/v2\/product_tag?post=7826"}],"curies":[{"name":"wp","href":"https:\/\/api.w.org\/{rel}","templated":true}]}}