{"id":782,"date":"2020-04-22T14:01:41","date_gmt":"2020-04-22T12:01:41","guid":{"rendered":"https:\/\/www.magnolio.shop\/ddr-prime-softgels-ddr-prime-softgels-zellerneuerung\/"},"modified":"2025-11-17T17:53:08","modified_gmt":"2025-11-17T16:53:08","slug":"doterra-ddr-prime-softgels","status":"publish","type":"product","link":"https:\/\/www.magnolioworld.com\/green-ch\/doterra-ddr-prime-softgels\/","title":{"rendered":"doTERRA DDR Prime Softgels"},"content":{"rendered":"<p><strong>doTERRA DDR Prime Softgels<\/strong> &#8211; Die optimale Erneuerung von K\u00f6rper und Geist<\/p>\n<p>Zur Unterst\u00fctzung der k\u00f6rperlichen Erneuerung enthalten DDR Prime Softgels eine gesch\u00fctzte Mischung aus den \u00e4therischen \u00d6len Frankincense, Wild Orange, Thyme, Clove und Lemongrass. Diese k\u00f6nnen den k\u00f6rperlichen und emotionalen Stress abmildern und so f\u00fcr ein optimales Wohlbefinden sorgen.<\/p>\n<p>Emotional ist diese Mischung das \u00d6l der Transformation, Es unterst\u00fctzt Ver\u00e4nderungsprozesse durch Klarheit, Mut und Offenheit f\u00fcr Neues. So k\u00f6nnen wir durch Transformations-Prozesse gelassen und voller Vitalit\u00e4t und Lebensfreude gehen.<\/p>\n<p>Die Weichkapseln der Softgels sind von der Menge genau abgestimmt und lassen sich leicht und bequem schlucken. Ideal auch f\u00fcr unterwegs.<\/p>\n<p>F\u00fcr die Anwendung im Diffuser empfiehlt sich das DDR Prime \u00d6l.<\/p>\n<p><strong>Empfehlung<\/strong><br \/>\nJe 1 Softgel morgens und abends zu den Mahlzeiten einnehmen. <\/p>\n<p><strong>Sichere Verwendung<\/strong><br \/>\nAu\u00dferhalb der Reichweite von Kindern aufbewahren. Wenn du schwanger bist oder in \u00e4rztlicher Behandlung stehst, konsultiere bitte den Arzt. K\u00fchl und trocken aufbewahren.<\/p>\n","protected":false},"excerpt":{"rendered":"<h2 style=\"font-size: 28px;\">Erneuerungs Kapseln<\/h2>\n<p>doTERRA DDR Prime Softgels &#8211; Diese Mischung tr\u00e4gt zur Unterst\u00fctzung der Erneuerung von K\u00f6rper und Geist bei. Sie sch\u00fctzt vor Stress und unterst\u00fctzt den K\u00f6rper bei allen Transformationsprozessen. Als DDR Prime Softgels ideal zum Einnehmen f\u00fcr unterwegs.<\/p>\n","protected":false},"featured_media":3195,"template":"","meta":{"_et_pb_use_builder":"","_et_pb_old_content":"","_et_gb_content_width":""},"product_cat":[15,52,44,36,1953],"product_tag":[460,461],"_links":{"self":[{"href":"https:\/\/www.magnolioworld.com\/green-ch\/wp-json\/wp\/v2\/product\/782"}],"collection":[{"href":"https:\/\/www.magnolioworld.com\/green-ch\/wp-json\/wp\/v2\/product"}],"about":[{"href":"https:\/\/www.magnolioworld.com\/green-ch\/wp-json\/wp\/v2\/types\/product"}],"wp:featuredmedia":[{"embeddable":true,"href":"https:\/\/www.magnolioworld.com\/green-ch\/wp-json\/wp\/v2\/media\/3195"}],"wp:attachment":[{"href":"https:\/\/www.magnolioworld.com\/green-ch\/wp-json\/wp\/v2\/media?parent=782"}],"wp:term":[{"taxonomy":"product_cat","embeddable":true,"href":"https:\/\/www.magnolioworld.com\/green-ch\/wp-json\/wp\/v2\/product_cat?post=782"},{"taxonomy":"product_tag","embeddable":true,"href":"https:\/\/www.magnolioworld.com\/green-ch\/wp-json\/wp\/v2\/product_tag?post=782"}],"curies":[{"name":"wp","href":"https:\/\/api.w.org\/{rel}","templated":true}]}}