{"id":7819,"date":"2023-01-09T20:37:20","date_gmt":"2023-01-09T19:37:20","guid":{"rendered":"https:\/\/www.magnolio.ch\/?post_type=product&#038;p=7819"},"modified":"2023-11-29T13:14:35","modified_gmt":"2023-11-29T12:14:35","slug":"doterra-pilot-diffuser-mit-pfefferminzoel","status":"publish","type":"product","link":"https:\/\/www.magnolioworld.com\/green-ch\/doterra-pilot-diffuser-mit-pfefferminzoel\/","title":{"rendered":"doTERRA Pilot Diffuser mit Pfefferminz\u00f6l"},"content":{"rendered":"<p><strong>doTERRA Pilot Diffuser mit Pfefferminz\u00f6l &#8211; <\/strong>Der kleine tragbare Einsteigerset f\u00fcr unterwegs<\/p>\n<p>Endlich gibt es einen kleinen handlichen Diffuser, den du \u00fcberall mitnehmen kannst. So ist es dir m\u00f6glich, die Vorteile eines Diffusers zum Vernebeln deines Lieblingsduftes immer und \u00fcberall dabei zu haben. Egal ob bei der Arbeit, to go in der Handtasche oder im Auto. Dieser kleine Diffuser ist einfach und unkompliziert zu bedienen. Ideal auch f\u00fcr kleine R\u00e4ume.<\/p>\n<p>Der Pilot l\u00e4uft im Dauerbetrieb 4 h und im Intervall-Betrieb sogar 8 h. Der Pilot ist wiederaufladbar und passt mit seinem neutralen wertigen Design in jede Umgebung. Er wird mit einem Dual-Port-USB-Autoadapter mit 2,4 A zum einfachen Aufladen sowie einer Tragetasche f\u00fcr unterwegs geliefert. <\/p>\n<p>Es gibt den Pilot auch als Set zusammen mit Pfefferminz\u00f6l. Ideal als Einsteigerset und Geschenk.<\/p>\n<p>Empfohlen f\u00fcr die unmittelbare Umgebung lokal.<\/p>\n<p><strong>Empfehlung<\/strong><br \/>\nDiffuser: Beachte die Anwendungsempfehlungen in der Produktbeschreibung<br \/>\n\u00d6le: Beachte die Empfehlungen bei den Einzel\u00f6len.<\/p>\n<p><strong>Sichere Anwendung<\/strong><br \/>\nDiffuser: Beachte die Sicherheitshinweise in der Produktbeschreibung<br \/>\n\u00d6le: Beachte die Empfehlungen bei den Einzel\u00f6len.<\/p>\n","protected":false},"excerpt":{"rendered":"<h2 style=\"font-size: 28px;\">Der kleine handliche Diffuser f\u00fcr unterwegs<\/h2>\n<p><strong>doTERRA Pilot Diffuser &#8211; <\/strong>Der ideale Diffuser to go. Endlich hast du deinen Diffuser und dessen wohltuende Wirkung immer dabei. Ob in der Handtasche oder dem Auto. Nat\u00fcrlich kann er \u00fcber einen Dual-Port-USB-Autoadapter mit 2,4 A geladen werden. Im Dauerbetrieb l\u00e4uft er 4 h und im Intervall-Betrieb 8 h. Zusammen mit dem erfrischenden Pfefferminz\u00f6l ist es das ideale Einsteigerset.<\/p>\n","protected":false},"featured_media":7856,"template":"","meta":{"_et_pb_use_builder":"","_et_pb_old_content":"","_et_gb_content_width":""},"product_cat":[15,57],"product_tag":[],"_links":{"self":[{"href":"https:\/\/www.magnolioworld.com\/green-ch\/wp-json\/wp\/v2\/product\/7819"}],"collection":[{"href":"https:\/\/www.magnolioworld.com\/green-ch\/wp-json\/wp\/v2\/product"}],"about":[{"href":"https:\/\/www.magnolioworld.com\/green-ch\/wp-json\/wp\/v2\/types\/product"}],"wp:featuredmedia":[{"embeddable":true,"href":"https:\/\/www.magnolioworld.com\/green-ch\/wp-json\/wp\/v2\/media\/7856"}],"wp:attachment":[{"href":"https:\/\/www.magnolioworld.com\/green-ch\/wp-json\/wp\/v2\/media?parent=7819"}],"wp:term":[{"taxonomy":"product_cat","embeddable":true,"href":"https:\/\/www.magnolioworld.com\/green-ch\/wp-json\/wp\/v2\/product_cat?post=7819"},{"taxonomy":"product_tag","embeddable":true,"href":"https:\/\/www.magnolioworld.com\/green-ch\/wp-json\/wp\/v2\/product_tag?post=7819"}],"curies":[{"name":"wp","href":"https:\/\/api.w.org\/{rel}","templated":true}]}}