{"id":781,"date":"2020-04-22T14:01:41","date_gmt":"2020-04-22T12:01:41","guid":{"rendered":"https:\/\/www.magnolio.shop\/ddr-prime-ddr-prime-zellerneuerung\/"},"modified":"2024-07-10T15:40:18","modified_gmt":"2024-07-10T13:40:18","slug":"doterra-ddr-prime","status":"publish","type":"product","link":"https:\/\/www.magnolioworld.com\/green-ch\/doterra-ddr-prime\/","title":{"rendered":"doTERRA DDR Prime"},"content":{"rendered":"<p><strong>doTERRA DDR Prime<\/strong> &#8211; Die optimale Erneuerung von K\u00f6rper und Geist<\/p>\n<p>Zur Unterst\u00fctzung der k\u00f6rperlichen Erneuerung enth\u00e4lt DDR Prime eine gesch\u00fctzte Mischung aus den \u00e4therischen \u00d6len Frankincense, Wild Orange, Thyme, Clove und Lemongrass. Diese k\u00f6nnen den k\u00f6rperlichen und emotionalen Stress abmildern und so f\u00fcr ein optimales Wohlbefinden sorgen.<\/p>\n<p>Emotional ist diese Mischung das \u00d6l der Transformation, Es unterst\u00fctzt Ver\u00e4nderungsprozesse durch Klarheit, Mut und Offenheit f\u00fcr Neues. So k\u00f6nnen wir durch Transformations-Prozesse gelassen und voller Vitalit\u00e4t und Lebensfreude gehen.<\/p>\n<p>Ideal aromatisch im Diffuser anzuwenden oder \u00fcber die Handgelenke zu inhalieren. Auf beanspruchte K\u00f6rperstellen kann die Mischung verd\u00fcnnt mit fraktioniertem Kokos\u00f6l aufgetragen werden.<\/p>\n<p>Wer die Mischung gerne innerlich einnehmen will, kann die DDR Prime Softgels verwenden oder 1-2 Tropfen der Mischung in Zitrusgetr\u00e4nke, Tee oder Wasser geben.<\/p>\n<p><strong>Empfehlung<\/strong><br \/>\nInnerlich: Zum Schutz vor Stress und zur Unterst\u00fctzung der allgemeinen Erneuerung morgens 1-2 Tropfen in 125 ml Fl\u00fcssigkeit geben.<br \/>\nTopisch: Zur Regeneration der Haut zusammen mit Tr\u00e4ger\u00f6l auf die gew\u00fcnschten Hautstellen auftragen.<br \/>\nF\u00fcr eine beruhigende und regenerierende Massage 5 Tropfen mit 10 ml Tr\u00e4ger\u00f6l mischen. Als Badezusatz 5 Tropfen mit 5 ml Tr\u00e4ger\u00f6l mischen. <\/p>\n<p><strong>Sichere Verwendung<\/strong><br \/>\nHautreizungen m\u00f6glich. Nicht mehr als ein Tropfen pro Tag verwenden. Au\u00dferhalb der Reichweite von Kindern aufbewahren. Wenn du schwanger bist oder in \u00e4rztlicher Behandlung stehst, konsultiere bitte den Arzt. Kontakt mit Augen, Innenohren, Gesicht, empfindlichen Stellen und Schleimh\u00e4uten vermeiden. Mindestens 12 Stunden nach dem Auftragen Sonnenlicht und UV-Strahlen meiden. Nur zur \u00e4u\u00dferlichen Anwendung.<\/p>\n","protected":false},"excerpt":{"rendered":"<h2 style=\"font-size: 28px;\">Das \u00d6l der Transformation und Erneuerung<\/h2>\n<p><strong>doTERRA DDR Prime<\/strong> &#8211; Diese Mischung tr\u00e4gt zur Unterst\u00fctzung der k\u00f6rperlichen und seelischen Erneuerung und Transformation bei. Es ist ideal f\u00fcr alle Anti-Aging-Prozesse. Eine Mischung f\u00fcr das Rundum-Wohlbefinden.<\/p>\n","protected":false},"featured_media":3194,"template":"","meta":{"_et_pb_use_builder":"","_et_pb_old_content":"","_et_gb_content_width":""},"product_cat":[15,51,36,1953],"product_tag":[458,459],"_links":{"self":[{"href":"https:\/\/www.magnolioworld.com\/green-ch\/wp-json\/wp\/v2\/product\/781"}],"collection":[{"href":"https:\/\/www.magnolioworld.com\/green-ch\/wp-json\/wp\/v2\/product"}],"about":[{"href":"https:\/\/www.magnolioworld.com\/green-ch\/wp-json\/wp\/v2\/types\/product"}],"wp:featuredmedia":[{"embeddable":true,"href":"https:\/\/www.magnolioworld.com\/green-ch\/wp-json\/wp\/v2\/media\/3194"}],"wp:attachment":[{"href":"https:\/\/www.magnolioworld.com\/green-ch\/wp-json\/wp\/v2\/media?parent=781"}],"wp:term":[{"taxonomy":"product_cat","embeddable":true,"href":"https:\/\/www.magnolioworld.com\/green-ch\/wp-json\/wp\/v2\/product_cat?post=781"},{"taxonomy":"product_tag","embeddable":true,"href":"https:\/\/www.magnolioworld.com\/green-ch\/wp-json\/wp\/v2\/product_tag?post=781"}],"curies":[{"name":"wp","href":"https:\/\/api.w.org\/{rel}","templated":true}]}}