{"id":767,"date":"2020-04-22T14:01:37","date_gmt":"2020-04-22T12:01:37","guid":{"rendered":"https:\/\/www.magnolio.shop\/touch-kit-touch-kit\/"},"modified":"2025-05-06T11:15:19","modified_gmt":"2025-05-06T09:15:19","slug":"doterra-touch-kit","status":"publish","type":"product","link":"https:\/\/www.magnolioworld.com\/green-ch\/doterra-touch-kit\/","title":{"rendered":"doTERRA Touch Kit"},"content":{"rendered":"<p>Die Allesk\u00f6nner Roll-On (doTERRA Touch Kit) sind der ideale Einstieg in die fantastische Welt der hochwertigen \u00e4therischen \u00d6le von doTERRA f\u00fcr dich und die ganze Familie. Mit den 9 wichtigsten \u00e4therischen \u00d6len und \u00d6lmischungen bist du zu Hause und unterwegs gut gewappnet. Du hast immer das passende \u00d6l dabei, um f\u00fcr viele k\u00f6rperlichen und emotionalen Themen perfekt ger\u00fcstet zu sein. Denn alle \u00d6le haben auch eine emotionale Wirkung.<\/p>\n<p>Die hochwertigen \u00e4therischen \u00d6le von doTERRA sind f\u00fcr die ganze Familie vom Kleinkind bis zu den Grosseltern geeignet und leisten auch bei deinen Haustieren wertvolle Unterst\u00fctzung f\u00fcr das Wohlbefinden.<br \/>\nAusserdem bist du perfekt f\u00fcr einen Haushalt mit der Kraft der reinen Natur.<\/p>\n<p>Im doTERRA Touch Kit erh\u00e4ltst du alle \u00d6le in praktischen und gebrauchsfertigen Roll-Ons. Ideal auch f\u00fcr die Reise oder die unkomplizierte Anwendung f\u00fcr zwischendurch.<\/p>\n<p>Geniesse eine schnelle und regenerierende Spa-Anwendung jederzeit. Trage dazu die \u00d6le auf die Pulspunkte der H\u00e4nde auf und inhaliere tief mit 4-5 Atemz\u00fcgen, um die aromatische Wirkung zu sp\u00fcren. Dabei sind die \u00d6le Lavendel zur Entspannung und Weihrauch zur Beruhigung, Regenerierung und Angstl\u00f6sung besonders gut geeignet.<\/p>\n<p>Nutze auch die erfrischende Wirkung der Pfefferminze bei M\u00fcdigkeit und Abgeschlagenheit im B\u00fcro oder an einem anstrengenden Tag. Ideal auch zum Munterbleiben bei langen Autofahrten. Ausserdem ist Pfefferminze hervorragend zur K\u00fchlung im Nacken und an den Schl\u00e4fen geeignet. In Abwechslung mit der lindernden Mischung Deep Blue k\u00f6nnen auch Verspannungen im Nacken- und Schulterbereich schnell gelindert werden.<br \/>\nDie Verdauungsmischung ZenGest kann wunderbar direkt auf den Bauchbereich im Uhrzeigersinn aufgetragen werden. Alle anderen Touchs k\u00f6nnen ebenfalls direkt auf die betroffene Stelle bzw. die Fusssohlen und dort auch auf den Reflexpunkten aufgetragen werden.<\/p>\n<p>Die Allesk\u00f6nner Roll-On (doTERRA Touch KIt) enthalten 5 Einzel\u00f6le sowie 4 spezielle doTERRA \u00d6lemischungen f\u00fcr die 4 wichtigsten Anwendungsbereiche.<\/p>\n<p><strong>Inhalt:<\/strong><br \/>\nEinzel\u00f6le (10 ml Roll-On): <br \/>\n1x Weihrauch ( Der K\u00f6nig der \u00d6le)<br \/>\n1x Lavendel (Der Entspannungsexperte)<br \/>\n1x Pfefferminze (Frischer Kopf und Geist)<br \/>\n1x Oregano (Der st\u00e4rkste Abwehr-Boost)<br \/>\n1x Teebaum (Der Allesreiniger)<\/p>\n<p>Mischungen (10 ml Roll-On):<br \/>\n1x doTERRA OnGuard (Sch\u00fctzende Mischung)<br \/>\n1x doTERRA Air (Atemwegsmischung)<br \/>\n1x doTERRA ZenGest (Verdauungsmischung)<br \/>\n1x doTERRA Deep Blue (Lindernde Mischung f\u00fcr den Bewegungsapparat)<\/p>\n<p><strong>Empfehlung<\/strong><br \/>\nBeachte die Empfehlungen bei den einzelnen Produkten.<\/p>\n<p><strong>Sichere Anwendung<br \/>\n<\/strong>Beachte die Hinweise bei den einzelnen Produkten.<\/p>\n","protected":false},"excerpt":{"rendered":"<h2 style=\"font-size: 28px;\">Allesk\u00f6nner Roll-On Paket<\/h2>\n<p>Die Allesk\u00f6nner Roll-On (doTERRA Touch Kit) sind der ideale Einstieg in die fantastische Welt der \u00e4therischen \u00d6le f\u00fcr dich und die ganze Familie. Mit den 9 wichtigsten \u00e4therischen \u00d6len und \u00d6lmischungen bist du zu Hause und unterwegs gut gewappnet. Du hast immer das passende \u00d6l dabei, um f\u00fcr viele k\u00f6rperlichen und emotionalen Themen perfekt ger\u00fcstet zu sein. Denn alle \u00d6le haben auch eine emotionale Wirkung.<\/p>\n","protected":false},"featured_media":5518,"template":"","meta":{"_et_pb_use_builder":"","_et_pb_old_content":"","_et_gb_content_width":""},"product_cat":[15,1921,36],"product_tag":[433],"_links":{"self":[{"href":"https:\/\/www.magnolioworld.com\/green-ch\/wp-json\/wp\/v2\/product\/767"}],"collection":[{"href":"https:\/\/www.magnolioworld.com\/green-ch\/wp-json\/wp\/v2\/product"}],"about":[{"href":"https:\/\/www.magnolioworld.com\/green-ch\/wp-json\/wp\/v2\/types\/product"}],"wp:featuredmedia":[{"embeddable":true,"href":"https:\/\/www.magnolioworld.com\/green-ch\/wp-json\/wp\/v2\/media\/5518"}],"wp:attachment":[{"href":"https:\/\/www.magnolioworld.com\/green-ch\/wp-json\/wp\/v2\/media?parent=767"}],"wp:term":[{"taxonomy":"product_cat","embeddable":true,"href":"https:\/\/www.magnolioworld.com\/green-ch\/wp-json\/wp\/v2\/product_cat?post=767"},{"taxonomy":"product_tag","embeddable":true,"href":"https:\/\/www.magnolioworld.com\/green-ch\/wp-json\/wp\/v2\/product_tag?post=767"}],"curies":[{"name":"wp","href":"https:\/\/api.w.org\/{rel}","templated":true}]}}