{"id":765,"date":"2020-04-22T14:01:36","date_gmt":"2020-04-22T12:01:36","guid":{"rendered":"https:\/\/www.magnolio.shop\/veggie-caps-veggie-leer-kapseln\/"},"modified":"2025-11-17T15:48:17","modified_gmt":"2025-11-17T14:48:17","slug":"doterra-veggie-caps","status":"publish","type":"product","link":"https:\/\/www.magnolioworld.com\/green-ch\/doterra-veggie-caps\/","title":{"rendered":"doTERRA Veggie Caps"},"content":{"rendered":"<p><strong>doTERRA Veggie Caps<\/strong> &#8211; die sichere Einnahme von scharfen \u00d6len<\/p>\n<p>Wenn du doTERRA \u00d6le oder \u00d6lmischungen innerlich einnehmen m\u00f6chtest, dann empfehlen sich Veggie Caps. Diese leeren Kapseln werden mit den \u00d6len Ihrer Wahl gef\u00fcllt und k\u00f6nnen dann problemlos geschluckt werden. Gerade bei &#8220;scharfen&#8221; \u00d6len wie Oregano sind die Kapseln ein Muss.<\/p>\n<p>Die Kapsel sind vegan und zersetzen sich gezielt im Verdauungsbereich, sodass sie dort die besten Effekte erzielen. Dies ist gerade ideal f\u00fcr \u00d6lmischungen, aber auch alle \u00d6le, die gezielt dort ankommen sollen.<\/p>\n","protected":false},"excerpt":{"rendered":"<h2 style=\"font-size: 28px;\">Die sichere Einnahme von scharfen \u00d6len<\/h2>\n<p>doTERRA Veggie Caps &#8211; die sichere Einnahme von scharfen \u00d6len. Aber auch allen \u00d6len, die direkt in den Verdauungsbereich gelangen sollen.<\/p>\n","protected":false},"featured_media":3628,"template":"","meta":{"_et_pb_use_builder":"","_et_pb_old_content":"","_et_gb_content_width":""},"product_cat":[15,2106,57,36,38,41,42,43,48,45,47],"product_tag":[430,431],"_links":{"self":[{"href":"https:\/\/www.magnolioworld.com\/green-ch\/wp-json\/wp\/v2\/product\/765"}],"collection":[{"href":"https:\/\/www.magnolioworld.com\/green-ch\/wp-json\/wp\/v2\/product"}],"about":[{"href":"https:\/\/www.magnolioworld.com\/green-ch\/wp-json\/wp\/v2\/types\/product"}],"wp:featuredmedia":[{"embeddable":true,"href":"https:\/\/www.magnolioworld.com\/green-ch\/wp-json\/wp\/v2\/media\/3628"}],"wp:attachment":[{"href":"https:\/\/www.magnolioworld.com\/green-ch\/wp-json\/wp\/v2\/media?parent=765"}],"wp:term":[{"taxonomy":"product_cat","embeddable":true,"href":"https:\/\/www.magnolioworld.com\/green-ch\/wp-json\/wp\/v2\/product_cat?post=765"},{"taxonomy":"product_tag","embeddable":true,"href":"https:\/\/www.magnolioworld.com\/green-ch\/wp-json\/wp\/v2\/product_tag?post=765"}],"curies":[{"name":"wp","href":"https:\/\/api.w.org\/{rel}","templated":true}]}}