{"id":759,"date":"2020-04-22T14:01:35","date_gmt":"2020-04-22T12:01:35","guid":{"rendered":"https:\/\/www.magnolio.shop\/immune-booster-kit-immune-booster-kit\/"},"modified":"2025-10-15T17:52:35","modified_gmt":"2025-10-15T15:52:35","slug":"doterra-immune-booster-kit","status":"publish","type":"product","link":"https:\/\/www.magnolioworld.com\/green-ch\/doterra-immune-booster-kit\/","title":{"rendered":"doTERRA Immune Booster Kit"},"content":{"rendered":"<p>Das <strong>doTERRA Immune Booster Kit<\/strong> ist deine Grundversorgung, wenn es um deinen Schutz vor unerw\u00fcnschten Eindringlingen geht. Alle Produkte haben besondere Eigenschaften, die dich wie ein Abwehrschirm sch\u00fctzen.<\/p>\n<p>Das Kit enth\u00e4lt wichtige Produkte aus der sch\u00fctzenden und immunst\u00e4rkenden On Guard Reihe, wie z.B. die On Guard Mischung, die On Guard Handseife zur optimalen Reinigung und die On Guard Toothpaste zur idealen Zahnhygiene. Ausserdem die reinigenden und stimmungsaufhellenden Zitrone und Grapefruit.<\/p>\n<p>Mit dieser Kombination hast du sowohl k\u00f6rperlich als auch energetisch einen zuverl\u00e4ssigen Abwehrschirm<\/p>\n<p>doTERRA Immune Booster Kit &#8211; Das ideale Paket f\u00fcr eine starke Immunabwehr.<\/p>\n<p><strong>Empfehlung<\/strong><br \/>\nBeachte die Empfehlungen bei den einzelnen Produkten.<\/p>\n<p><strong>Sichere Anwendung<br \/>\n<\/strong>Beachte die Hinweise bei den einzelnen Produkten.<\/p>\n","protected":false},"excerpt":{"rendered":"<h2 style=\"font-size: 28px;\">Immune Paket<\/h2>\n<p>doTERRA Immune Booster Kit &#8211; Das ideale Paket f\u00fcr eine starke Immunabwehr. Es enth\u00e4lt wichtige Produkte aus der sch\u00fctzenden und immunst\u00e4rkenden On Guard Reihe und ausserdem die reinigenden und stimmungsaufhellenden Zitrone und Grapefruit<\/p>\n","protected":false},"featured_media":1344,"template":"","meta":{"_et_pb_use_builder":"","_et_pb_old_content":"","_et_gb_content_width":""},"product_cat":[15,1921,43,1971],"product_tag":[423],"_links":{"self":[{"href":"https:\/\/www.magnolioworld.com\/green-ch\/wp-json\/wp\/v2\/product\/759"}],"collection":[{"href":"https:\/\/www.magnolioworld.com\/green-ch\/wp-json\/wp\/v2\/product"}],"about":[{"href":"https:\/\/www.magnolioworld.com\/green-ch\/wp-json\/wp\/v2\/types\/product"}],"wp:featuredmedia":[{"embeddable":true,"href":"https:\/\/www.magnolioworld.com\/green-ch\/wp-json\/wp\/v2\/media\/1344"}],"wp:attachment":[{"href":"https:\/\/www.magnolioworld.com\/green-ch\/wp-json\/wp\/v2\/media?parent=759"}],"wp:term":[{"taxonomy":"product_cat","embeddable":true,"href":"https:\/\/www.magnolioworld.com\/green-ch\/wp-json\/wp\/v2\/product_cat?post=759"},{"taxonomy":"product_tag","embeddable":true,"href":"https:\/\/www.magnolioworld.com\/green-ch\/wp-json\/wp\/v2\/product_tag?post=759"}],"curies":[{"name":"wp","href":"https:\/\/api.w.org\/{rel}","templated":true}]}}