{"id":756,"date":"2020-04-22T14:01:34","date_gmt":"2020-04-22T12:01:34","guid":{"rendered":"https:\/\/www.magnolio.shop\/essential-aromatics-touch-essential-aromatics-touch\/"},"modified":"2025-06-04T13:24:49","modified_gmt":"2025-06-04T11:24:49","slug":"doterra-essential-aromatics-touch-kit","status":"publish","type":"product","link":"https:\/\/www.magnolioworld.com\/green-ch\/doterra-essential-aromatics-touch-kit\/","title":{"rendered":"doTERRA Essential Aromatics Touch Kit"},"content":{"rendered":"<p>Das<strong> doterra Essential Aromatics Touch Kit <\/strong>&#8211; Aromatherapie to go<\/p>\n<p>Das Kit ist eine einfache, aber fundierte M\u00f6glichkeit der professionellen Aromatherapie. Es k\u00f6nnen dabei einzelne \u00e4therische \u00d6le mit grosser Wirksamkeit verwendet werden. Mit sechs Kategorien des emotionalen Wohlbefindens k\u00f6nnen erfahrene Aromatherapeuten negative Emotionen behandeln, wechselnde Stimmungen ausgleichen und aufhellen. Die \u00d6le k\u00f6nnen sowohl aromatisch verwendet werden, als auch direkt auf die Haut aufgebracht werden.<\/p>\n<p>Mit nur ein paar Tropfen dieser von Natur aus komplexen, duftenden Mischungen kannst du tiefgreifende emotionale Reaktionen hervorrufen, um dich von Belastungen zu befreien, Trost und Ermutigung zu finden oder dich zu inspirieren, wieder mit Leidenschaft zu tr\u00e4umen.<\/p>\n<p>Im <strong>doTERRA Essential Aromatics Touch Kit<\/strong> sind die emotionalen \u00d6le im praktischen gebrauchsfertigen Touch zum Mitnehmen. Ideal auf die Pulspunkte, Chakren oder Reflexzonen aufzutragen.<\/p>\n<p><strong>Empfehlung<\/strong><br \/>\nBeachte die Empfehlungen bei den einzelnen Produkten.<\/p>\n<p><strong>Sichere Anwendung<br \/>\n<\/strong>Beachte die Hinweise bei den einzelnen Produkten.<\/p>\n","protected":false},"excerpt":{"rendered":"<h2 style=\"font-size: 28px;\">Emotionale \u00d6le Roll-On Paket<\/h2>\n","protected":false},"featured_media":5513,"template":"","meta":{"_et_pb_use_builder":"","_et_pb_old_content":"","_et_gb_content_width":""},"product_cat":[15,51,1921,40],"product_tag":[419],"_links":{"self":[{"href":"https:\/\/www.magnolioworld.com\/green-ch\/wp-json\/wp\/v2\/product\/756"}],"collection":[{"href":"https:\/\/www.magnolioworld.com\/green-ch\/wp-json\/wp\/v2\/product"}],"about":[{"href":"https:\/\/www.magnolioworld.com\/green-ch\/wp-json\/wp\/v2\/types\/product"}],"wp:featuredmedia":[{"embeddable":true,"href":"https:\/\/www.magnolioworld.com\/green-ch\/wp-json\/wp\/v2\/media\/5513"}],"wp:attachment":[{"href":"https:\/\/www.magnolioworld.com\/green-ch\/wp-json\/wp\/v2\/media?parent=756"}],"wp:term":[{"taxonomy":"product_cat","embeddable":true,"href":"https:\/\/www.magnolioworld.com\/green-ch\/wp-json\/wp\/v2\/product_cat?post=756"},{"taxonomy":"product_tag","embeddable":true,"href":"https:\/\/www.magnolioworld.com\/green-ch\/wp-json\/wp\/v2\/product_tag?post=756"}],"curies":[{"name":"wp","href":"https:\/\/api.w.org\/{rel}","templated":true}]}}