{"id":755,"date":"2020-04-22T14:01:34","date_gmt":"2020-04-22T12:01:34","guid":{"rendered":"https:\/\/www.magnolio.shop\/essential-aromatics-kit-essential-aromatics-kit\/"},"modified":"2025-05-06T11:17:54","modified_gmt":"2025-05-06T09:17:54","slug":"doterra-essential-aromatics-kit","status":"publish","type":"product","link":"https:\/\/www.magnolioworld.com\/green-ch\/doterra-essential-aromatics-kit\/","title":{"rendered":"doTERRA Essential Aromatics Kit"},"content":{"rendered":"<p>Das <strong>doTERRA Essential Aromatics Kit<\/strong> ist eine wundervolle M\u00f6glichkeit der professionellen Aromatherapie. Es k\u00f6nnen dabei einzelne \u00e4therische \u00d6le mit grosser Wirksamkeit verwendet werden. Mit sechs Kategorien des emotionalen Wohlbefindens k\u00f6nnen erfahrene Aromatherapeuten negative Emotionen behandeln, wechselnde Stimmungen ausgleichen und aufhellen. Die \u00d6le k\u00f6nnen sowohl aromatisch im Diffuser verwendet, als auch direkt auf die Haut und die Pulspunkte aufgetragen werden.<\/p>\n<p>Nur ein paar Tropfen dieser komplexen und hochwertigen \u00d6lmischungen kannst du tiefgreifende positive emotionale Reaktionen hervorrufen. Sei es Trauer zu \u00fcberwinden, neue Motivation zu bekommen, loslassen zu k\u00f6nnen, inneren Frieden mit sich und anderen zu finden und neue Leidenschaft f\u00fcr dein Leben zu finden.<\/p>\n<p>Mit dem <strong>Emotionale \u00d6le Paket<\/strong> von doTERRA hast du auf jede Emotion eine passende positive Antwort.<\/p>\n<p><strong>Empfehlung<\/strong><br \/>\nBeachte die Empfehlungen bei den einzelnen Produkten.<\/p>\n<p><strong>Sichere Anwendung<br \/>\n<\/strong>Beachte die Hinweise bei den einzelnen Produkten.<\/p>\n","protected":false},"excerpt":{"rendered":"<h2 style=\"font-size: 28px;\">Emotionale \u00d6le Paket<\/h2>\n","protected":false},"featured_media":5512,"template":"","meta":{"_et_pb_use_builder":"","_et_pb_old_content":"","_et_gb_content_width":""},"product_cat":[15,51,1921,40],"product_tag":[418],"_links":{"self":[{"href":"https:\/\/www.magnolioworld.com\/green-ch\/wp-json\/wp\/v2\/product\/755"}],"collection":[{"href":"https:\/\/www.magnolioworld.com\/green-ch\/wp-json\/wp\/v2\/product"}],"about":[{"href":"https:\/\/www.magnolioworld.com\/green-ch\/wp-json\/wp\/v2\/types\/product"}],"wp:featuredmedia":[{"embeddable":true,"href":"https:\/\/www.magnolioworld.com\/green-ch\/wp-json\/wp\/v2\/media\/5512"}],"wp:attachment":[{"href":"https:\/\/www.magnolioworld.com\/green-ch\/wp-json\/wp\/v2\/media?parent=755"}],"wp:term":[{"taxonomy":"product_cat","embeddable":true,"href":"https:\/\/www.magnolioworld.com\/green-ch\/wp-json\/wp\/v2\/product_cat?post=755"},{"taxonomy":"product_tag","embeddable":true,"href":"https:\/\/www.magnolioworld.com\/green-ch\/wp-json\/wp\/v2\/product_tag?post=755"}],"curies":[{"name":"wp","href":"https:\/\/api.w.org\/{rel}","templated":true}]}}