{"id":752,"date":"2020-04-22T14:01:34","date_gmt":"2020-04-22T12:01:34","guid":{"rendered":"https:\/\/www.magnolio.shop\/gx-assist-pb-assist-reinigen-wiederherstellen-gx-assist-pb-assist\/"},"modified":"2024-05-17T22:00:53","modified_gmt":"2024-05-17T20:00:53","slug":"doterra-gx-assist-and-pb-assist","status":"publish","type":"product","link":"https:\/\/www.magnolioworld.com\/green-ch\/doterra-gx-assist-and-pb-assist\/","title":{"rendered":"doTERRA GX Assist and PB Assist"},"content":{"rendered":"<p><strong>doTERRA GX Assist and PB Assist<\/strong> &#8211; F\u00fcr eine optimale Verdauung.<\/p>\n<p>Beide sind zwei aufeinander aufbauende Komplexe zur Erhaltung und Wiedererlangung eines intakten Verdauungstraktes.<\/p>\n<p><strong>doTERRA GX Assist<\/strong> ist eine Kombination aus CPTG-zertifizierten \u00e4therischen \u00d6len und Capryls\u00e4ure. Es unterst\u00fctzt den Erhalt eines gesunden Verdauungstraktes. Die Einnahme von GX Assist ist die Voraussetzung f\u00fcr alle nachfolgende Schritte zur Erlangung eines starken Verdauungssystems.<\/p>\n<p><strong>doTERRA PB Assist<\/strong> enth\u00e4lt eine Rezeptur probiotischer Ballaststoffe und sechs St\u00e4mme probiotischer Mikroorganismen in einer einzigartigen pflanzlichen Doppelkammer-Kapsel. In dieser stecken 6 Milliarden koloniebildende Einheiten (KBE) aktiver probiotischer Kulturen und l\u00f6sliche pr\u00e4biotische FOS (Fructo-Oligosaccharide), die das Wachstum n\u00fctzlicher Bakterien f\u00f6rdern. Die durch das Doppelkammersystem zeitverz\u00f6gerte Freigabe sch\u00fctzt die empfindlichen probiotischen Kulturen vor der Magens\u00e4ure. PB Assist+ bietet eine einzigartige, sichere und wirksame L\u00f6sung, die allbekannten Vorteile der Probiotika auch zum Wohl des Immunsystems zu nutzen.<\/p>\n<p>Es empfiehlt sich, vor Verwendung der probiotischen Mischung PB Assist eine 10t\u00e4gige Reinigung mit GX Assist durchzuf\u00fchren.<\/p>\n<p>Mit doTERRA GX Assist and PB Assist hast du alles, um deine Verdauung optimal zu unterst\u00fctzen.<\/p>\n<p><strong>Empfehlung<\/strong><br \/>\nGX Assist &#8211; 1 Softgel t\u00e4glich<br \/>\nPB Assist &#8211; 3 Kapseln t\u00e4glich zu den Mahlzeiten <br \/>\nDie reinigende Mischung GX Assist ist die optimale Vorbereitung f\u00fcr die anschliessende Einnahme der probiotischen Mischung PB Assist.<\/p>\n<p><strong>Sichere Verwendung<\/strong><br \/>\nAu\u00dferhalb der Reichweite von Kindern aufbewahren. Achte darauf, die empfohlene t\u00e4gliche Dosis nicht zu \u00fcberschreiten. Bitte beachte, dass Nahrungserg\u00e4nzungen eine vollwertige und ausgeglichene Ern\u00e4hrung sowie einen gesunden Lebensstil nicht ersetzen k\u00f6nnen. Schwangere und Stillende sowie Menschen mit bekannten gesundheitlichen Schwierigkeiten vor der Einnahme \u00e4rztlichen Rat einholen. Aufbewahrung an einem k\u00fchlen, trockenen Ort. Dabei bitte das Mindesthaltbarkeitsdatum (siehe Flaschenboden) beachten.<\/p>\n","protected":false},"excerpt":{"rendered":"<h2 style=\"font-size: 28px; text-align: left;\">Reinigung &amp; Wiederherstellung<\/h2>\n<p>doTERRA GX Assist and PB Assist &#8211; Bietet alles, um deine Verdauung optimal zu unterst\u00fctzen. W\u00e4hrend GX Assist reinigend wirkt, unterst\u00fctzt PB Assist den Aufbau der wertvollen Darmflora durch probiotische Kulturen.<\/p>\n","protected":false},"featured_media":3199,"template":"","meta":{"_et_pb_use_builder":"","_et_pb_old_content":"","_et_gb_content_width":""},"product_cat":[15,52,44,47,1943,1947,1989],"product_tag":[414,415],"_links":{"self":[{"href":"https:\/\/www.magnolioworld.com\/green-ch\/wp-json\/wp\/v2\/product\/752"}],"collection":[{"href":"https:\/\/www.magnolioworld.com\/green-ch\/wp-json\/wp\/v2\/product"}],"about":[{"href":"https:\/\/www.magnolioworld.com\/green-ch\/wp-json\/wp\/v2\/types\/product"}],"wp:featuredmedia":[{"embeddable":true,"href":"https:\/\/www.magnolioworld.com\/green-ch\/wp-json\/wp\/v2\/media\/3199"}],"wp:attachment":[{"href":"https:\/\/www.magnolioworld.com\/green-ch\/wp-json\/wp\/v2\/media?parent=752"}],"wp:term":[{"taxonomy":"product_cat","embeddable":true,"href":"https:\/\/www.magnolioworld.com\/green-ch\/wp-json\/wp\/v2\/product_cat?post=752"},{"taxonomy":"product_tag","embeddable":true,"href":"https:\/\/www.magnolioworld.com\/green-ch\/wp-json\/wp\/v2\/product_tag?post=752"}],"curies":[{"name":"wp","href":"https:\/\/api.w.org\/{rel}","templated":true}]}}