{"id":749,"date":"2020-04-22T14:01:34","date_gmt":"2020-04-22T12:01:34","guid":{"rendered":"https:\/\/www.magnolio.shop\/trio-fuer-anfaenger-15ml-trio-fuer-anfaenger-15ml\/"},"modified":"2025-05-06T11:19:31","modified_gmt":"2025-05-06T09:19:31","slug":"doterra-beginners-trio","status":"publish","type":"product","link":"https:\/\/www.magnolioworld.com\/green-ch\/doterra-beginners-trio\/","title":{"rendered":"doTERRA Beginners Trio"},"content":{"rendered":"<p>Das <strong>doTERRA Beginners Trio<\/strong> ist das ideale Startset f\u00fcr Anf\u00e4nger. Es ist eine einfache, aber fundierte M\u00f6glichkeit in die Welt der \u00d6le einzusteigen.<\/p>\n<p>Mit den \u00e4therischen \u00d6len Lavendel, Zitrone und Pfefferminze hast du im doTERRA Beginners Trio einen Grundstock an grosser Wirksamkeit bei unterschiedlichen Beschwerden. Die \u00d6le k\u00f6nnen sowohl aromatisch verwendet werden, als auch direkt auf die Haut aufgebracht werden. Mit 1-2 Tropfen Zitrone kann auch wunderbar das Trinkwasser aromatisiert und gleichzeitig der K\u00f6rper entgiftet werden.<\/p>\n<p>Mit nur ein paar Tropfen dieser von Natur aus komplexen, duftenden Mischungen kannst du tiefgreifende emotionale Reaktionen hervorrufen, um dich von Belastungen zu befreien, Trost und Ermutigung zu finden oder dich zu inspirieren, wieder mit Leidenschaft zu tr\u00e4umen.<\/p>\n<p>Gerade mit dieser Kombination hast du die ideale M\u00f6glichkeit unbeschwert durch die Jahreszeiten zu kommen sowie auch zur optimalen Lernunterst\u00fctzung.<\/p>\n<p>Ein ideales Geschenk f\u00fcr \u00d6le-Einsteiger oder als duftende Beigabe.<\/p>\n<p><strong>Empfehlung<\/strong><br \/>\nBeachte die Empfehlungen bei den einzelnen Produkten.<\/p>\n<p><strong>Sichere Anwendung<br \/>\n<\/strong>Beachte die Hinweise bei den einzelnen Produkten.<\/p>\n","protected":false},"excerpt":{"rendered":"<h2 style=\"font-size: 28px;\">Trio f\u00fcr Anf\u00e4nger<\/h2>\n<p>Das doTERRA Beginners Trio ist das ideale Startset f\u00fcr Anf\u00e4nger. Es ist eine einfache, aber fundierte M\u00f6glichkeit in die Welt der \u00d6le einzusteigen. Die am h\u00e4ufigsten verwendeten \u00e4therischen \u00d6le wie Zitrone, Lavendel und Pfefferminze sind darin enthalten.<\/p>\n","protected":false},"featured_media":5662,"template":"","meta":{"_et_pb_use_builder":"","_et_pb_old_content":"","_et_gb_content_width":""},"product_cat":[15,1921,36,37,46,1957],"product_tag":[411],"_links":{"self":[{"href":"https:\/\/www.magnolioworld.com\/green-ch\/wp-json\/wp\/v2\/product\/749"}],"collection":[{"href":"https:\/\/www.magnolioworld.com\/green-ch\/wp-json\/wp\/v2\/product"}],"about":[{"href":"https:\/\/www.magnolioworld.com\/green-ch\/wp-json\/wp\/v2\/types\/product"}],"wp:featuredmedia":[{"embeddable":true,"href":"https:\/\/www.magnolioworld.com\/green-ch\/wp-json\/wp\/v2\/media\/5662"}],"wp:attachment":[{"href":"https:\/\/www.magnolioworld.com\/green-ch\/wp-json\/wp\/v2\/media?parent=749"}],"wp:term":[{"taxonomy":"product_cat","embeddable":true,"href":"https:\/\/www.magnolioworld.com\/green-ch\/wp-json\/wp\/v2\/product_cat?post=749"},{"taxonomy":"product_tag","embeddable":true,"href":"https:\/\/www.magnolioworld.com\/green-ch\/wp-json\/wp\/v2\/product_tag?post=749"}],"curies":[{"name":"wp","href":"https:\/\/api.w.org\/{rel}","templated":true}]}}