{"id":743,"date":"2020-04-22T14:01:33","date_gmt":"2020-04-22T12:01:33","guid":{"rendered":"https:\/\/www.magnolio.shop\/cleanse-restore-kit-with-llv-deu-cleanse-restore-kit-with-llv-deu\/"},"modified":"2025-09-02T12:42:23","modified_gmt":"2025-09-02T10:42:23","slug":"doterra-cleanse-and-restore-kit","status":"publish","type":"product","link":"https:\/\/www.magnolioworld.com\/green-ch\/doterra-cleanse-and-restore-kit\/","title":{"rendered":"doTERRA Cleanse and Restore Kit"},"content":{"rendered":"<p><strong>doTERRA Cleanse and Restore Kit<\/strong> &#8211; Das ideale Entgiftungs- und Erneuerungspaket &#8211; Neue noch wirkungsvollere Zusammenstellung<\/p>\n<p>Dieses Kit sorgt f\u00fcr Gesundheit und hilft, diese wieder in die richtigen Bahnen zu bringen. Es beinhaltet ausgesuchte Produkte, die den K\u00f6rper bei der Wiederherstellung der vitalen K\u00f6rperfunktionen unterst\u00fctzen und vorbeugende Effekte besitzen.<\/p>\n<p><span style=\"text-decoration: underline;\">Im doTERRA Cleanse and Restore Kit sind folgende Produkte enthalten:<\/span><br \/>\n<span style=\"color: #000000;\"><a class=\"item product-whats-inside__info-list-item active\" style=\"color: #000000;\" data-js-wi-tab=\"\" data-target=\"#tab1\">DDR Prime Softgels &#8211; Zellerneuerung<br \/>\n<\/a>GX<\/span><a class=\"item product-whats-inside__info-list-item\" style=\"color: #000000;\" data-js-wi-tab=\"\" data-target=\"#tab2\"> Assist\u2122 &#8211; Magen- und Darmreinigung<\/a><span style=\"color: #000000;\"><a class=\"item product-whats-inside__info-list-item\" style=\"color: #000000;\" data-js-wi-tab=\"\" data-target=\"#tab2\"><br \/>\n<\/a><a class=\"item product-whats-inside__info-list-item\" style=\"color: #000000;\" data-js-wi-tab=\"\" data-target=\"#tab3\">d\u014dTERRA Lifelong Vitality Pack\u2122- <\/a><a class=\"item product-whats-inside__info-list-item\" data-js-wi-tab=\"\" data-target=\"#tab2\"><span style=\"color: #000000;\">Nahrungserg\u00e4nzungsmittel<\/span><\/a><a class=\"item product-whats-inside__info-list-item\" style=\"color: #000000;\" data-js-wi-tab=\"\" data-target=\"#tab3\"><br \/>\n<\/a><a class=\"item product-whats-inside__info-list-item\" style=\"color: #000000;\" data-js-wi-tab=\"\" data-target=\"#tab4\">PB Assist\u2122-NEU! 30 Pro- und Pr\u00e4biotika<br \/>\n<\/a><a class=\"item product-whats-inside__info-list-item\" style=\"color: #000000;\" data-js-wi-tab=\"\" data-target=\"#tab5\"> TerraZyme\u2122 <\/a> <a class=\"item product-whats-inside__info-list-item\" style=\"color: #000000;\" data-js-wi-tab=\"\" data-target=\"#tab6\"> &#8211; NEU formuliert &#8211; Verdauungsenzyme<br \/>\nZendocrine\u2122 Softgels <\/a> <a class=\"item product-whats-inside__info-list-item\" style=\"color: #000000;\" data-js-wi-tab=\"\" data-target=\"#tab7\"> &#8211; Entgiftung und Unterst\u00fctzung Leber und Darm<br \/>\nZendocrine Complex &#8211; Neu formuliert<\/a> <a class=\"item product-whats-inside__info-list-item\" style=\"color: #000000;\" data-js-wi-tab=\"\" data-target=\"#tab8\"> &#8211; Unterst\u00fctzung der Verdauungsorgane<br \/>\nThe d\u014dTERRA Essentials Booklet <\/p>\n<p><\/a><\/span>Ein Rundum-Wohlf\u00fchlpaket f\u00fcr den K\u00f6rper, am besten im Rahmen einer Detox-Kur zweimal j\u00e4hrlich (z.B. Fr\u00fchjahr und Herbst) zu nutzen.<br \/>\nJetzt in neuer noch wirksamerer Zusammenstellung.<\/p>\n<p><strong>Empfehlung<\/strong><br \/>\nBeachte die Empfehlungen bei den einzelnen Produkten.<\/p>\n<p><strong>Sichere Anwendung<br \/>\n<\/strong>Beachte die Hinweise bei den einzelnen Produkten.<\/p>\n<div class=\"notranslate\" style=\"all: initial;\">\u00a0<\/div>\n","protected":false},"excerpt":{"rendered":"<h2 style=\"font-size: 28px;\">Entgiftung und Erneuerung Paket &#8211; Neue noch wirksamere Zusammenstellung<\/h2>\n<p><span style=\"font-size: 28px; color: #e20000; font-weight: bold;\">20 % sparen<\/span><\/p>\n<p>doTERRA Cleanse and Restore Kit ist das ideale Entgiftungs- und Erneuerungspaket. F\u00fcr einen rundum Wohlf\u00fchleffekt f\u00fcr K\u00f6rper und Geist. Ideal als Detox-Kur 2 x im Jahr.<\/p>\n","protected":false},"featured_media":14897,"template":"","meta":{"_et_pb_use_builder":"","_et_pb_old_content":"","_et_gb_content_width":""},"product_cat":[15,49,44,1944],"product_tag":[405],"_links":{"self":[{"href":"https:\/\/www.magnolioworld.com\/green-ch\/wp-json\/wp\/v2\/product\/743"}],"collection":[{"href":"https:\/\/www.magnolioworld.com\/green-ch\/wp-json\/wp\/v2\/product"}],"about":[{"href":"https:\/\/www.magnolioworld.com\/green-ch\/wp-json\/wp\/v2\/types\/product"}],"wp:featuredmedia":[{"embeddable":true,"href":"https:\/\/www.magnolioworld.com\/green-ch\/wp-json\/wp\/v2\/media\/14897"}],"wp:attachment":[{"href":"https:\/\/www.magnolioworld.com\/green-ch\/wp-json\/wp\/v2\/media?parent=743"}],"wp:term":[{"taxonomy":"product_cat","embeddable":true,"href":"https:\/\/www.magnolioworld.com\/green-ch\/wp-json\/wp\/v2\/product_cat?post=743"},{"taxonomy":"product_tag","embeddable":true,"href":"https:\/\/www.magnolioworld.com\/green-ch\/wp-json\/wp\/v2\/product_tag?post=743"}],"curies":[{"name":"wp","href":"https:\/\/api.w.org\/{rel}","templated":true}]}}