{"id":741,"date":"2020-04-22T14:01:33","date_gmt":"2020-04-22T12:01:33","guid":{"rendered":"https:\/\/www.magnolio.shop\/natural-solutions-kit-deu-premium-paket\/"},"modified":"2025-09-02T12:42:46","modified_gmt":"2025-09-02T10:42:46","slug":"doterra-natural-solutions-kit","status":"publish","type":"product","link":"https:\/\/www.magnolioworld.com\/green-ch\/doterra-natural-solutions-kit\/","title":{"rendered":"doTERRA Natural Solutions Kit"},"content":{"rendered":"<p>doTERRA Natural Solutions Kit &#8211; Das ideale Einsteigerset in die Welt der doTERRA \u00d6le, K\u00f6rperpflegeprodukte und Nahrungserg\u00e4nzungen<\/p>\n<p>Saniere dich von Grund auf mit dem Lifelong Vitality Pack und PB Assist, nutze die Haarpflegeprodukte von doTERRA, reinige Z\u00e4hne und Haut mit einzigartigen Produkten der Natur in diesem doTERRA Natural Solutions Kit.<br \/>\nEs besteht aus folgenden Bestandteilen:<\/p>\n<p>Inhalt:<br \/>\nEinzel\u00f6le (15 ml): <br \/>\n1x Weihrauch<br \/>\n1x Lavendel<br \/>\n1x Zitrone<br \/>\n1x Teebaum<br \/>\n1x Pefferminze<br \/>\n1x Wild Orange<\/p>\n<p>Mischungen (15 ml):<br \/>\n1x doTERRA Air<br \/>\n1x doTERRA AromaTouch<br \/>\n1x doTERRA Balance<br \/>\n1x doTERRA OnGuard<br \/>\n1x doTERRA Serenity<br \/>\n1x doTERRA ZenGest <\/p>\n<p>Mischungen (10 ml):<br \/>\n1x doTERRA PastTense<\/p>\n<p>On Guard Kollektion: <br \/>\n1x On Guard K\u00fcgelchen<br \/>\n1x On Guard Handw\u00e4sche mit zwei Spendern<br \/>\n1x On Guard Softgels<br \/>\n1x On Guard Zahnpasta <\/p>\n<p>Weitere Produkte:<br \/>\n1x doTERRA Air Vapour Stick<br \/>\n1x Correct-X<br \/>\n1x ZenGest TerraZyme<br \/>\n1x Deep Blue Salbe<br \/>\n1x Fraktioniertes Kokosnuss\u00f6l<br \/>\n1x Lumo Diffuser<br \/>\n1x PB Assist+<br \/>\n1x Salon Essentials Protecting Shampoo<br \/>\n1x Salon Essentials Smoothing Conditioner<br \/>\n1x Lifelong Vitality Pack<br \/>\n1x Willkommensbuch<br \/>\n1x Holzkiste f\u00fcr \u00d6le<\/p>\n<p>Starte mit dem Natural Solutions Kit in die doTERRA Welt.<\/p>\n<p><strong>Empfehlung<\/strong><br \/>\nBeachte die Empfehlungen bei den einzelnen Produkten.<\/p>\n<p><strong>Sichere Anwendung<br \/>\n<\/strong>Beachte die Hinweise bei den einzelnen Produkten.<\/p>\n","protected":false},"excerpt":{"rendered":"<h2 style=\"font-size: 28px;\">Premium Paket<\/h2>\n<p><span style=\"font-size: 28px; color: #e20000; font-weight: bold;\">38 % sparen<\/span><\/p>\n<p>Das doTERRA Natural Solutions Kit ist die vielf\u00e4ltige M\u00f6glichkeit in die Welt der \u00e4therischen \u00d6le einzusteigen. Die wichtigsten \u00d6le und \u00d6lmischungen sind in diesem Kit vorhanden, dazu noch wichtige Produkte der inneren und \u00e4usseren K\u00f6rperpflege.<\/p>\n","protected":false},"featured_media":5516,"template":"","meta":{"_et_pb_use_builder":"","_et_pb_old_content":"","_et_gb_content_width":""},"product_cat":[15,49],"product_tag":[401,402],"_links":{"self":[{"href":"https:\/\/www.magnolioworld.com\/green-ch\/wp-json\/wp\/v2\/product\/741"}],"collection":[{"href":"https:\/\/www.magnolioworld.com\/green-ch\/wp-json\/wp\/v2\/product"}],"about":[{"href":"https:\/\/www.magnolioworld.com\/green-ch\/wp-json\/wp\/v2\/types\/product"}],"wp:featuredmedia":[{"embeddable":true,"href":"https:\/\/www.magnolioworld.com\/green-ch\/wp-json\/wp\/v2\/media\/5516"}],"wp:attachment":[{"href":"https:\/\/www.magnolioworld.com\/green-ch\/wp-json\/wp\/v2\/media?parent=741"}],"wp:term":[{"taxonomy":"product_cat","embeddable":true,"href":"https:\/\/www.magnolioworld.com\/green-ch\/wp-json\/wp\/v2\/product_cat?post=741"},{"taxonomy":"product_tag","embeddable":true,"href":"https:\/\/www.magnolioworld.com\/green-ch\/wp-json\/wp\/v2\/product_tag?post=741"}],"curies":[{"name":"wp","href":"https:\/\/api.w.org\/{rel}","templated":true}]}}