{"id":740,"date":"2020-04-22T14:01:33","date_gmt":"2020-04-22T12:01:33","guid":{"rendered":"https:\/\/www.magnolio.shop\/aromatouch-diffused-kit-deu-aromatouch-diffused-kit-deu\/"},"modified":"2025-09-02T12:43:10","modified_gmt":"2025-09-02T10:43:10","slug":"doterra-aromatouch-diffused-kit","status":"publish","type":"product","link":"https:\/\/www.magnolioworld.com\/green-ch\/doterra-aromatouch-diffused-kit\/","title":{"rendered":"doTERRA AromaTouch Diffused Kit"},"content":{"rendered":"<p>Das doTERRA AromaTouch Diffused Kit &#8211; Eine einfache, aber fundierte M\u00f6glichkeit in die Welt der wundervollen speziell von doTERRA entwickelten Aromatouch-Technik einzusteigen. <\/p>\n<p>Dabei k\u00f6nnen unterschiedliche \u00e4therische \u00d6le mit grosser Wirksamkeit einzeln oder kombiniert verwendet werden. Die \u00d6le k\u00f6nnen sowohl aromatisch verwendet werden, als auch direkt auf die Haut aufgebracht werden. Zus\u00e4tzlich k\u00f6nnen sie im Diffuser ihre emotionale Wirkung voll entfalten.<\/p>\n<p>Neben 8 (5 ml) entspannenden, regenerierenden und erfrischenden \u00d6len bekommst du noch Kokos\u00f6l als pflegendes Tr\u00e4ger\u00f6l f\u00fcr die Behandlung. Zus\u00e4tzlich ist der leise und formsch\u00f6ne Petal-Diffuser f\u00fcr die aromatische Begleitung enthalten.<\/p>\n<p>Mit dieser speziell von doTERRA entwickelten Aromatouch-Technik kannst du wunderbar chronischen Stress lindern und eine optimale seelische und k\u00f6rperliche Balance herbeif\u00fchren.<\/p>\n<p>Die Anwendung erfolgt dabei in 4 aufeinanderfolgenden Stufen:<\/p>\n<p>1. Stressausgleich: Mit der erdenden \u00d6lmischung doTERRA Balance und Lavendel\u00f6l.<br \/>\n2. Immunsystem st\u00e4rken: Mit Teebaum\u00f6l und der sch\u00fctzenden Mischung doTERRA On Guard.<br \/>\n3. Entz\u00fcndliche Prozesse ausbalancieren: Mit der Massagemischung Aromatouch und der lindernden Mischung Deep Blue.<br \/>\n4. Hom\u00f6ostase (K\u00f6rperliches und seelisches Gleichgewicht) und Erfrischung: Mit den \u00d6len Wild Orange und Pfefferminze.<\/p>\n<p>Mit nur ein paar Tropfen dieser von Natur aus komplexen, duftenden Mischungen im doTERRA AromaTouch Diffused Kit kannst du tiefgreifende wohltuende emotionale und k\u00f6rperliche Reaktionen hervorrufen. Du kannst dich von Belastungen zu befreien, Trost und Ermutigung finden, dich inspirieren oder wieder mit Leidenschaft tr\u00e4umen.<\/p>\n<div class=\"flex flex-grow flex-col gap-3 max-w-full\">\n<div class=\"min-h-[20px] flex flex-col items-start gap-3 whitespace-pre-wrap break-words overflow-x-auto\">\n<div class=\"markdown prose w-full break-words dark:prose-invert dark\">\n<p>doTERRA AromaTouch Diffused Kit &#8211; Der ideale Start in die faszinierende Welt der Aromatouch-Technik oder f\u00fcr professionelle Spa-Anwendungen. <\/p>\n<p>F\u00fcr den optimalen Einsatz der Aromatouch-Technik f\u00fcr Beginner ist das Aromatouch Training Kit mit Zertifizierungskurs vom Aromatouch-Erfinder Dr. Hill geeignet. Es enth\u00e4lt 15 ml der \u00d6le und \u00d6lmischungen.<\/p>\n<p>Neu ist auch das Aromatouch Refill Kit f\u00fcr das Nachf\u00fcllen deines Aromatouch-Produktes.<\/p>\n<p>Ideal auch als wertvolles Geschenk.<\/p>\n<\/div>\n<\/div>\n<\/div>\n<p>doTERRA AromaTouch Diffused Kit &#8211; der ideale Start in die faszinierende Welt der \u00d6le &#8211; praktisch mit zus\u00e4tzlichem Diffuser.<\/p>\n<p><strong>Empfehlung<\/strong><br \/>\nBeachte die Empfehlungen bei den einzelnen Produkten.<\/p>\n<p><strong>Sichere Anwendung<br \/>\n<\/strong>Beachte die Hinweise bei den einzelnen Produkten.<\/p>\n","protected":false},"excerpt":{"rendered":"<h2 style=\"font-size: 28px;\">Aromatouch mit Diffuser Paket<\/h2>\n<p><span style=\"font-size: 28px; color: #e20000; font-weight: bold;\">20 % sparen<\/span><\/p>\n<p>Das doTERRA AromaTouch Diffused Kit &#8211; Eine einfache, aber fundierte M\u00f6glichkeit in die Welt der wundervollen speziell von doTERRA entwickelten Aromatouch-Technik einzusteigen.<\/p>\n","protected":false},"featured_media":5511,"template":"","meta":{"_et_pb_use_builder":"","_et_pb_old_content":"","_et_gb_content_width":""},"product_cat":[15,49],"product_tag":[400],"_links":{"self":[{"href":"https:\/\/www.magnolioworld.com\/green-ch\/wp-json\/wp\/v2\/product\/740"}],"collection":[{"href":"https:\/\/www.magnolioworld.com\/green-ch\/wp-json\/wp\/v2\/product"}],"about":[{"href":"https:\/\/www.magnolioworld.com\/green-ch\/wp-json\/wp\/v2\/types\/product"}],"wp:featuredmedia":[{"embeddable":true,"href":"https:\/\/www.magnolioworld.com\/green-ch\/wp-json\/wp\/v2\/media\/5511"}],"wp:attachment":[{"href":"https:\/\/www.magnolioworld.com\/green-ch\/wp-json\/wp\/v2\/media?parent=740"}],"wp:term":[{"taxonomy":"product_cat","embeddable":true,"href":"https:\/\/www.magnolioworld.com\/green-ch\/wp-json\/wp\/v2\/product_cat?post=740"},{"taxonomy":"product_tag","embeddable":true,"href":"https:\/\/www.magnolioworld.com\/green-ch\/wp-json\/wp\/v2\/product_tag?post=740"}],"curies":[{"name":"wp","href":"https:\/\/api.w.org\/{rel}","templated":true}]}}