{"id":736,"date":"2020-04-22T14:01:31","date_gmt":"2020-04-22T12:01:31","guid":{"rendered":"https:\/\/www.magnolio.shop\/zengest-softgels-zengest-softgels-verdauungsmischung\/"},"modified":"2025-10-15T18:17:21","modified_gmt":"2025-10-15T16:17:21","slug":"doterra-zengest-softgels","status":"publish","type":"product","link":"https:\/\/www.magnolioworld.com\/green-ch\/doterra-zengest-softgels\/","title":{"rendered":"doTERRA ZenGest Softgels"},"content":{"rendered":"<p><strong>doTERRA ZenGest<\/strong> <strong>Softgels<\/strong> &#8211; Das \u00d6l der Verdauung &#8211; Hilft dir das Leben physisch und psychisch besser zu verdauen. Hier als Softgel zur praktischen Einnahme.<\/p>\n<p>In der Verdauungsmischung aus hochwertigen doTERRA \u00d6len sind die die Verdauung unterst\u00fctzenden und beruhigenden \u00e4therischen \u00d6le Ginger, Peppermint, Caraway, Star Anise, Coriander, Estragon und Fennel enthalten.<\/p>\n<ul>\n<li>Das Ingwer\u00f6l wird aus dem Rhizom und der Wurzel gewonnen. Es unterst\u00fctzt die Magent\u00e4tigkeit, Unwohlsein abzumildern und schafft wohlige W\u00e4rme im ganzen K\u00f6rper.<\/li>\n<li>Pfefferminz\u00f6l wird aus der Pflanze gewonnen und hilft und kann die Verdauung unterst\u00fctzen. Ausserdem erfrischt es wunderbar.<\/li>\n<li>Das aus den Samen gewonnene Anis\u00f6l kann das gesamte Verdauungssystem unterst\u00fctzen.<\/li>\n<li>Die Samen des K\u00fcmmel (Caraway Seed) k\u00f6nnen den Verdauungsbereich und die Appetitsteigerung stimulieren.<\/li>\n<li>Die Samen des Koriander kann die Verdauung f\u00f6rdern und den Appetit regulieren helfen und wird deshalb in der K\u00fcche vielseitig verwendet.<\/li>\n<li>Das Kraut des Estragon\u00f6ls hat beruhigende Eigenschaften und kann bei stressbedingten Verdauungsunp\u00e4sslichkeiten unterst\u00fctzen<\/li>\n<li>Die Samen des Fenchel\u00f6ls k\u00f6nnen dazu beitragen den Magen zu st\u00e4rken, Hungergef\u00fchle zu d\u00e4mpfen. V\u00f6llegef\u00fchl zu mildern und Unp\u00e4sslichkeiten der Verdauung zu regulieren.<\/li>\n<\/ul>\n<p>\nAusserdem hat jedes \u00d6l und jede \u00d6lmischung nat\u00fcrlich auch eine emotionale Wirkung. So unterst\u00fctzt die Verdauungsmischung <strong>doTERRA ZenGest<\/strong> dabei Stress, \u00c4rger und Probleme besser zu verdauen. Zus\u00e4tzlich kann es dazu beitragen, M\u00fcdigkeit und Ersch\u00f6pfung zu \u00fcberwinden sowie die Stimmung aufzuhellen: Das ist umso wichtiger, da der Darm von elementarer Bedeutung f\u00fcr das Wohlbefinden vom K\u00f6rper, Geist und Seele ist.<\/p>\n<p>Wer viel unterwegs ist, wei\u00df die ZenGest Softgels zu sch\u00e4tzen, die rasch zum besseren Wohlergehen beitragen. Ausserdem wirken sie durch die hochwertigen \u00d6le auch stark beruhigend. So k\u00f6nnen doTERRA ZenGest Softgels auch wunderbar bei Verstimmungen auf der Reise vorbeugend oder akut verwendet werden. Auch besonders hilfreich bei der Umstellung der Ern\u00e4hrung in fernen L\u00e4ndern. <br \/>\nDie gebrauchsfertigen Kapseln sind leicht einzunehmen und deshalb ideal f\u00fcr unterwegs. In den <strong>doTERRA ZenGest Softgels<\/strong> befinden sich 120 mg doTERRA ZenGest-\u00d6l.<\/p>\n<p>Zur topischen Anwendung ist der gebrauchsfertige ZenGest Touch unterwegs ideal. F\u00fcr den Diffuser und die topische Anwendung das Zengest \u00d6l.<\/p>\n<p>\n<strong>Empfehlung<br \/>\n<\/strong>Innerlich: 1 Softgel t\u00e4glich einnehmen. Bitte beachte vor dem Gebrauch alle Vorsichts- und Warnhinweise.<\/p>\n<p><strong>Sichere Verwendung<\/strong><br \/>\n\u00dcberschreite nicht die empfohlene Tagesdosis. Au\u00dferhalb der Reichweite von Kindern aufbewahren. Obwohl Nahrungserg\u00e4nzungsmittel eine hervorragende Erg\u00e4nzung Ihrer Ern\u00e4hrungsgewohnheiten sind, sind sie kein Ersatz f\u00fcr eine abwechslungsreiche und ausgewogene Ern\u00e4hrung und einen gesunden Lebensstil. K\u00fchl aufbewahren.<\/p>\n","protected":false},"excerpt":{"rendered":"<h2 style=\"font-size: 28px;\">Verdauungs Kapseln &#8211; Alternativ Digestzen Softgels<\/h2>\n<p>doTERRA ZenGest Softgels &#8211; Unterst\u00fctzen wohltuend deine Verdauung auf bew\u00e4hrte nat\u00fcrliche Art. Bei Unvertr\u00e4glichkeiten auf Reisen und nach reichlichen Essen, sind sie ebenfalls sehr zu empfehlen. Beachte: Falls Zengest Softgels nicht verf\u00fcgbar sind, werden alternativ Digestzen Softgels mit gleichen Inhaltsstoffen geliefert.<\/p>\n","protected":false},"featured_media":3213,"template":"","meta":{"_et_pb_use_builder":"","_et_pb_old_content":"","_et_gb_content_width":""},"product_cat":[15,52,47,1987,1988],"product_tag":[387,388],"_links":{"self":[{"href":"https:\/\/www.magnolioworld.com\/green-ch\/wp-json\/wp\/v2\/product\/736"}],"collection":[{"href":"https:\/\/www.magnolioworld.com\/green-ch\/wp-json\/wp\/v2\/product"}],"about":[{"href":"https:\/\/www.magnolioworld.com\/green-ch\/wp-json\/wp\/v2\/types\/product"}],"wp:featuredmedia":[{"embeddable":true,"href":"https:\/\/www.magnolioworld.com\/green-ch\/wp-json\/wp\/v2\/media\/3213"}],"wp:attachment":[{"href":"https:\/\/www.magnolioworld.com\/green-ch\/wp-json\/wp\/v2\/media?parent=736"}],"wp:term":[{"taxonomy":"product_cat","embeddable":true,"href":"https:\/\/www.magnolioworld.com\/green-ch\/wp-json\/wp\/v2\/product_cat?post=736"},{"taxonomy":"product_tag","embeddable":true,"href":"https:\/\/www.magnolioworld.com\/green-ch\/wp-json\/wp\/v2\/product_tag?post=736"}],"curies":[{"name":"wp","href":"https:\/\/api.w.org\/{rel}","templated":true}]}}