{"id":733,"date":"2020-04-22T14:01:30","date_gmt":"2020-04-22T12:01:30","guid":{"rendered":"https:\/\/www.magnolio.shop\/zendocrine-zendocrine-entgiftend\/"},"modified":"2025-11-17T18:52:06","modified_gmt":"2025-11-17T17:52:06","slug":"doterra-zendocrine","status":"publish","type":"product","link":"https:\/\/www.magnolioworld.com\/green-ch\/doterra-zendocrine\/","title":{"rendered":"doTERRA Zendocrine"},"content":{"rendered":"<p><strong>doTERRA Zendocrine<\/strong> &#8211; F\u00fcr einen k\u00f6rperlichen und seelischen Neuanfang.<\/p>\n<p>Bei regelm\u00e4\u00dfiger Einnahme von <strong>doTERRA Zendocrine<\/strong> wird dein K\u00f6rper und Geist dabei unterst\u00fctzt, Altes loszulassen und Platz zu machen f\u00fcr Neues.<\/p>\n<p>Die \u00e4therischen \u00d6le Rosemary, Cilantro und Juniper Berry sind daf\u00fcr bekannt, den K\u00f6rper von unerw\u00fcnschten Substanzen zu befreien. Tangerine und Geranium unterst\u00fctzen dabei und schaffen eine Stimmung aufhellende Wohlf\u00fchlatmosph\u00e4re. <\/p>\n<p>Nimm regelm\u00e4\u00dfig einen Tropfen Zendocrine in ein Getr\u00e4nk deiner Wahl zu dir und dein individuelles Wohlbefinden und pers\u00f6nliche Wellness werden davon profitieren. Ideal auch im Rahmen einer Wellness-Woche zur t\u00e4glichen Einnahme.<\/p>\n<p>Emotional kann dir Zendocrine helfen, wieder vertrauensvoll und voller Elan einen Neubeginn zu starten. Dabei das \u00d6l am besten aromatisch anwenden und den Diffuser oder die Handfl\u00e4chen inhalieren.<\/p>\n<p><strong>Empfehlung<br \/>\n<\/strong>Aromatisch: 3-4 Tropfen in den Diffuser geben. <br \/>\nInnerlich: Trinke 1 Glas Wasser oder Tee mit einem Tropfen der Mischung. Ideal auch, um deine Speisen zu verfeinern. Dabei zuerst nur wenig verwenden (Zahnstochermethode).<\/p>\n<p><strong>Sichere Verwendung<\/strong><br \/>\nBitte achte darauf, innerlich nicht mehr als 1 Tropfen am Tag zu verwenden. Au\u00dferhalb der Reichweite von Kindern aufbewahren. Wenn du schwanger bist oder unter \u00e4rztlicher Aufsicht stehst, konsultiere bitte deinen Arzt. Kontakt mit Augen, Innenohren, Gesicht, empfindlichen Stellen und Schleimh\u00e4uten vermeiden. Nach Hautkontakt mindestens 12 Stunden lang keiner Sonne und UV-Strahlung aussetzen.<\/p>\n","protected":false},"excerpt":{"rendered":"<h2 style=\"font-size: 28px;\">Mischung f\u00fcr den Neubeginn<\/h2>\n<p>doTERRA Zendocrine &#8211; Unterst\u00fctzt wirkungsvoll die Befreiung von Altem &#8211; sowohl k\u00f6rperlich wie auch seelisch. Dazu regelm\u00e4\u00dfig t\u00e4glich in einem Glas Wasser oder Tee einnehmen.<\/p>\n","protected":false},"featured_media":615,"template":"","meta":{"_et_pb_use_builder":"","_et_pb_old_content":"","_et_gb_content_width":""},"product_cat":[15,51,44,1943,1944],"product_tag":[381,382],"_links":{"self":[{"href":"https:\/\/www.magnolioworld.com\/green-ch\/wp-json\/wp\/v2\/product\/733"}],"collection":[{"href":"https:\/\/www.magnolioworld.com\/green-ch\/wp-json\/wp\/v2\/product"}],"about":[{"href":"https:\/\/www.magnolioworld.com\/green-ch\/wp-json\/wp\/v2\/types\/product"}],"wp:featuredmedia":[{"embeddable":true,"href":"https:\/\/www.magnolioworld.com\/green-ch\/wp-json\/wp\/v2\/media\/615"}],"wp:attachment":[{"href":"https:\/\/www.magnolioworld.com\/green-ch\/wp-json\/wp\/v2\/media?parent=733"}],"wp:term":[{"taxonomy":"product_cat","embeddable":true,"href":"https:\/\/www.magnolioworld.com\/green-ch\/wp-json\/wp\/v2\/product_cat?post=733"},{"taxonomy":"product_tag","embeddable":true,"href":"https:\/\/www.magnolioworld.com\/green-ch\/wp-json\/wp\/v2\/product_tag?post=733"}],"curies":[{"name":"wp","href":"https:\/\/api.w.org\/{rel}","templated":true}]}}