{"id":732,"date":"2020-04-22T14:01:29","date_gmt":"2020-04-22T12:01:29","guid":{"rendered":"https:\/\/www.magnolio.shop\/triease-softgels-triease-softgels-abwehrfrei\/"},"modified":"2024-05-17T22:39:34","modified_gmt":"2024-05-17T20:39:34","slug":"doterra-triease-softgels","status":"publish","type":"product","link":"https:\/\/www.magnolioworld.com\/green-ch\/doterra-triease-softgels\/","title":{"rendered":"doTERRA TriEase Softgels"},"content":{"rendered":"<p><strong>doTERRA TriEase Softgels<\/strong> &#8211; Unbeschwertes Vergn\u00fcgen in der Natur<\/p>\n<p>Wer von saisonalen Umwelteinfl\u00fcssen bel\u00e4stigt wird, wird diese Kapseln lieben, denn sie bringen schnell eine wohltuende Entlastung. <\/p>\n<p>Die Weichkapseln sind zu gleichen Teilen gef\u00fcllt mit den \u00e4therischen \u00d6len Zitronen\u00f6l, Lavendel\u00f6l und Pfefferminz\u00f6l. Zitrone hat einen reinigenden und die Konzentration f\u00f6rdernden Effekt, der sofort Klarheit schafft. Lavendel\u00f6l ist beruhigend und ausgleichend auf die Atmungssysteme und den ganzen K\u00f6rper.\u00a0 Das frische Pfefferminz\u00f6l sorgt f\u00fcr Kl\u00e4rung, Erfrischung und Wachheit und unterst\u00fctzt das befreite Atmen sowie einen befreiten Kopf.<\/p>\n<p>doTERRA TriEase Softgels &#8211; Ideal bei den ersten Anzeichen von Unp\u00e4sslichkeiten oder vor dem Aufenthalt in der Natur.<br \/>\nIdeal auch im preisg\u00fcnstigen Changing Seasons Kit.<\/p>\n<p><strong>Empfehlung<\/strong><br \/>\n1 Softgel t\u00e4glich<\/p>\n<p><strong>Sichere Verwendung<\/strong><br \/>\nAu\u00dferhalb der Reichweite von Kindern aufbewahren. Achte darauf, die empfohlene t\u00e4gliche Dosis nicht zu \u00fcberschreiten. Bitte beachte, dass Nahrungserg\u00e4nzungen eine vollwertige und ausgeglichene Ern\u00e4hrung sowie einen gesunden Lebensstil nicht ersetzen k\u00f6nnen. Schwangere und Stillende sowie Menschen mit bekannten gesundheitlichen Schwierigkeiten vor der Einnahme \u00e4rztlichen Rat einholen. Aufbewahrung an einem k\u00fchlen, trockenen Ort. Dabei bitte das Mindesthaltbarkeitsdatum (siehe Flaschenboden) beachten.<\/p>\n","protected":false},"excerpt":{"rendered":"<h2 style=\"font-size: 28px;\">Saisonale Kapseln<\/h2>\n<p>doTERRA TriEase Softgels &#8211;\u00a0 Ideal bei allen saisonalen Herausforderungen im Fr\u00fchjahr, Sommer und dar\u00fcber hinaus. F\u00fcr einen unbeschwerten Aufenthalt in der Natur.<\/p>\n","protected":false},"featured_media":8301,"template":"","meta":{"_et_pb_use_builder":"","_et_pb_old_content":"","_et_gb_content_width":""},"product_cat":[15,52,37,2110,1957],"product_tag":[2115,377,378],"_links":{"self":[{"href":"https:\/\/www.magnolioworld.com\/green-ch\/wp-json\/wp\/v2\/product\/732"}],"collection":[{"href":"https:\/\/www.magnolioworld.com\/green-ch\/wp-json\/wp\/v2\/product"}],"about":[{"href":"https:\/\/www.magnolioworld.com\/green-ch\/wp-json\/wp\/v2\/types\/product"}],"wp:featuredmedia":[{"embeddable":true,"href":"https:\/\/www.magnolioworld.com\/green-ch\/wp-json\/wp\/v2\/media\/8301"}],"wp:attachment":[{"href":"https:\/\/www.magnolioworld.com\/green-ch\/wp-json\/wp\/v2\/media?parent=732"}],"wp:term":[{"taxonomy":"product_cat","embeddable":true,"href":"https:\/\/www.magnolioworld.com\/green-ch\/wp-json\/wp\/v2\/product_cat?post=732"},{"taxonomy":"product_tag","embeddable":true,"href":"https:\/\/www.magnolioworld.com\/green-ch\/wp-json\/wp\/v2\/product_tag?post=732"}],"curies":[{"name":"wp","href":"https:\/\/api.w.org\/{rel}","templated":true}]}}