{"id":731,"date":"2020-04-22T14:01:29","date_gmt":"2020-04-22T12:01:29","guid":{"rendered":"https:\/\/www.magnolio.shop\/thinker-thinker-fokusierend\/"},"modified":"2024-07-10T15:19:52","modified_gmt":"2024-07-10T13:19:52","slug":"doterra-thinker","status":"publish","type":"product","link":"https:\/\/www.magnolioworld.com\/green-ch\/doterra-thinker\/","title":{"rendered":"doTERRA Thinker"},"content":{"rendered":"<p><strong>doTERRA Thinker <\/strong>&#8211; Die Fokus-Mischung f\u00fcr Kinder &#8211; Ideal f\u00fcr konzentriertes Lernen und kreatives Gestalten<strong><\/p>\n<p><\/strong>Diese Mischung der Kids Collection erinnert an Intune f\u00fcr Kinder und Jugendliche. Doch die Zusammensetzung unterscheidet sich ganz erheblich. Es riecht weniger erdig, sondern durch Clementine und Peppermint frischer und fruchtiger.<\/p>\n<p>So hilft die Fokus-Mischung f\u00fcr Kinder (<strong>doTERRA Thinker<\/strong>) mentale Ablenkung zu vermeiden, das Lernen zu unterst\u00fctzen und Kreativit\u00e4t zu f\u00f6rdern. Ausserdem schafft es ein Gef\u00fchl von Wachsamkeit und Konzentration, hilft Stress zu reduzieren und \u00c4ngste zu lindern. Bei sehr unruhigen und hyperaktiven Kindern wirkt es ausgleichend und beruhigend.<\/p>\n<p>Gerade f\u00fcr Kinder und Personen, die viel lernen m\u00fcssen und dabei leicht abgelenkt werden, ist die fokussierende Mischung doTERRA Thinker aus der doTERRA Kids Collection sehr hilfreich. doTERRA Thinker unterst\u00fctzt erh\u00f6hte Wachsamkeit und Klarheit, damit du und dein Kind aufmerksam und konzentriert durch den Tag kommen. <\/p>\n<p>Die \u00e4therische \u00d6lmischung aus Vetiver, Peppermint, Clementine und Rosemary in fraktioniertem Kokos\u00f6l verschafft augenblicklich ein waches Gef\u00fchl. Die anregenden Eigenschaften der Clementine spielen dabei eine gro\u00dfe Rolle. Integriere doTERRA Thinker in die Lernpraxis deines Kindes zuhause oder in der Schule.<\/p>\n<p>Die in <strong>doTERRA Thinker<\/strong> enthaltenen \u00d6le ergeben eine frische, fruchtige und leicht erdende Mischung, die das richtige Ma\u00df zwischen kreativer Lernfokussierung, aber auch erdender Gelassenheit vermittelt.<\/p>\n<p><u>So sind in Thinker folgende \u00d6le enthalten:<br \/>\n<\/u><\/p>\n<ul>\n<li>Vetiver\u00a0 &#8211; Das \u00d6l der Zentrierung, Fokussierung, Erdung und Beruhigung<\/li>\n<li>Clementine &#8211; Stimmungsaufhellend, Lernspeicher \u00f6ffnend<\/li>\n<li>Peppermint &#8211; F\u00f6rdert die Wachheit, Frische und Klarheit<\/li>\n<li>Rosemary\u00a0 &#8211; Konzentrationsf\u00f6rdernd, hilft das Gelernte abzuspeichern und die Ged\u00e4chtnisleistung zu erh\u00f6hen<\/li>\n<\/ul>\n<p>Eine wunderbar erdende und lernf\u00f6rdernde Mischung f\u00fcr K\u00f6rper und Geist &#8211; nicht nur f\u00fcr kleine und jugendliche Menschen, sondern auch als Alternative f\u00fcr alle Erwachsenen, die Intune nicht m\u00f6gen.<\/p>\n<p>Am besten Thinker vor der Schule bzw. zum Lernen zuhause auf den Nacken auftragen oder \u00fcber die Handgelenke inhalieren.<\/p>\n<p>Daneben gibt es mittlerweile Duftmischungen f\u00fcr alle Herausforderungen der Kleinen:<\/p>\n<ul>\n<li>Ermutigende Mischung &#8211; doTERRA Brave<\/li>\n<li>Entspannende Mischung &#8211; doTERRA Rescuer<\/li>\n<li>Fokussierende Mischung &#8211; doTERRA Thinker<\/li>\n<li>St\u00e4rkende Mischung &#8211; doTERRA Stronger<\/li>\n<li>Verdauungsmischung &#8211; doTERRA Tamer<\/li>\n<li>Erholsame Mischung &#8211; doTERRA Calmer<\/li>\n<\/ul>\n<p>Nutze das kosteng\u00fcnstiges Set der Kinder-Kollektion (Kids Collection Kit) mit praktischer Tragetasche, bunten Karabinerhaken und Lernkarten.<\/p>\n<p>Dabei werden die \u00d6le in folgende Themenbereiche unterteilt:<\/p>\n<ul>\n<li>Mind &#8211; Geist (doTERRA Thinker\u00a0 &amp; doTERRA Calmer)<\/li>\n<li>Body &#8211; K\u00f6rper (doTERRA Stronger &amp; doTERRA Rescuer &amp; doTERRA Tamer)<\/li>\n<li>Heart &#8211; Herz\u00a0 (doTERRAS Steady &amp; doTERRA Brave)\n<\/li>\n<\/ul>\n<p><strong>Empfehlung<br \/>\n<\/strong>Aromatisch: F\u00fcr ein Gef\u00fchl der Klarheit und Konzentration die Mischung \u00fcber die Handgelenke inhalieren. Bei Bedarf \u00fcber den Tag wiederholen. Auf Diffuser-Schmuck, nat\u00fcrlichen Dolomit oder Diffuser-Steine aus Lava auftragen. <br \/>\nTopisch: F\u00fcr konzentriertes Arbeiten in Schule und Beruf die Mischung auf den Handgelenken und Handfl\u00e4chen auftragen. Wenn die Energie nachl\u00e4sst, die Mischung im Nacken verreiben oder \u00fcber die Handfl\u00e4chen inhalieren. <br \/>\nBestimmt f\u00fcr die Verwendung unter Aufsicht eines Erwachsenen.<\/p>\n<div class=\"product-uses__directions-for-use\">\n<div class=\"product-uses__directions-for-use-item\">\n<div class=\"product-uses__directions-for-use-copy\"><strong>Sichere Verwendung<\/strong><br \/>\nHautreizungen m\u00f6glich. Au\u00dferhalb der Reichweite von Kindern unter 3 Jahren aufbewahren. Wenn du schwanger bist oder in \u00e4rztlicher Behandlung stehst, konsultiere bitte den Arzt. Kontakt mit Augen, Innenohren, Gesicht, empfindlichen Stellen und Schleimh\u00e4uten vermeiden. Nur zur \u00e4u\u00dferlichen Anwendung.<\/div>\n<\/div>\n<\/div>\n","protected":false},"excerpt":{"rendered":"<h2 style=\"font-size: 28px;\">Fokusmischung f\u00fcr Kinder<\/h2>\n<p>doTERRA Thinker &#8211; Ideal f\u00fcr konzentriertes Lernen und kreatives Gestalten. Der Touch verhilft zu hoher Wachheit und Konzentration f\u00fcr das lernende Kind und f\u00fchrt zu besseren Ergebnissen.<\/p>\n","protected":false},"featured_media":3185,"template":"","meta":{"_et_pb_use_builder":"","_et_pb_old_content":"","_et_gb_content_width":""},"product_cat":[15,51,41,46,1940,1967,1978],"product_tag":[375,376],"_links":{"self":[{"href":"https:\/\/www.magnolioworld.com\/green-ch\/wp-json\/wp\/v2\/product\/731"}],"collection":[{"href":"https:\/\/www.magnolioworld.com\/green-ch\/wp-json\/wp\/v2\/product"}],"about":[{"href":"https:\/\/www.magnolioworld.com\/green-ch\/wp-json\/wp\/v2\/types\/product"}],"wp:featuredmedia":[{"embeddable":true,"href":"https:\/\/www.magnolioworld.com\/green-ch\/wp-json\/wp\/v2\/media\/3185"}],"wp:attachment":[{"href":"https:\/\/www.magnolioworld.com\/green-ch\/wp-json\/wp\/v2\/media?parent=731"}],"wp:term":[{"taxonomy":"product_cat","embeddable":true,"href":"https:\/\/www.magnolioworld.com\/green-ch\/wp-json\/wp\/v2\/product_cat?post=731"},{"taxonomy":"product_tag","embeddable":true,"href":"https:\/\/www.magnolioworld.com\/green-ch\/wp-json\/wp\/v2\/product_tag?post=731"}],"curies":[{"name":"wp","href":"https:\/\/api.w.org\/{rel}","templated":true}]}}