{"id":730,"date":"2020-04-22T14:01:29","date_gmt":"2020-04-22T12:01:29","guid":{"rendered":"https:\/\/www.magnolio.shop\/terrashield-spray-terrashield-spray-abwehrend\/"},"modified":"2025-05-21T13:52:24","modified_gmt":"2025-05-21T11:52:24","slug":"doterra-terrashield-spray","status":"publish","type":"product","link":"https:\/\/www.magnolioworld.com\/green-ch\/doterra-terrashield-spray\/","title":{"rendered":"doTERRA Terrashield Spray"},"content":{"rendered":"<p><strong>doTERRA Terrashield Spray<\/strong> &#8211; Sicher und gesch\u00fctzt bei allen Outdoor-Aktivit\u00e4ten &#8211; Das \u00d6l der Abschirmung &#8211; Hier als praktisches Spray f\u00fcr unterwegs.<\/p>\n<p>Mit diesem Spray kannst du dich und deine Familie auf sichere und nat\u00fcrliche Weise bei den Outdoor-Aktivit\u00e4ten sch\u00fctzen. <br \/>\nDie \u00e4therischen \u00d6le dieser Mischung helfen dir dabei, den Outdoor-Aufenthalt beim Camping, Sport oder anderen Aussenaktivit\u00e4ten so angenehm und ungest\u00f6rt als m\u00f6glich zu gestalten.<\/p>\n<p>Sie besteht aus den \u00e4therischen \u00d6len Lemongrass, Thyme, Peppermint und Geranium und erm\u00f6glicht ein ungest\u00f6rtes Vergn\u00fcgen im Freien. Hierf\u00fcr einfach das Spray vor dem Aufenthalt in der Natur um sich verspr\u00fchen. <\/p>\n<p>Emotional hilft das \u00d6l der Abgrenzung zu energetischem Schutz. Es wirkt wie ein energetischer Schutzschild.<\/p>\n<p><strong>Empfehlung<br \/>\n<\/strong> doTERRA Terrashield Spray einfach vor dem Aufenthalt in der Natur um sich herum verspr\u00fchen bzw. im Haus, Terrasse oder um das Zelt verwenden. Bei Bedarf wiederholen.<br \/>\nAls energetischen Schutz bei Bedarf um sich verspr\u00fchen.<\/p>\n<p><strong>Sichere Anwendung<br \/>\n<\/strong> Das Produkt nicht in die N\u00e4he von empfindlichen Stellen wie Gesicht, Augen und Innenohr zu geben. Au\u00dferhalb der Reichweite von Kindern aufbewahren. Wenn Du schwanger bist, stillst oder unter \u00e4rztlicher Aufsicht stehst, konsultiere bitte deinen Arzt.<\/p>\n","protected":false},"excerpt":{"rendered":"<h2 style=\"font-size: 28px;\">Abwehr-Mischung Spray<\/h2>\n<p>doTERRA Terrashield Spray &#8211; Die \u00e4therischen \u00d6le im Spray helfen dir dabei, den Outdoor-Aufenthalt beim Camping, Sport oder anderen Aussenaktivit\u00e4ten so angenehm als m\u00f6glich zu gestalten und das auf ganz nat\u00fcrliche Weise. Geniesse mit deiner Familie und Freunden wieder die Natur. Ideal auch als energetisches Schutzschild.<\/p>\n","protected":false},"featured_media":3184,"template":"","meta":{"_et_pb_use_builder":"","_et_pb_old_content":"","_et_gb_content_width":""},"product_cat":[15,51],"product_tag":[373,374],"_links":{"self":[{"href":"https:\/\/www.magnolioworld.com\/green-ch\/wp-json\/wp\/v2\/product\/730"}],"collection":[{"href":"https:\/\/www.magnolioworld.com\/green-ch\/wp-json\/wp\/v2\/product"}],"about":[{"href":"https:\/\/www.magnolioworld.com\/green-ch\/wp-json\/wp\/v2\/types\/product"}],"wp:featuredmedia":[{"embeddable":true,"href":"https:\/\/www.magnolioworld.com\/green-ch\/wp-json\/wp\/v2\/media\/3184"}],"wp:attachment":[{"href":"https:\/\/www.magnolioworld.com\/green-ch\/wp-json\/wp\/v2\/media?parent=730"}],"wp:term":[{"taxonomy":"product_cat","embeddable":true,"href":"https:\/\/www.magnolioworld.com\/green-ch\/wp-json\/wp\/v2\/product_cat?post=730"},{"taxonomy":"product_tag","embeddable":true,"href":"https:\/\/www.magnolioworld.com\/green-ch\/wp-json\/wp\/v2\/product_tag?post=730"}],"curies":[{"name":"wp","href":"https:\/\/api.w.org\/{rel}","templated":true}]}}