{"id":727,"date":"2020-04-22T14:01:28","date_gmt":"2020-04-22T12:01:28","guid":{"rendered":"https:\/\/www.magnolio.shop\/steady-steady-erdend\/"},"modified":"2024-07-10T15:22:37","modified_gmt":"2024-07-10T13:22:37","slug":"doterra-steady","status":"publish","type":"product","link":"https:\/\/www.magnolioworld.com\/green-ch\/doterra-steady\/","title":{"rendered":"doTERRA Steady"},"content":{"rendered":"<p><strong>doTERRA Steady<\/strong> &#8211; Die Erdende Mischung f\u00fcr Kinder\u00a0 &#8211; Das genau richtige Ma\u00df zwischen Erdung und Lebensfreude<br \/>\n<strong><br \/>\n<\/strong>Diese Mischung der Kids Collection erinnert an Balance f\u00fcr Kinder und Jugendliche. Doch die Zusammensetzung unterscheidet sich wesentlich. Es riecht sanfter und kindgerechter, da die starken \u00d6le wie Campher und BlueTansy fehlen.<\/p>\n<p>So f\u00f6rdert die Erdende Mischung f\u00fcr Kinder (<strong>doTERRA Steady<\/strong>) eine ruhige und ausgeglichene Stimmung, bringt den Geist und die Seele zur Mitte und verschafft Entspannung und Ruhe. Au\u00dferdem hilft es, den Geist auf das Wesentliche zu konzentrieren.<\/p>\n<p>Wenn du oder dein Kind sich \u00fcberfordert f\u00fchlt, wenn du auf der Suche nach Entspannung und Ruhe bist, dann verwende die erdende Mischung doTERRA Steady aus der doTERRA Kids Collection. Die beruhigende Wirkung von Coriander und Magnolia kombiniert mit den warmen Holz\u00f6len Amyris und Balsam Fir schaffen Zuversicht und Ruhe. Gebrauchsfertig mit fraktionierten Kokos\u00f6l gemischt ist dieser doTERRA Touch allzeit zur Hand, kann auf Nacken und Handgelenke aufgetragen werden und bringt das Gleichgewicht zur\u00fcck.<\/p>\n<p>Die in der Erdenden Mischung f\u00fcr Kinder (<strong>doTERRA Steady<\/strong>) enthaltenen \u00d6le ergeben eine warme erdende und blumige Mischung, die das richtige Ma\u00df zwischen Stabilit\u00e4t und Lebensfreude geben.<\/p>\n<p><u>Folgende \u00e4therische \u00d6le sind in Steady \u00d6le enthalten:<\/u><\/p>\n<ul>\n<li>Amyris &#8211; Beruhigt und f\u00fchrt in die Mitte. Es kann Harmonie in Phasen von \u00c4rger, Wut und Zorn herstellen<\/li>\n<li>Balsam Fir &#8211; Eine sanftere Variante von Siberian Fir (erdend, ausgleichend, beruhigend)<\/li>\n<li>Coriander &#8211; Stimuliert das Nervensystem und wirkt anregend bei nervlicher Ersch\u00f6pfung<\/li>\n<li>Magnolia\u00a0 &#8211; Stark beruhigend, harmonisierend und l\u00f6st seelische Verspannungen)<\/li>\n<\/ul>\n<p>Am besten dotTERRA Steady vor einem anstrengenden Tag auf die Fu\u00dfsohlen auftragen und bei Bedarf zwischendurch auf die Pulspunkte der H\u00e4nde geben.<br \/>\nEine wunderbare Mischung, um das Herz zu w\u00e4rmen und zu beruhigen und auch in schwierigen Zeit ganz fest auf dem Boden zu stehen. Eine ideale Alternative f\u00fcr Kinder, Jugendliche sowie Erwachsenen, denen Balance zu stark ist oder die diese Mischung nicht m\u00f6gen.<\/p>\n<p>Daneben gibt es mittlerweile Duftmischungen f\u00fcr alle Herausforderungen der Kleinen:<\/p>\n<ul>\n<li>Ermutigende Mischung &#8211; doTERRA Brave<\/li>\n<li>Entspannende Mischung &#8211; doTERRA Rescuer<\/li>\n<li>Fokussierende Mischung &#8211; doTERRA Thinker<\/li>\n<li>St\u00e4rkende Mischung &#8211; doTERRA Stronger<\/li>\n<li>Verdauungsmischung &#8211; doTERRA Tamer<\/li>\n<li>Erholsame Mischung &#8211; doTERRA Calmer<\/li>\n<\/ul>\n<p>Nutze das kosteng\u00fcnstiges Set der Kinder-Kollektion (Kids Collection Kit) mit praktischer Tragetasche, bunten Karabinerhaken und Lernkarten.<\/p>\n<p>Dabei werden die \u00d6le in folgende Themenbereiche unterteilt:<\/p>\n<ul>\n<li>Mind &#8211; Geist (doTERRA Thinker\u00a0 &amp; doTERRA Calmer)<\/li>\n<li>Body &#8211; K\u00f6rper (doTERRA Stronger &amp; doTERRA Rescuer &amp; doTERRA Tamer)<\/li>\n<li>Heart &#8211; Herz\u00a0 (doTERRAS Steady &amp; doTERRA Brave)<\/li>\n<\/ul>\n<p>\n<strong>Empfehlung<br \/>\n<\/strong>Aromatisch: F\u00fcr ein Gef\u00fchl der Ruhe und Gelassenheit doTERRA Steady \u00fcber die Handgelenke oder Handfl\u00e4chen inhalieren. Bei Bedarf \u00fcber den Tag wiederholen. Auf Diffuser-Schmuck, nat\u00fcrlichen Dolomit oder Diffuser-Steine aus Lava auftragen. <br \/>\nTopisch: Bei einem Gef\u00fchl der \u00dcberforderung und zur Beruhigung auf dem Nacken auftragen. Um nach einem langen Tag zur Ruhe zu kommen, die Mischung in den Nacken und auf die Unterseite der F\u00fcsse auftragen. Bestimmt f\u00fcr die Verwendung unter Aufsicht eines Erwachsenen.<\/p>\n<div class=\"product-uses__directions-for-use\">\n<div class=\"product-uses__directions-for-use-item\">\n<div class=\"product-uses__directions-for-use-copy\"><strong>Sichere Verwendung<\/strong><br \/>\nHautreizungen m\u00f6glich. Au\u00dferhalb der Reichweite von Kindern unter 3 Jahren aufbewahren. Wenn du schwanger bist oder in \u00e4rztlicher Behandlung stehst, konsultiere bitte den Arzt. Kontakt mit Augen, Innenohren, Gesicht, empfindlichen Stellen und Schleimh\u00e4uten vermeiden. Nur zur \u00e4u\u00dferlichen Anwendung.<\/div>\n<\/div>\n<\/div>\n","protected":false},"excerpt":{"rendered":"<h2 style=\"font-size: 28px;\">Erdende Mischung f\u00fcr Kinder<\/h2>\n<p>doTERRA Steady &#8211; Gibt dir und deinem Kind Erdung und f\u00f6rdert eine ausgeglichene Stimmung. Die Mischung hilft f\u00fcr mehr Ruhe und Entspannung in anstrengenden Zeiten f\u00fcr die ganze Familie.<\/p>\n","protected":false},"featured_media":3181,"template":"","meta":{"_et_pb_use_builder":"","_et_pb_old_content":"","_et_gb_content_width":""},"product_cat":[15,51,46,1940,1975],"product_tag":[367,368],"_links":{"self":[{"href":"https:\/\/www.magnolioworld.com\/green-ch\/wp-json\/wp\/v2\/product\/727"}],"collection":[{"href":"https:\/\/www.magnolioworld.com\/green-ch\/wp-json\/wp\/v2\/product"}],"about":[{"href":"https:\/\/www.magnolioworld.com\/green-ch\/wp-json\/wp\/v2\/types\/product"}],"wp:featuredmedia":[{"embeddable":true,"href":"https:\/\/www.magnolioworld.com\/green-ch\/wp-json\/wp\/v2\/media\/3181"}],"wp:attachment":[{"href":"https:\/\/www.magnolioworld.com\/green-ch\/wp-json\/wp\/v2\/media?parent=727"}],"wp:term":[{"taxonomy":"product_cat","embeddable":true,"href":"https:\/\/www.magnolioworld.com\/green-ch\/wp-json\/wp\/v2\/product_cat?post=727"},{"taxonomy":"product_tag","embeddable":true,"href":"https:\/\/www.magnolioworld.com\/green-ch\/wp-json\/wp\/v2\/product_tag?post=727"}],"curies":[{"name":"wp","href":"https:\/\/api.w.org\/{rel}","templated":true}]}}