{"id":721,"date":"2020-04-22T14:01:28","date_gmt":"2020-04-22T12:01:28","guid":{"rendered":"https:\/\/www.magnolio.shop\/salubelle-salubelle-anti-aging\/"},"modified":"2025-11-17T18:37:29","modified_gmt":"2025-11-17T17:37:29","slug":"doterra-salubelle","status":"publish","type":"product","link":"https:\/\/www.magnolioworld.com\/green-ch\/doterra-salubelle\/","title":{"rendered":"doTERRA Salubelle"},"content":{"rendered":"<p><strong>doTERRA Salubelle<\/strong> &#8211; Die Sch\u00f6nheits-Mischung &#8211; Der Jungbrunnen f\u00fcr deine Haut<\/p>\n<p>F\u00fcr einen jugendlichen und frischen Teint sorgt diese Mischung aus \u00e4therischen \u00d6len. Zum einen wird die Haut mit wichtigen N\u00e4hrstoffen versorgt, zudem wirkt sie Faktoren entgegen, die ansonsten zu vorzeitiger Alterung der Haut f\u00fchren. Ein echte Anti-Aging-Pflege.<strong><\/p>\n<p><\/strong>Diese Mischung mildert das Auftreten von feinen Linien und F\u00e4ltchen und tr\u00e4gt so zu deinem makellosen Auftreten bei. Sie kann auch bei Hautirritationen und Hautunebenheiten verwendet werden. Salubelle wird d\u00fcnn auf Gesicht, Hals und Dekollet\u00e9 aufgetragen. Die \u00e4therischen \u00d6le Frankincense, Hawaiian Sandalwood, Lavender, Myrrh, Helichrysum und Rose unterst\u00fctzen die hautregenerierenden Effekte.<\/p>\n<p>G\u00f6nne dir dieses luxuri\u00f6ses Spa-Erlebnis f\u00fcr zuhause. Am besten t\u00e4glich morgens und abends nach der Reinigung. Anschliessend weitere doTERRA Pflegeprodukte aus der Ver\u00e1ge oder der Essential Skin Care Serie auftragen.<\/p>\n<p><strong>Empfehlung<\/strong><br \/>\nTopisch: Nach der Reinigung auf den gew\u00fcnschten Stellen d\u00fcnn auftragen,um eine ebenm\u00e4\u00dfige Basis f\u00fcr die weitere Pflege zu erhalten. Salubelle in die morgendliche Pflegeroutine einbinden und auf Gesicht, Hals und Dekollet\u00e9 d\u00fcnn auftragen. <br \/>\nAuf Hautirritationen, Hautunebenheiten und trockenen Stellen gezielt regelm\u00e4\u00dfig auftragen.<\/p>\n<p><strong>Sichere Verwendung<\/strong><br \/>\nHautreizungen m\u00f6glich. Au\u00dferhalb der Reichweite von Kindern aufbewahren. Wenn du schwanger bist oder in \u00e4rztlicher Behandlung stehst, konsultiere bitte den Arzt. Kontakt mit Augen, Innenohren, Gesicht, empfindlichen Stellen und Schleimh\u00e4uten vermeiden. Nur zur \u00e4usseren Anwendung geeignet.<\/p>\n","protected":false},"excerpt":{"rendered":"<h2 style=\"font-size: 28px;\">Die Sch\u00f6nheits-Mischung<\/h2>\n<p>doTERRA Salubelle &#8211; Versorgt deine Haut mit N\u00e4hrstoffen und sorgt f\u00fcr einen jugendlichen und straffen Teint. Mildert die feinen Linien und F\u00e4ltchen. Es ist ein echter Jungbrunnen f\u00fcr die Haut. Ideal auch bei Hautirritationen und Hautunebenheiten.<\/p>\n","protected":false},"featured_media":3179,"template":"","meta":{"_et_pb_use_builder":"","_et_pb_old_content":"","_et_gb_content_width":""},"product_cat":[15,51],"product_tag":[355,356],"_links":{"self":[{"href":"https:\/\/www.magnolioworld.com\/green-ch\/wp-json\/wp\/v2\/product\/721"}],"collection":[{"href":"https:\/\/www.magnolioworld.com\/green-ch\/wp-json\/wp\/v2\/product"}],"about":[{"href":"https:\/\/www.magnolioworld.com\/green-ch\/wp-json\/wp\/v2\/types\/product"}],"wp:featuredmedia":[{"embeddable":true,"href":"https:\/\/www.magnolioworld.com\/green-ch\/wp-json\/wp\/v2\/media\/3179"}],"wp:attachment":[{"href":"https:\/\/www.magnolioworld.com\/green-ch\/wp-json\/wp\/v2\/media?parent=721"}],"wp:term":[{"taxonomy":"product_cat","embeddable":true,"href":"https:\/\/www.magnolioworld.com\/green-ch\/wp-json\/wp\/v2\/product_cat?post=721"},{"taxonomy":"product_tag","embeddable":true,"href":"https:\/\/www.magnolioworld.com\/green-ch\/wp-json\/wp\/v2\/product_tag?post=721"}],"curies":[{"name":"wp","href":"https:\/\/api.w.org\/{rel}","templated":true}]}}