{"id":720,"date":"2020-04-22T14:01:27","date_gmt":"2020-04-22T12:01:27","guid":{"rendered":"https:\/\/www.magnolio.shop\/rescuer-rescuer-lindernd\/"},"modified":"2025-11-17T18:33:57","modified_gmt":"2025-11-17T17:33:57","slug":"doterra-rescuer","status":"publish","type":"product","link":"https:\/\/www.magnolioworld.com\/green-ch\/doterra-rescuer\/","title":{"rendered":"doTERRA Rescuer"},"content":{"rendered":"<p><strong>doTERRA Rescuer<\/strong> &#8211; Entspannende \u00d6lmischung f\u00fcr Kinder &#8211; F\u00fcr entspannte Bewegung und Wachstum in Vitalit\u00e4t und Wohlbefinden <strong><br \/>\n<\/strong><\/p>\n<p>Diese Mischung der Kids Collection erinnert an Deep Blue f\u00fcr Kinder und Jugendliche. Doch die Zusammensetzung unterscheidet sich ganz erheblich.<br \/>\nSo unterst\u00fctzt die \u00d6lmischung f\u00fcr Kinder (<strong>doTERRA Rescuer<\/strong>) dabei, Spannungsgef\u00fchle abzubauen, die Muskeln zu lockern, sowie Vitalit\u00e4t und Wohlbefinden zu steigern. Au\u00dferdem w\u00e4rmt es die Muskulatur und regt die Energie an.<\/p>\n<p>Ideal, um Kinder und Jugendliche beim und nach dem Sport zu unterst\u00fctzen und eventuelle Unp\u00e4sslichkeiten schnell und wirkungsvoll zu beheben. Denn Kinder und Jugendliche sollen sich bewegen und dies m\u00f6glichst ohne Unannehmlichkeiten tun k\u00f6nnen.<\/p>\n<p>Gerade in der Wachstumsphase, die vielen Kinder und Jugendlichen doch erheblich zu schaffen macht, kann Rescuer eine wunderbare Erleichterung schaffen.<\/p>\n<p>Die in <strong>doTERRA Rescuer<\/strong> enthaltenen \u00d6le unterscheiden sich wesentlich von Deep Blue. So wurden scharfe \u00d6le durch sanfte wie Spearmint und Zanthoxylum ersetzt.<\/p>\n<p><u>So sind in doTERRA Rescuer folgende \u00d6le enthalten:<\/u><\/p>\n<ul>\n<li>\u00a0Copaiba &#8211; Kann dabei unterst\u00fctzen Angst zu reduizieren, die Nerven auszubalancieren und den K\u00f6rper zu stabilisieren<\/li>\n<li>\u00a0Lavender &#8211; Ausgleichend f\u00fcr Geist und Muskulatur<\/li>\n<li>Spearmint\u00a0 &#8211; Entspannung der Muskulatur, F\u00f6rderung des Gleichgewichts, K\u00fchlung und Tonisierung der Haut<\/li>\n<li>Zanthoxylum &#8211; Raukengew\u00e4chs aus Asien und Nordamerika &#8211; auch Gelbhholz genannt &#8211; Entspannung der Muskulatur sowie anregend und energetisierend f\u00fcr den K\u00f6rper<\/li>\n<\/ul>\n<p>Eine wunderbar entspannende und lindernde Mischung f\u00fcr Muskel und Gelenke &#8211; nicht nur f\u00fcr kleine und jugendliche Menschen in Bewegung.<\/p>\n<p>Daneben gibt es mittlerweile Duftmischungen f\u00fcr alle Herausforderungen der Kleinen:<\/p>\n<ul>\n<li>Ermutigende Mischung &#8211; doTERRA Brave<\/li>\n<li>Entspannende Mischung &#8211; doTERRA Rescuer<\/li>\n<li>Fokussierende Mischung &#8211; doTERRA Thinker<\/li>\n<li>Sch\u00fctzende Mischung &#8211; doTERRA Stronger<\/li>\n<li>Verdauungsmischung &#8211; doTERRA Tamer<\/li>\n<li>Erholsame Mischung &#8211; doTERRA Calmer<\/li>\n<\/ul>\n<p>Nutzen sie das\u00a0 kosteng\u00fcnstiges Set der Kinder-Kollektion (Kids Collection Kit) mit praktischer Tragetasche, bunten Karabinerhaken und Lernkarten.<\/p>\n<p>Dabei werden die \u00d6le in folgende Themenbereiche unterteilt:<\/p>\n<ul>\n<li>Mind &#8211; Geist (doTERRA Thinker\u00a0 &amp; doTERRA Calmer)<\/li>\n<li>Body &#8211; K\u00f6rper (doTERRA Stronger &amp; doTERRA Rescuer &amp; doTERRA Tamer)<\/li>\n<li>Heart &#8211; Herz\u00a0 (doTERRAS Steady &amp; doTERRA Brave)<\/li>\n<\/ul>\n<p><span style=\"text-decoration: underline;\">\u00a0<\/span><strong>Empfehlung<br \/>\n<\/strong>Aromatisch: F\u00fcr ein Gef\u00fchl der Entspannung die Mischung \u00fcber die Handgelenke inhalieren. Bei Bedarf \u00fcber den Tag wiederholen. Auf Diffuser-Schmuck, nat\u00fcrlichen Dolomit oder Diffuser-Steine aus Lava auftragen. <br \/>\nTopisch: Nach anstrengenden Aktivit\u00e4ten auf die Beine des Kindes auftragen. Ideal gegen Verspannungen im Nacken und bei Wachstumsthemen. Wohltuend als Massage auf Nacken, Schultern und R\u00fccken. <br \/>\nBestimmt f\u00fcr die Verwendung unter Aufsicht eines Erwachsenen.<\/p>\n<div class=\"product-uses__directions-for-use\">\n<div class=\"product-uses__directions-for-use-item\">\n<div class=\"product-uses__directions-for-use-copy\"><strong>Sichere Verwendung<\/strong><br \/>\nHautreizungen m\u00f6glich. Au\u00dferhalb der Reichweite von Kindern unter 3 Jahren aufbewahren. Wenn du schwanger bist oder in \u00e4rztlicher Behandlung stehst, konsultiere bitte den Arzt. Kontakt mit Augen, Innenohren, Gesicht, empfindlichen Stellen und Schleimh\u00e4uten vermeiden. Nur zur \u00e4u\u00dferlichen Anwendung.<\/div>\n<\/div>\n<\/div>\n","protected":false},"excerpt":{"rendered":"<h2 style=\"font-size: 28px;\">Entspannende Mischung f\u00fcr Kinder<\/h2>\n<p>doTERRA Rescuer &#8211;\u00a0 F\u00fcr entspannte Bewegung und Wachstum in Vitalit\u00e4t und Wohlbefinden. Die Mischung beruhigt den K\u00f6rper deines Kindes nach einem anstrengendem Tag.<\/p>\n","protected":false},"featured_media":3178,"template":"","meta":{"_et_pb_use_builder":"","_et_pb_old_content":"","_et_gb_content_width":""},"product_cat":[15,51,39,46,1940,1964,1977],"product_tag":[353,354],"_links":{"self":[{"href":"https:\/\/www.magnolioworld.com\/green-ch\/wp-json\/wp\/v2\/product\/720"}],"collection":[{"href":"https:\/\/www.magnolioworld.com\/green-ch\/wp-json\/wp\/v2\/product"}],"about":[{"href":"https:\/\/www.magnolioworld.com\/green-ch\/wp-json\/wp\/v2\/types\/product"}],"wp:featuredmedia":[{"embeddable":true,"href":"https:\/\/www.magnolioworld.com\/green-ch\/wp-json\/wp\/v2\/media\/3178"}],"wp:attachment":[{"href":"https:\/\/www.magnolioworld.com\/green-ch\/wp-json\/wp\/v2\/media?parent=720"}],"wp:term":[{"taxonomy":"product_cat","embeddable":true,"href":"https:\/\/www.magnolioworld.com\/green-ch\/wp-json\/wp\/v2\/product_cat?post=720"},{"taxonomy":"product_tag","embeddable":true,"href":"https:\/\/www.magnolioworld.com\/green-ch\/wp-json\/wp\/v2\/product_tag?post=720"}],"curies":[{"name":"wp","href":"https:\/\/api.w.org\/{rel}","templated":true}]}}