{"id":719,"date":"2020-04-22T14:01:27","date_gmt":"2020-04-22T12:01:27","guid":{"rendered":"https:\/\/www.magnolio.shop\/purify-purify-reinigend\/"},"modified":"2024-02-28T12:41:53","modified_gmt":"2024-02-28T11:41:53","slug":"doterra-purify","status":"publish","type":"product","link":"https:\/\/www.magnolioworld.com\/green-ch\/doterra-purify\/","title":{"rendered":"doTERRA Purify"},"content":{"rendered":"<p><strong>doTERRA Purify<\/strong> &#8211; Reinigen und Erfrischen &#8211; Das \u00d6l der Reinigung<\/p>\n<p>Reinigen mit der Kraft der Natur ist mit dieser Mischung im kompletten Haus und dar\u00fcber hinaus leicht m\u00f6glich. Ob f\u00fcr die Raumluft, als Reiniger f\u00fcr Arbeitsplatten in der K\u00fcche oder anderen Oberfl\u00e4chen, alles wird strahlend rein ohne Chemie und mit erfrischendem Duft. Die Mischung kann auch zur Beseitigung von unangenehmen Ger\u00fcchen im Auto, der Sp\u00fclmaschine, dem Staubsauger oder M\u00fclleimer verwendet werden.<\/p>\n<p>Die \u00e4therische \u00d6lmischung vereint Lemon, Lime, Cilantro und Tea Tree, die alle f\u00fcr ihre reinigende Wirkung bekannt sind.<br \/>\nAusserdem sorgen die \u00e4therischen \u00d6le in Siberian Fir f\u00fcr eine generelle und wohltuende Lufterfrischung.\u00a0<\/p>\n<p>doTERRA Purify reinigt energetisch das Raumklima und befreit emotional von negativen Gedanken und Gef\u00fchlen.<br \/>\nEs hat auch reinigende Wirkung auf der Haut und kann bei Hautirritationen eingesetzt werden.<\/p>\n<p>Verwende das \u00d6l f\u00fcr eine den Raum erfrischende Wirkung im Diffuser und \u00fcberall dort, wo unangenehme Ger\u00fcchte entstehen.<br \/>\nDie Mischung ist auch wunderbar geeignet, um sich im Sommer unbehelligt von Insekten im Freien aufzuhalten.<\/p>\n<p><strong>Empfehlung<\/strong><br \/>\nAromatisch: F\u00fcr ein reines und erfrischtes Klima im Raum 3\u20134 Tropfen doTERRA Purify im Diffuser vernebeln. Zur optimalen emotionalen Wirkung 1-2 Tropfen \u00fcber die Handgelenke oder die Handfl\u00e4chen tief inhalieren.<br \/>\nTopisch: Bei Hautirritationen die Mischung auf die gew\u00fcnschten Stellen geben. F\u00fcr einen nat\u00fcrlichen und effektiven Reiniger einfach 5 Tropfen in eine Spr\u00fchflasche mit Wasser geben. Zur Erfrischung kleiner R\u00e4ume, des Staubsaugers, dem M\u00fclleimer, dem K\u00fchlschrank oder im Auto ein paar Tropfen auf einen Wattebausch geben und an die gew\u00fcnschte Stelle legen. Beim Staubsauger einsaugen und im Auto in den L\u00fcftungsschlitz stecken.<br \/>\nAls reinigender Badezusatz 5 Tropfen mit 5 ml Tr\u00e4ger\u00f6l mischen. Als Duftstoff bei Outdoor-Aktivit\u00e4ten 1 Tropfen der Mischung mit 10 ml Tr\u00e4ger\u00f6l vermischen.<\/p>\n<p><strong>Sichere Verwendung<\/strong><br \/>\nHautreizungen m\u00f6glich. Au\u00dferhalb der Reichweite von Kindern aufbewahren. Wenn du schwanger bist oder in \u00e4rztlicher Behandlung stehst, konsultiere bitte den Arzt. Kontakt mit Augen, Innenohren, Gesicht, empfindlichen Stellen und Schleimh\u00e4uten vermeiden. Mindestens 12 Stunden nach dem Auftragen Sonnenlicht und UV-Strahlen meiden. Nur zur \u00e4u\u00dferlichen Anwendung.<\/p>\n","protected":false},"excerpt":{"rendered":"<h2 style=\"font-size: 28px;\">Reinigende Mischung &#8211; Das \u00d6l der Reinigung<\/h2>\n<p>doTERRA Purify &#8211; Ist das \u00d6l, wenn es um die Raumreinigung oder die emotionale Reinigung von negativen Emotionen geht. Ihr verf\u00fchrerisches Aroma neutralisiert alle zuverl\u00e4ssig alle unangenehmen Ger\u00fcche.<\/p>\n","protected":false},"featured_media":592,"template":"","meta":{"_et_pb_use_builder":"","_et_pb_old_content":"","_et_gb_content_width":""},"product_cat":[15,51,37,1955],"product_tag":[351,352],"_links":{"self":[{"href":"https:\/\/www.magnolioworld.com\/green-ch\/wp-json\/wp\/v2\/product\/719"}],"collection":[{"href":"https:\/\/www.magnolioworld.com\/green-ch\/wp-json\/wp\/v2\/product"}],"about":[{"href":"https:\/\/www.magnolioworld.com\/green-ch\/wp-json\/wp\/v2\/types\/product"}],"wp:featuredmedia":[{"embeddable":true,"href":"https:\/\/www.magnolioworld.com\/green-ch\/wp-json\/wp\/v2\/media\/592"}],"wp:attachment":[{"href":"https:\/\/www.magnolioworld.com\/green-ch\/wp-json\/wp\/v2\/media?parent=719"}],"wp:term":[{"taxonomy":"product_cat","embeddable":true,"href":"https:\/\/www.magnolioworld.com\/green-ch\/wp-json\/wp\/v2\/product_cat?post=719"},{"taxonomy":"product_tag","embeddable":true,"href":"https:\/\/www.magnolioworld.com\/green-ch\/wp-json\/wp\/v2\/product_tag?post=719"}],"curies":[{"name":"wp","href":"https:\/\/api.w.org\/{rel}","templated":true}]}}