{"id":717,"date":"2020-04-22T14:01:27","date_gmt":"2020-04-22T12:01:27","guid":{"rendered":"https:\/\/www.magnolio.shop\/peace-peace-friedvoll\/"},"modified":"2025-11-17T14:05:36","modified_gmt":"2025-11-17T13:05:36","slug":"doterra-peace","status":"publish","type":"product","link":"https:\/\/www.magnolioworld.com\/green-ch\/doterra-peace\/","title":{"rendered":"doTERRA Peace"},"content":{"rendered":"<p><strong>doTERRA Peace<\/strong> &#8211; Die friedvolle Mischung &#8211; Im Frieden mit sich und dem Leben<\/p>\n<p>Innerer Friede ist Voraussetzung f\u00fcr ein erf\u00fclltes Leben. Weder du noch die Welt um dich herum sind perfekt. Geniesse einen gelassenen und friedvollen Weg voller Ruhe und Ausgeglichenheit. <\/p>\n<p>doTERRA Peace &#8211; Die Mischung entschleunigt, l\u00e4sst tief durchatmen, verhilft zu Ruhe und innerem Frieden. Sie verschafft dir Best\u00e4tigung, mit Gelassenheit den eigenen Weg zu gehen entspannt und friedlich im innen und aussen.<br \/>\nDie wertvollen \u00e4therischen \u00d6le aus Vetiver, Lavender, Ylang Ylang, Frankincense, Clary Sage, Marjoram und Spearmint unterst\u00fctzen dich dabei. <\/p>\n<p>Dein innerer Frieden und der feste Glauben an eine positive Zukunft beginnt mit ein paar Tropfen der beruhigenden Mischung Peace.<\/p>\n<p>F\u00fcr unterwegs gibt es auch die mit fraktioniertem Kokos\u00f6l gebrauchsfertige Mischung im Touch.<\/p>\n<p><strong>Empfehlung<\/strong><br \/>\nAromatisch: F\u00fcr Gef\u00fchle des inneren Friedens am Morgen die Mischung \u00fcber die Handfl\u00e4chen inhalieren. F\u00fcr entspannte Raumumgebung bei der Arbeit oder zuhause 3-4 Tropfen der Mischung im Diffuser vernebeln. Ideal auch als Begleiter f\u00fcr einen ruhigen Schlaf.<br \/>\nTopisch: Am Morgen f\u00fcr einen Start voller Ruhe und Geborgenheit doTERRA Peace auf die Fuss-Sohlen auftragen. F\u00fcr einen friedvollen Schlaf die Mischung auf die Unterseite der F\u00fc\u00dfe geben. Als entspannender Abschluss eines langen Tages kann eine Massage mit Tr\u00e4ger\u00f6l und der Mischung Wohlbefinden schaffen. Vor dem Yoga oder der Mediation auf die Fuss-Sohlen, den Nacken oder die Handgelenke auftragen.<br \/>\nAls Parf\u00fcm 1 Tropfen mit 10 Tropfen Tr\u00e4ger\u00f6l mischen und mit innerem Frieden durch den Tag getragen werden.<\/p>\n<p><strong>Sichere Verwendung<\/strong><br \/>\nHautreizungen m\u00f6glich. Au\u00dferhalb der Reichweite von Kindern aufbewahren. Wenn du schwanger bist oder in \u00e4rztlicher Behandlung stehst, konsultiere bitte den Arzt. Kontakt mit Augen, Innenohren, Gesicht, empfindlichen Stellen und Schleimh\u00e4uten vermeiden. Mindestens 12 Stunden nach dem Auftragen Sonnenlicht und UV-Strahlen meiden. Nur zur \u00e4usserlichen Anwendung.<\/p>\n<div class=\"product-uses__block-list\">\u00a0<\/div>\n","protected":false},"excerpt":{"rendered":"<h2 style=\"font-size: 28px;\">Friedvolle Mischung &#8211; Das \u00d6l der Best\u00e4tigung<\/h2>\n<p>doTERRA Peace &#8211; Die Mischung entschleunigt, l\u00e4sst tief durchatmen, verhilft zu Ruhe und innerem Frieden. Sie verschafft dir Best\u00e4tigung, mit Gelassenheit den eigenen Weg.gehen<\/p>\n","protected":false},"featured_media":588,"template":"","meta":{"_et_pb_use_builder":"","_et_pb_old_content":"","_et_gb_content_width":""},"product_cat":[15,51,38,40,1960],"product_tag":[347,348],"_links":{"self":[{"href":"https:\/\/www.magnolioworld.com\/green-ch\/wp-json\/wp\/v2\/product\/717"}],"collection":[{"href":"https:\/\/www.magnolioworld.com\/green-ch\/wp-json\/wp\/v2\/product"}],"about":[{"href":"https:\/\/www.magnolioworld.com\/green-ch\/wp-json\/wp\/v2\/types\/product"}],"wp:featuredmedia":[{"embeddable":true,"href":"https:\/\/www.magnolioworld.com\/green-ch\/wp-json\/wp\/v2\/media\/588"}],"wp:attachment":[{"href":"https:\/\/www.magnolioworld.com\/green-ch\/wp-json\/wp\/v2\/media?parent=717"}],"wp:term":[{"taxonomy":"product_cat","embeddable":true,"href":"https:\/\/www.magnolioworld.com\/green-ch\/wp-json\/wp\/v2\/product_cat?post=717"},{"taxonomy":"product_tag","embeddable":true,"href":"https:\/\/www.magnolioworld.com\/green-ch\/wp-json\/wp\/v2\/product_tag?post=717"}],"curies":[{"name":"wp","href":"https:\/\/api.w.org\/{rel}","templated":true}]}}