{"id":716,"date":"2020-04-22T14:01:27","date_gmt":"2020-04-22T12:01:27","guid":{"rendered":"https:\/\/www.magnolio.shop\/pasttense-pasttense-entspannend\/"},"modified":"2024-02-02T12:27:53","modified_gmt":"2024-02-02T11:27:53","slug":"doterra-pasttense","status":"publish","type":"product","link":"https:\/\/www.magnolioworld.com\/green-ch\/doterra-pasttense\/","title":{"rendered":"doTERRA PastTense"},"content":{"rendered":"<p><strong>doTERRA PastTense<\/strong> &#8211; Die schnelle Hilfe bei Verspannungen im Kopf- und Nackenbereich &#8211; Das \u00d6l der Erleichterung<\/p>\n<p>Du m\u00f6chtest zur Ruhe kommen? Du m\u00f6chtest dringend im Hier und Jetzt das Gef\u00fchl einer intensiven Erdung wiederfinden? Dein K\u00f6rper und Geist ben\u00f6tigen Entspannung und Ruhe, damit du in der Nacht nicht senkrecht im Bett sitzt? <\/p>\n<p>Die entspannende Mischung doTERRA PastTense ist als Touch immer griffbereit und hilft dir bei der Arbeit, in der Schule oder zuhause. Sie enth\u00e4lt wertvolle beruhigende und erleichternde \u00e4therischen \u00d6le und hilft bei der Entspannung nach einem langen Tag, einfach zwischendurch am Schreibtisch oder auf Reisen.<\/p>\n<p>Die Mischung enth\u00e4lt \u00e4therische \u00d6le, die bekannt daf\u00fcr sind, Ruhe und Entspannung zu geben und ausgleichend auf K\u00f6rper und Geist zu wirken. Dazu geh\u00f6ren die \u00e4therischen \u00d6le Frankincense, Lavender und Rosemary. Gleichzeitig verschafft Peppermint ein erfrischendes Gef\u00fchl voller Klarheit.<\/p>\n<p>Trage etwas <strong>doTERRA PastTense<\/strong> auf Ohrl\u00e4ppchen, Hals oder Schultern auf, um deine Emotionen zu beruhigen und Kopf und Nacken zu entspannen. F\u00fcr emotionale Entspannung einfach auf auf die Handgelenke auftragen und inhalieren.<\/p>\n<p><strong>Empfehlung<\/strong><br \/>\nAromatisch: F\u00fcr eine Gef\u00fchl der Ruhe und Entspannung zum Start in den Tag die Mischung tief \u00fcber die Handgelenke inhalieren. Bei Bedarf zwischendurch wiederholen.<br \/>\nTopisch: Vor Pr\u00fcfungen oder Pr\u00e4sentationen auf den Nacken oder die Schl\u00e4fen auftragen. Zum L\u00f6sen von Verspannungen und Erleichterung nach einen langen Tag vor dem PC doTERRA PastTense im Nacken, den Schultern oder dem R\u00fccken auftragen. Bei M\u00fcdigkeit oder Verspannungen im Kopf den Touch im Nacken und auf den Schl\u00e4fen verteilen. F\u00fcr eine k\u00fchlende und ausgleichende Wirkung auf Reisen und unterwegs, den Touch auf den Handfl\u00e4chen und dem Nacken auftragen.<\/p>\n<p><strong>Sichere Verwendung<\/strong><br \/>\nHautreizungen m\u00f6glich. Au\u00dferhalb der Reichweite von Kindern aufbewahren. Wenn du schwanger bist oder in \u00e4rztlicher Behandlung stehst, konsultiere bitte den Arzt. Kontakt mit Augen, Innenohren, Gesicht, empfindlichen Stellen und Schleimh\u00e4uten vermeiden. Nur zur \u00e4u\u00dferlichen Anwendung.<\/p>\n","protected":false},"excerpt":{"rendered":"<h2 style=\"font-size: 28px;\">Spannungsl\u00f6sende Mischung &#8211; Das \u00d6l der Erleichterung<\/h2>\n<p>doTERRA PastTense &#8211; Mit dieser Mischung aus wertvollen \u00e4therischen \u00d6len l\u00f6sen sie schnell Verspannungen. Durch den gebrauchsfertigen Touch k\u00f6nnen jederzeit auch unterwegs sofort Spannungsgef\u00fchle am Kopf oder den Muskeln gel\u00f6st werden. Emotional hilft sie zu Ruhe und Erleichterung.<\/p>\n","protected":false},"featured_media":585,"template":"","meta":{"_et_pb_use_builder":"","_et_pb_old_content":"","_et_gb_content_width":""},"product_cat":[15,51,48,1983],"product_tag":[345,346],"_links":{"self":[{"href":"https:\/\/www.magnolioworld.com\/green-ch\/wp-json\/wp\/v2\/product\/716"}],"collection":[{"href":"https:\/\/www.magnolioworld.com\/green-ch\/wp-json\/wp\/v2\/product"}],"about":[{"href":"https:\/\/www.magnolioworld.com\/green-ch\/wp-json\/wp\/v2\/types\/product"}],"wp:featuredmedia":[{"embeddable":true,"href":"https:\/\/www.magnolioworld.com\/green-ch\/wp-json\/wp\/v2\/media\/585"}],"wp:attachment":[{"href":"https:\/\/www.magnolioworld.com\/green-ch\/wp-json\/wp\/v2\/media?parent=716"}],"wp:term":[{"taxonomy":"product_cat","embeddable":true,"href":"https:\/\/www.magnolioworld.com\/green-ch\/wp-json\/wp\/v2\/product_cat?post=716"},{"taxonomy":"product_tag","embeddable":true,"href":"https:\/\/www.magnolioworld.com\/green-ch\/wp-json\/wp\/v2\/product_tag?post=716"}],"curies":[{"name":"wp","href":"https:\/\/api.w.org\/{rel}","templated":true}]}}