{"id":713,"date":"2020-04-22T14:01:27","date_gmt":"2020-04-22T12:01:27","guid":{"rendered":"https:\/\/www.magnolio.shop\/onguard-touch-onguard-touch-schuetzend\/"},"modified":"2024-02-28T15:46:05","modified_gmt":"2024-02-28T14:46:05","slug":"doterra-on-guard-touch","status":"publish","type":"product","link":"https:\/\/www.magnolioworld.com\/green-ch\/doterra-on-guard-touch\/","title":{"rendered":"doTERRA On Guard Touch"},"content":{"rendered":"<p><strong>doTERRA On Guard<\/strong> <strong>Touch<\/strong> &#8211; Die Sch\u00fctzende Mischung &#8211; Ein optimaler Rundum-Schutz f\u00fcr K\u00f6rper, Geist und Seele in bewegten Zeiten &#8211; Hier als praktischer Touch f\u00fcr unterwegs.<\/p>\n<p>In diesen besonderen Zeiten st\u00fcrmt von au\u00dfen so viel auf uns ein. Umso wichtiger ist es, unser Immunsystem so optimal wie m\u00f6glich zu sch\u00fctzen, damit es gegen \u00e4ussere Einfl\u00fcsse aller Art bestens ger\u00fcstet ist. <\/p>\n<p>Doch gerade auch Krisenzeiten, Stress und belastende Umweltsituationen schw\u00e4chen diesen Schutzschirm ganz massiv. So braucht unser Immunsystem jetzt das ganze Jahr die bestm\u00f6gliche Unterst\u00fctzung. Denn ein angeschlagenes Immunsystem kann dich leicht aus der Bahn werfen und f\u00fcr Wochen stilllegen.<\/p>\n<p>Wenn du auch den den Eindruck hast, dass dein Immunsystem dringend Verst\u00e4rkung ben\u00f6tigt oder du einfach nur vorbeugen willst, dann greife auf die Unterst\u00fctzung der reinen Natur mit hochwertigen \u00e4therischen \u00d6len in der \u00e4therischen \u00d6lmischung On Guard zu.<\/p>\n<p>So wurde <strong>doTERRA On Guard<\/strong> speziell daf\u00fcr entwickelt, dein Immunsystem bestm\u00f6glich zu st\u00e4rken und zu unterst\u00fctzen.<br \/>\nDiese Mischung ist eine genau aufeinander abgestimmt Komposition aus Wild Orange, Clove, Cinnamon Bark, Eucalyptus und Rosemary. Die Energie gebende und Stimmung hebende Mischung darf insbesondere in der \u00dcbergangszeit nie fehlen, ist aber auch zur Vorbeugung das ganze Jahr \u00fcber sehr hilfreich.<\/p>\n<p>doTERRA On Guard legt sich wie ein Schutzschild um deinen gesamten K\u00f6rper, bietet auch energetischen Schutz und wirkt nat\u00fcrlich desinfizierend und reinigend.<br \/>\nDie \u00e4therische sch\u00fctzende Mischung On Guard Touch kann auf die Fussohlen, den Hals oder den Bereich der Bronchien aufgetragen werden. Besonders intensiv wirkt es dabei auf den Reflexpunkten der F\u00fcsse. <\/p>\n<p>Die \u00e4therische Mischung doTERRA On Guard Touch ist gebrauchsfertig mit fraktioniertem Kokos\u00f6l gemischt f\u00fcr Ihre Tasche zur St\u00e4rkung des Immunsystems f\u00fcr unterwegs konzipiert. Ideal auch zur topischen Anwendung.<\/p>\n<p>F\u00fcr die praktische Verwendung unterwegs wurde das On Guard Handreinigungsspray, die On Guard Pastillen,die On Guard K\u00fcgelchen und die On Guard Softgels entwickelt. <\/p>\n<p>Einen optimalen Schutz zuhause bieten eine Vielzahl von On Guard Haushaltsprodukten, wie der On Guard Universalreiniger, die On Guard Sch\u00e4umende Handseife und das On Guard Waschmittel. Die Zahnpflege rundet die On Guard Zahnpasta, die On Guard Mundsp\u00fclung und die On Guard Zahnseide ab.<\/p>\n<p>Unterst\u00fctze deinen K\u00f6rper mit der Kraft der reinen Natur in On Guard und gib ihm ein Schutzschild f\u00fcr jeden Tag.<br \/>\nIdeal auch f\u00fcr den Schutz deiner Kinder in der Schule auf die Fuss-Sohlen auftragen. Speziell f\u00fcr Kinder wurde auch die kindgerechte Mischung Stronger entwickelt.<\/p>\n<p><strong>Empfehlung<br \/>\n<\/strong>Topisch: Trage die Mischung doTERRA On Guard Touch morgens zum Schutz f\u00fcr den Tag auf die Handgelenke und F\u00fcsse auf. <br \/>\nZur Regeneration und St\u00e4rkung des Immunsystems vor dem Schlafen gehen auf die Fuss-Sohlen auftragen. Halte den doTERRA On Guard Touch unterwegs zum energetischen Schutz stets griffbereit. <\/p>\n<p><strong>Sichere Verwendung<\/strong><br \/>\nKann Hautreizungen verursachen. Au\u00dferhalb der Reichweite von Kindern aufbewahren. Wenn Du schwanger oder in \u00e4rztlicher Behandlung bist, konsultiere bitte Deinen Arzt. Kontakt mit Augen, Innenohren, Gesicht, empfindlichen Stellen und Schleimh\u00e4uten vermeiden.<\/p>\n<div class=\"product-uses__block-list\">\u00a0<\/div>\n<p>&nbsp;<\/p>\n","protected":false},"excerpt":{"rendered":"<h2 style=\"font-size: 28px;\">Sch\u00fctzender Roll-On<\/h2>\n<p>doTERRA On Guard Touch &#8211; Gebrauchsfertig f\u00fcr deine Tasche zur St\u00e4rkung des Immunsystems f\u00fcr unterwegs konzipiert. Er bietet einen optimaler Rundum-Schutz f\u00fcr K\u00f6rper, Geist und Seele in bewegten Zeiten.<\/p>\n","protected":false},"featured_media":3150,"template":"","meta":{"_et_pb_use_builder":"","_et_pb_old_content":"","_et_gb_content_width":""},"product_cat":[15,51,53,1952],"product_tag":[339,340],"_links":{"self":[{"href":"https:\/\/www.magnolioworld.com\/green-ch\/wp-json\/wp\/v2\/product\/713"}],"collection":[{"href":"https:\/\/www.magnolioworld.com\/green-ch\/wp-json\/wp\/v2\/product"}],"about":[{"href":"https:\/\/www.magnolioworld.com\/green-ch\/wp-json\/wp\/v2\/types\/product"}],"wp:featuredmedia":[{"embeddable":true,"href":"https:\/\/www.magnolioworld.com\/green-ch\/wp-json\/wp\/v2\/media\/3150"}],"wp:attachment":[{"href":"https:\/\/www.magnolioworld.com\/green-ch\/wp-json\/wp\/v2\/media?parent=713"}],"wp:term":[{"taxonomy":"product_cat","embeddable":true,"href":"https:\/\/www.magnolioworld.com\/green-ch\/wp-json\/wp\/v2\/product_cat?post=713"},{"taxonomy":"product_tag","embeddable":true,"href":"https:\/\/www.magnolioworld.com\/green-ch\/wp-json\/wp\/v2\/product_tag?post=713"}],"curies":[{"name":"wp","href":"https:\/\/api.w.org\/{rel}","templated":true}]}}