{"id":712,"date":"2020-04-22T14:01:26","date_gmt":"2020-04-22T12:01:26","guid":{"rendered":"https:\/\/www.magnolio.shop\/onguard-softgels-onguard-softgels-schuetzend\/"},"modified":"2024-12-16T13:02:28","modified_gmt":"2024-12-16T12:02:28","slug":"doterra-on-guard-softgels","status":"publish","type":"product","link":"https:\/\/www.magnolioworld.com\/green-ch\/doterra-on-guard-softgels\/","title":{"rendered":"doTERRA On Guard Softgels"},"content":{"rendered":"<p>doTERRA On Guard Softgels &#8211; Sind ein optimaler Rundum-Schutz f\u00fcr K\u00f6rper, Geist und Seele in bewegten Zeiten &#8211; Als praktische Softgels<\/p>\n<p>In diesen besonderen Zeiten st\u00fcrmt von au\u00dfen so viel auf uns ein. Umso wichtiger ist es, unser Immunsystem so optimal wie m\u00f6glich zu sch\u00fctzen, damit es gegen \u00e4ussere Einfl\u00fcsse aller Art bestens ger\u00fcstet ist. <\/p>\n<p>Doch gerade auch Krisenzeiten, Stress und belastende Umweltsituationen schw\u00e4chen diesen Schutzschirm ganz massiv. So braucht unser Immunsystem jetzt das ganze Jahr die bestm\u00f6gliche Unterst\u00fctzung. Denn ein angeschlagenes Immunsystem kann dich leicht aus der Bahn werfen und f\u00fcr Wochen stilllegen.<\/p>\n<p>Wenn du auch den den Eindruck hast, dass dein Immunsystem dringend Verst\u00e4rkung ben\u00f6tigt oder du einfach nur vorbeugen willst, dann greife auf die Unterst\u00fctzung der reinen Natur mit hochwertigen \u00e4therischen \u00d6len der <strong>doTERRA On Guard Softgels<\/strong> zu.<\/p>\n<p>So wurde <strong>doTERRA On Guard<\/strong> speziell daf\u00fcr entwickelt, dein Immunsystem bestm\u00f6glich zu st\u00e4rken und zu unterst\u00fctzen.<br \/>\nDiese Mischung ist eine genau aufeinander abgestimmt Komposition aus Wild Orange, Clove, Cinnamon Bark, Eucalyptus und Rosemary. Die Energie gebende und Stimmung hebende Mischung darf insbesondere in der \u00dcbergangszeit nie fehlen, ist aber auch zur Vorbeugung das ganze Jahr \u00fcber sehr hilfreich.<\/p>\n<p>doTERRA On Guard legt sich wie ein Schutzschild um deinen gesamten K\u00f6rper, bietet auch energetischen Schutz und wirkt nat\u00fcrlich desinfizierend und reinigend.<\/p>\n<p>Ideal f\u00fcr den schnellen optimalen Schutz wurden diese veganen doTERRA On Guard Softgels entwickelt, welche die sch\u00fctzende Mischung enthalten und einfach eingenommen werden k\u00f6nnen.<\/p>\n<p>F\u00fcr die praktische Verwendung unterwegs wurde das On Guard Mist Spray, die On Guard Drops und die On Guard K\u00fcgelchen entwickelt. <\/p>\n<p>Einen optimalen Schutz zuhause bieten eine Vielzahl von On Guard Haushaltsprodukten, wie der On Guard Universalreiniger, die On Guard Sch\u00e4umende Handseife und das On Guard Waschmittel. Die Zahnpflege rundet die On Guard Zahnpasta, die On Guard Mundsp\u00fclung und die On Guard Zahnseide ab.<\/p>\n<p>Unterst\u00fctze deinen K\u00f6rper mit der Kraft der reinen Natur in On Guard und gib ihm ein Schutzschild f\u00fcr jeden Tag und habe die sch\u00fctzenden Softgels immer dabei.<\/p>\n<p><strong>Empfehlung<br \/>\n<\/strong>Innerlich: 1 Softgel t\u00e4glich einnehmen. Bitte beachte vor dem Gebrauch alle Vorsichts- und Warnhinweise.<\/p>\n<p><strong>Sichere Verwendung<\/strong><br \/>\n\u00dcberschreite nicht die empfohlene Tagesdosis. Au\u00dferhalb der Reichweite von Kindern aufbewahren. Obwohl Nahrungserg\u00e4nzungsmittel eine hervorragende Erg\u00e4nzung Ihrer Ern\u00e4hrungsgewohnheiten sind, sind sie kein Ersatz f\u00fcr eine abwechslungsreiche und ausgewogene Ern\u00e4hrung und einen gesunden Lebensstil. K\u00fchl aufbewahren.<\/p>\n","protected":false},"excerpt":{"rendered":"<h2 style=\"font-size: 28px;\">Sch\u00fctzende Kapseln<\/h2>\n<p>doTERRA On Guard Softgels &#8211; Bieten einen optimalen Rundum-Schutz f\u00fcr K\u00f6rper, Geist und Seele in bewegten Zeiten. Unterst\u00fctzen deinen K\u00f6rper mit der Kraft der Natur und gib ihm ein Schutzschild f\u00fcr jeden Tag. Hier als praktische vegane Weichkapseln auch f\u00fcr unterwegs.<\/p>\n","protected":false},"featured_media":3204,"template":"","meta":{"_et_pb_use_builder":"","_et_pb_old_content":"","_et_gb_content_width":""},"product_cat":[15,52,43,46,53,1952,1971,1973],"product_tag":[337,338],"_links":{"self":[{"href":"https:\/\/www.magnolioworld.com\/green-ch\/wp-json\/wp\/v2\/product\/712"}],"collection":[{"href":"https:\/\/www.magnolioworld.com\/green-ch\/wp-json\/wp\/v2\/product"}],"about":[{"href":"https:\/\/www.magnolioworld.com\/green-ch\/wp-json\/wp\/v2\/types\/product"}],"wp:featuredmedia":[{"embeddable":true,"href":"https:\/\/www.magnolioworld.com\/green-ch\/wp-json\/wp\/v2\/media\/3204"}],"wp:attachment":[{"href":"https:\/\/www.magnolioworld.com\/green-ch\/wp-json\/wp\/v2\/media?parent=712"}],"wp:term":[{"taxonomy":"product_cat","embeddable":true,"href":"https:\/\/www.magnolioworld.com\/green-ch\/wp-json\/wp\/v2\/product_cat?post=712"},{"taxonomy":"product_tag","embeddable":true,"href":"https:\/\/www.magnolioworld.com\/green-ch\/wp-json\/wp\/v2\/product_tag?post=712"}],"curies":[{"name":"wp","href":"https:\/\/api.w.org\/{rel}","templated":true}]}}