{"id":710,"date":"2020-04-22T14:01:26","date_gmt":"2020-04-22T12:01:26","guid":{"rendered":"https:\/\/www.magnolio.shop\/onguard-onguard-schuetzend\/"},"modified":"2025-11-17T18:28:01","modified_gmt":"2025-11-17T17:28:01","slug":"doterra-on-guard","status":"publish","type":"product","link":"https:\/\/www.magnolioworld.com\/green-ch\/doterra-on-guard\/","title":{"rendered":"doTERRA On Guard"},"content":{"rendered":"<p><strong>doTERRA On Guard<\/strong> &#8211; Die Sch\u00fctzende Mischung &#8211; Ein optimaler Rundum-Schutz f\u00fcr K\u00f6rper, Geist und Seele in bewegten Zeiten.<\/p>\n<p>Doch gerade auch Krisenzeiten, Stress und belastende Umweltsituationen schw\u00e4chen diesen Schutzschirm ganz massiv. So braucht unser Immunsystem jetzt das ganze Jahr die bestm\u00f6gliche Unterst\u00fctzung. Denn ein angeschlagenes Immunsystem kann dich leicht aus der Bahn werfen und f\u00fcr Wochen stilllegen.<\/p>\n<p>Wenn du auch den den Eindruck hast, dass dein Immunsystem dringend Verst\u00e4rkung ben\u00f6tigt oder du einfach nur vorbeugen willst, dann greife auf die Unterst\u00fctzung der reinen Natur mit hochwertigen \u00e4therischen \u00d6len in der \u00e4therischen Mischung doTERRA On Guard zu.<\/p>\n<p>So wurde <strong>doTERRA On Guard<\/strong> speziell daf\u00fcr entwickelt, dein Immunsystem bestm\u00f6glich zu st\u00e4rken und zu unterst\u00fctzen.<br \/>\nDiese Mischung ist eine genau aufeinander abgestimmt Komposition aus Wild Orange, Clove, Cinnamon Bark, Eucalyptus und Rosemary. Die Energie gebende und Stimmung hebende Mischung darf insbesondere in der \u00dcbergangszeit nie fehlen, ist aber auch zur Vorbeugung das ganze Jahr \u00fcber sehr hilfreich.<\/p>\n<p>doTERRA On Guard legt sich wie ein Schutzschild um deinen gesamten K\u00f6rper, bietet auch energetischen Schutz und wirkt nat\u00fcrlich desinfizierend und reinigend.<br \/>\nDie \u00e4therische sch\u00fctzende Mischung On Guard kann sowohl innerlich eingenommen oder im Diffuser vernebelt werden. Im Diffuser verwendet, reinigt es ganz nat\u00fcrlich die Luft zuhause oder in B\u00fcro und Praxis.<\/p>\n<p>F\u00fcr die praktische Verwendung unterwegs wurde das On Guard Mist Spray, die On Guard Drops, die On Guard K\u00fcgelchen und die On Guard Softgels entwickelt. <\/p>\n<p>Einen optimalen Schutz zuhause bieten eine Vielzahl von On Guard Haushaltsprodukten, wie der On Guard Universalreiniger, die On Guard Sch\u00e4umende Handseife und das On Guard Waschmittel. Die Zahnpflege rundet die On Guard Zahnpasta, die On Guard Mundsp\u00fclung und die On Guard Zahnseide ab.<\/p>\n<p>Unterst\u00fctze deinen K\u00f6rper mit der Kraft der reinen Natur in On Guard und gib ihm ein Schutzschild f\u00fcr jeden Tag.<\/p>\n<p><strong>Empfehlung<\/strong><br \/>\nAromatisch: Zur Unterst\u00fctzung eines gesch\u00fctzten Raumklimas vernebele 3\u20134 Tropfen im Diffuser.<br \/>\nInnerlich Gib max.1 Tropfen doTERRA On Guard in 125 ml Fl\u00fcssigkeit und trinke es zur Vorbeugung oder bei akutem Bedarf. F\u00fcr einen intensiven und warmen Geschmack in Heiss-Getr\u00e4nken geeignet. <\/p>\n<p><strong>Sichere Verwendung<\/strong><br \/>\nBitte achte darauf, innerlich nicht mehr als 1 Tropfen am Tag zu verwenden. Au\u00dferhalb der Reichweite von Kindern aufbewahren. Wenn Du schwanger bist in \u00e4rztlicher Behandlung stehst, konsultiere bitte Deinen Arzt. Kontakt mit Augen, Innenohren, Gesicht, empfindlichen Stellen und Schleimh\u00e4uten vermeiden. Bei Hautkontakt mindestens 12 Stunden nach dem Auftragen Sonnenlicht und UV-Strahlung vermeiden.<\/p>\n","protected":false},"excerpt":{"rendered":"<h2 style=\"font-size: 28px;\">Sch\u00fctzende Mischung<\/h2>\n<p>doTERRA On Guard &#8211; Ist ein optimaler Rundum-Schutz f\u00fcr K\u00f6rper, Geist und Seele in bewegten Zeiten. Die sch\u00fctzende Mischung unterst\u00fctzt dein Immunsystem rund um die Uhr auch vorbeugend und bietet auch energetischen Schutz. Es wirkt wie ein komplettes Schutz-Schild.<\/p>\n","protected":false},"featured_media":580,"template":"","meta":{"_et_pb_use_builder":"","_et_pb_old_content":"","_et_gb_content_width":""},"product_cat":[15,51,36,43,46,53,1937,1952,1971,1973,1980],"product_tag":[333,334],"_links":{"self":[{"href":"https:\/\/www.magnolioworld.com\/green-ch\/wp-json\/wp\/v2\/product\/710"}],"collection":[{"href":"https:\/\/www.magnolioworld.com\/green-ch\/wp-json\/wp\/v2\/product"}],"about":[{"href":"https:\/\/www.magnolioworld.com\/green-ch\/wp-json\/wp\/v2\/types\/product"}],"wp:featuredmedia":[{"embeddable":true,"href":"https:\/\/www.magnolioworld.com\/green-ch\/wp-json\/wp\/v2\/media\/580"}],"wp:attachment":[{"href":"https:\/\/www.magnolioworld.com\/green-ch\/wp-json\/wp\/v2\/media?parent=710"}],"wp:term":[{"taxonomy":"product_cat","embeddable":true,"href":"https:\/\/www.magnolioworld.com\/green-ch\/wp-json\/wp\/v2\/product_cat?post=710"},{"taxonomy":"product_tag","embeddable":true,"href":"https:\/\/www.magnolioworld.com\/green-ch\/wp-json\/wp\/v2\/product_tag?post=710"}],"curies":[{"name":"wp","href":"https:\/\/api.w.org\/{rel}","templated":true}]}}