{"id":709,"date":"2020-04-22T14:01:24","date_gmt":"2020-04-22T12:01:24","guid":{"rendered":"https:\/\/www.magnolio.shop\/motivate-touch-motivate-touch-motivierend\/"},"modified":"2024-02-02T12:09:45","modified_gmt":"2024-02-02T11:09:45","slug":"doterra-motivate-touch","status":"publish","type":"product","link":"https:\/\/www.magnolioworld.com\/green-ch\/doterra-motivate-touch\/","title":{"rendered":"doTERRA Motivate Touch"},"content":{"rendered":"<p><strong>doTERRA Motivate<\/strong> <strong>Touch<\/strong> &#8211; Die ermutigende Mischung <strong>&#8211;<\/strong> F\u00fcr eine schnelle und nachhaltige Motivation<strong>.<\/p>\n<p><\/strong>Bist du in letzter Zeit \u00f6fter frustriert als sonst? Kommst du aufgrund von R\u00fcckschl\u00e4gen nicht mehr richtig in Gang? Wurde dein Vertrauen missbraucht, so dass du nur noch zynisch reagierst? <br \/>\nDann ist die motivierende Mischung doTERRA Motivate deine beste Wahl. <\/p>\n<p>Die \u00e4therische \u00d6lmischung Motivate unterst\u00fctzt dich bei dem dringend notwendig gewordenen Reset, l\u00e4sst dich inne halten und mit neuer kreativer Kraft, Motivation und Mut wieder deinen Weg finden. Du erkennst, dass du so viel mehr kannst und setzt das endlich um. Die Mischung schafft Selbstvertrauen, unterst\u00fctzt die Tatkraft und vertreibt negative Gedanken. Wenn man das Gef\u00fchl hat, nicht weiterzukommen und entmutigt ist, dem hilft Motivate mit der Kraft der Natur seinen Weg entschlossen zu gehen. Auch sehr hilfreich beim Sport, in Schule, Studium und Beruf.<\/p>\n<p>Diese neu formulierte \u00d6lmischung verbindet ein frisches Minz-Aroma mit Stimmung aufhellenden Citrus\u00f6len und den Vorteilen der wertvollen Vanilla Absolue. Sie hilft besonders bei der Umsetzung der Potential-Entfaltung. Gleichzeitig sorgen beruhigende \u00d6le f\u00fcr mehr Gelassenheit und Ruhe bei der Umsetzung ohne den n\u00f6tigen Elan zu verlieren.<\/p>\n<p>Folgende \u00e4therischen \u00d6le sind in doTERRA Motivate Touch enthalten: Peppermint, Wild Orange, Clementine, Lemon, Rosemary, Coriander, Basil, Spearmint, Lemongrass, Tonka Bean, Cardamom, Melissa und Vanilla Absolue.<\/p>\n<p>G\u00f6nne dir diese besondere Mischung und starte voller Elan und Begeisterung mit der Umsetzung Deiner W\u00fcnsche, indem du dabei dein volles Potential aussch\u00f6pfen kannst.<\/p>\n<p>Hier als gebrauchsfertige mit Kokos\u00f6l verd\u00fcnnte Mischung im Touch. Ideal f\u00fcr unterwegs und \u00fcberall, wo Motivation gebraucht wird.<\/p>\n<p><strong>Empfehlung<\/strong><br \/>\nAromatisch: F\u00fcr Gef\u00fchle der Motivation und einen kraftvollen Start in den Tag die Mischung \u00fcber die Handfl\u00e4chen inhalieren. <br \/>\nIdeal auch beim Meditieren oder der Yoga-Praxis. <br \/>\nTopisch: Am Morgen f\u00fcr Gef\u00fchle von Aufbruch und Selbstvertrauen doTERRA Motivate Touch auf die Fuss-Sohlen auftragen. Um \u00fcber den Tag Begeisterung und Ermutigung zu f\u00f6rdern, die Mischung auf die Handgelenke und das Herz auftragen. Bei Ersch\u00f6pfung und Energiemangel doTERRA Motivate Touch im Nacken und den Handgelenken auftragen. Vor Pr\u00e4sentationen oder Wettk\u00e4mpfen auf dem Hals-Chakra verwenden.<br \/>\nAls Parf\u00fcm im Nacken und auf den Handgelenken auftragen und mit Elan durch den Tag getragen werden.<\/p>\n<p><strong>Sichere Verwendung<\/strong><br \/>\nHautreizungen m\u00f6glich. Au\u00dferhalb der Reichweite von Kindern aufbewahren. Wenn du schwanger bist oder in \u00e4rztlicher Behandlung stehst, konsultiere bitte den Arzt. Kontakt mit Augen, Innenohren, Gesicht, empfindlichen Stellen und Schleimh\u00e4uten vermeiden. Mindestens 12 Stunden nach dem Auftragen Sonnenlicht und UV-Strahlen meiden. Nur zur \u00e4usserlichen Anwendung.<\/p>\n","protected":false},"excerpt":{"rendered":"<h2 style=\"font-size: 28px;\">Ermutigende Mischung Roll-On<\/h2>\n<p>doTERRA Motivate Touch &#8211;\u00a0 Mit dieser Mischung wird das Selbstvertrauen unterst\u00fctzt, negative Gef\u00fchle vertrieben und Mut und Elan f\u00fcr den eigenen Weg gegeben. Ideal in f\u00fcr Schule, Studium und Beruf, aber auch bei Wettk\u00e4mpfen oder Pr\u00e4sentationen. Hier im praktischen Touch f\u00fcr unterwegs.<\/p>\n","protected":false},"featured_media":3174,"template":"","meta":{"_et_pb_use_builder":"","_et_pb_old_content":"","_et_gb_content_width":""},"product_cat":[15,51,40,2110,1965],"product_tag":[318,319],"_links":{"self":[{"href":"https:\/\/www.magnolioworld.com\/green-ch\/wp-json\/wp\/v2\/product\/709"}],"collection":[{"href":"https:\/\/www.magnolioworld.com\/green-ch\/wp-json\/wp\/v2\/product"}],"about":[{"href":"https:\/\/www.magnolioworld.com\/green-ch\/wp-json\/wp\/v2\/types\/product"}],"wp:featuredmedia":[{"embeddable":true,"href":"https:\/\/www.magnolioworld.com\/green-ch\/wp-json\/wp\/v2\/media\/3174"}],"wp:attachment":[{"href":"https:\/\/www.magnolioworld.com\/green-ch\/wp-json\/wp\/v2\/media?parent=709"}],"wp:term":[{"taxonomy":"product_cat","embeddable":true,"href":"https:\/\/www.magnolioworld.com\/green-ch\/wp-json\/wp\/v2\/product_cat?post=709"},{"taxonomy":"product_tag","embeddable":true,"href":"https:\/\/www.magnolioworld.com\/green-ch\/wp-json\/wp\/v2\/product_tag?post=709"}],"curies":[{"name":"wp","href":"https:\/\/api.w.org\/{rel}","templated":true}]}}