{"id":707,"date":"2020-04-22T14:01:24","date_gmt":"2020-04-22T12:01:24","guid":{"rendered":"https:\/\/www.magnolio.shop\/intune-touch-intune-touch-fokusierend\/"},"modified":"2024-02-02T12:06:14","modified_gmt":"2024-02-02T11:06:14","slug":"doterra-intune","status":"publish","type":"product","link":"https:\/\/www.magnolioworld.com\/green-ch\/doterra-intune\/","title":{"rendered":"doTERRA InTune"},"content":{"rendered":"<p><strong>doTERRA InTune<\/strong> &#8211; Konzentration und Fokus <\/p>\n<p>Erh\u00f6he dein Konzentrationsverm\u00f6gen f\u00fcr bessere Resultate in Ausbildung oder Beruf. Ideal auch bei allen anspruchsvollen T\u00e4tigkeiten, wo volle Konzentration ben\u00f6tigt wird. Die fokussierende Mischung ist der ideale Studienbegleiter. Halte ihn immer griffbereit.<\/p>\n<p>Mit der fokussierenden Mischung doTERRA InTune f\u00e4llt es Ieichter sich auf die wirklich wichtigen Dinge zu konzentrieren, sich nicht ablenken zu lassen oder alles gleichzeitig machen zu wollen. <br \/>\nDer Fokus bleibt auf der Kernaufgabe, auch wenn viele andere Sachverhalte erledigt werden m\u00fcssen. So kannst du schneller und effektiver mit besseren Ergebnissen dein Ziel erreichen. <\/p>\n<p>Dabei helfen die beruhigenden und lindernden Eigenschaften der \u00e4therischen \u00d6le von Patschuli, Ylang Ylang und Roman Chamomile. Sie sind kombiniert mit den Klarheit bringenden \u00e4therischen \u00d6len Sandalwood, Frankincense und Lime.<\/p>\n<p>Die \u00e4therische \u00d6lmischung ist gebrauchsfertig mit fraktioniertem Kokos\u00f6l gemischt f\u00fcr die Tasche konzipiert.<\/p>\n<p><strong>Empfehlung<br \/>\n<\/strong>Aromatisch: F\u00fcr ein Gef\u00fchl der Klarheit und Konzentration die Mischung \u00fcber die Handgelenke inhalieren. Bei Bedarf \u00fcber den Tag wiederholen. <br \/>\nTopisch: F\u00fcr konzentriertes Arbeiten in Schule und Beruf die Mischung auf den Handgelenken und Handfl\u00e4chen auftragen. Wenn die Energie nachl\u00e4sst, die Mischung im Nacken verreiben oder \u00fcber die Handfl\u00e4chen inhalieren. Bei schwierigen und anspruchsvollen Projekten die Mischung auf Schl\u00e4fen und Nacken auftragen.<\/p>\n<p><strong>Sichere Verwendung<\/strong><\/p>\n<div class=\"product-uses__directions-for-use\">\n<div class=\"product-uses__directions-for-use-item\">\n<div class=\"product-uses__directions-for-use-copy\">Hautreizungen m\u00f6glich. Au\u00dferhalb der Reichweite von Kindern aufbewahren. Wenn du schwanger bist oder in \u00e4rztlicher Behandlung stehst, konsultiere bitte den Arzt. Kontakt mit Augen, Innenohren, Gesicht, empfindlichen Stellen und Schleimh\u00e4uten vermeiden. Nur zur \u00e4u\u00dferlichen Anwendung.<\/div>\n<\/div>\n<\/div>\n","protected":false},"excerpt":{"rendered":"<h2 style=\"font-size: 28px;\">Fokusmischung<\/h2>\n<p>doTERRA InTune &#8211; Unterst\u00fctzt das Konzentrationsverm\u00f6gen, hilft beim Fokussieren f\u00fcr bessere Resultate. Der ideale Begleiter in Schule, Studium und Job.<\/p>\n","protected":false},"featured_media":562,"template":"","meta":{"_et_pb_use_builder":"","_et_pb_old_content":"","_et_gb_content_width":""},"product_cat":[15,51,41,46,1967,1974,1978],"product_tag":[314,315],"_links":{"self":[{"href":"https:\/\/www.magnolioworld.com\/green-ch\/wp-json\/wp\/v2\/product\/707"}],"collection":[{"href":"https:\/\/www.magnolioworld.com\/green-ch\/wp-json\/wp\/v2\/product"}],"about":[{"href":"https:\/\/www.magnolioworld.com\/green-ch\/wp-json\/wp\/v2\/types\/product"}],"wp:featuredmedia":[{"embeddable":true,"href":"https:\/\/www.magnolioworld.com\/green-ch\/wp-json\/wp\/v2\/media\/562"}],"wp:attachment":[{"href":"https:\/\/www.magnolioworld.com\/green-ch\/wp-json\/wp\/v2\/media?parent=707"}],"wp:term":[{"taxonomy":"product_cat","embeddable":true,"href":"https:\/\/www.magnolioworld.com\/green-ch\/wp-json\/wp\/v2\/product_cat?post=707"},{"taxonomy":"product_tag","embeddable":true,"href":"https:\/\/www.magnolioworld.com\/green-ch\/wp-json\/wp\/v2\/product_tag?post=707"}],"curies":[{"name":"wp","href":"https:\/\/api.w.org\/{rel}","templated":true}]}}