{"id":706,"date":"2020-04-22T14:01:23","date_gmt":"2020-04-22T12:01:23","guid":{"rendered":"https:\/\/www.magnolio.shop\/hope-touch-hope-touch-hoffnungsvoll\/"},"modified":"2025-11-17T18:06:35","modified_gmt":"2025-11-17T17:06:35","slug":"doterra-hope","status":"publish","type":"product","link":"https:\/\/www.magnolioworld.com\/green-ch\/doterra-hope\/","title":{"rendered":"doTERRA Hope"},"content":{"rendered":"<p><strong>doTERRA Hope<\/strong> &#8211; Die hoffnungsvolle Mischung &#8211; Das \u00d6l der \u00dcberwindung. <\/p>\n<p>Die Mischung wurde daf\u00fcr vorgesehen, Licht ins Dunkel zu bringen und schwere Zeiten und Situationen zu \u00fcberwinden. Sie bringt uns neue Zuversicht und positive Stimmung, um wieder nach vorne zu schauen. Denn mit ein wenig Hoffnung k\u00f6nnen wir die beste Version unserer selbst sein und nach einer besseren Welt streben.<\/p>\n<p>So wurde mit doTERRA Hope wurde vor allem die Rettung von Kindern in ausweglosen Situationen im Rahmen der doTERRA Healing Hands Foundation unterst\u00fctzt. Um das zu erm\u00f6glichen, geht der Erl\u00f6s von doTERRA Hope an die Stiftung.<\/p>\n<p>Tue Gutes und nutze selbst die hoffnungsvolle Mischung, um negatives und dunkles zu \u00fcberwinden.<\/p>\n<p>Dabei unterst\u00fctzen dich in dieser Mischung die \u00e4therischen \u00d6le aus Cedarwood, Wild Orange, Bergamot, Pink Pepper, Lemon, Jasmine, Vetiver und Petit Grain. <br \/>\nDie Mischung hat ein s\u00fc\u00dfliches holziges Aroma, das dich hoffnungsvoll und optimistisch den ganzen Tag begleiten wird. <\/p>\n<p>Trage doTERRA Hope auf den Hals und die Handgelenke auf. Der der einladende Duft wird auf dich aufmerksam machen. <\/p>\n<p>Die \u00e4therische \u00d6lmischung doTERRA Hope ist gebrauchsfertig mit fraktioniertem Kokos\u00f6l gemischt f\u00fcr deine Tasche konzipiert.<\/p>\n<p><strong>Empfehlung<\/strong><br \/>\nAromatisch: F\u00fcr das kleine Gl\u00fcckserlebnis zwischendurch doTERRA Hope einfach \u00fcber die Handfl\u00e4chen inhalieren.<br \/>\nTopisch: Am Morgen f\u00fcr Gef\u00fchle von Hoffnung und Zuversicht auf die Fuss-Sohlen auftragen. Zur F\u00f6rderung von Optimismus und Lebensfreude auf Nacken und Handgelenke geben. <br \/>\nAls Parf\u00fcm im Nacken und den Handgelenken auftragen.<\/p>\n<p><strong>Sichere Verwendung<\/strong><br \/>\nHautreizungen m\u00f6glich. Au\u00dferhalb der Reichweite von Kindern aufbewahren. Wenn du schwanger bist oder in \u00e4rztlicher Behandlung stehst, konsultiere bitte den Arzt. Kontakt mit Augen, Innenohren, Gesicht, empfindlichen Stellen und Schleimh\u00e4uten vermeiden. Mindestens 12 Stunden nach dem Auftragen Sonnenlicht und UV-Strahlen meiden. Nur zur \u00e4usserlichen Anwendung.<\/p>\n","protected":false},"excerpt":{"rendered":"<h2 style=\"font-size: 28px;\">Hoffnungsvolle Mischung &#8211; Das \u00d6l der \u00dcberwindung<\/h2>\n<p>doTERRA Hope &#8211; Hilft Dunkles zu \u00fcberwinden und voller Hoffnung in eine neue lichtere Welt zu gelangen. Unterst\u00fctze damit die Healing Hands Foundation von doTERRA mit der von dem Erl\u00f6s Hilfsprojekte f\u00fcr Kinder unterst\u00fctzt und ihnen wieder Licht gebracht wird.<\/p>\n","protected":false},"featured_media":3173,"template":"","meta":{"_et_pb_use_builder":"","_et_pb_old_content":"","_et_gb_content_width":""},"product_cat":[15,51,36,38],"product_tag":[312,313],"_links":{"self":[{"href":"https:\/\/www.magnolioworld.com\/green-ch\/wp-json\/wp\/v2\/product\/706"}],"collection":[{"href":"https:\/\/www.magnolioworld.com\/green-ch\/wp-json\/wp\/v2\/product"}],"about":[{"href":"https:\/\/www.magnolioworld.com\/green-ch\/wp-json\/wp\/v2\/types\/product"}],"wp:featuredmedia":[{"embeddable":true,"href":"https:\/\/www.magnolioworld.com\/green-ch\/wp-json\/wp\/v2\/media\/3173"}],"wp:attachment":[{"href":"https:\/\/www.magnolioworld.com\/green-ch\/wp-json\/wp\/v2\/media?parent=706"}],"wp:term":[{"taxonomy":"product_cat","embeddable":true,"href":"https:\/\/www.magnolioworld.com\/green-ch\/wp-json\/wp\/v2\/product_cat?post=706"},{"taxonomy":"product_tag","embeddable":true,"href":"https:\/\/www.magnolioworld.com\/green-ch\/wp-json\/wp\/v2\/product_tag?post=706"}],"curies":[{"name":"wp","href":"https:\/\/api.w.org\/{rel}","templated":true}]}}