{"id":701,"date":"2020-04-22T14:01:23","date_gmt":"2020-04-22T12:01:23","guid":{"rendered":"https:\/\/www.magnolio.shop\/deep-blue-roll-on-deep-blue-roll-on-besaenftigend\/"},"modified":"2025-11-17T17:56:05","modified_gmt":"2025-11-17T16:56:05","slug":"doterra-deep-blue-roll-on","status":"publish","type":"product","link":"https:\/\/www.magnolioworld.com\/green-ch\/doterra-deep-blue-roll-on\/","title":{"rendered":"doTERRA Deep Blue Roll-On"},"content":{"rendered":"<p><strong>doTERRA Deep Blue<\/strong> <strong>Roll-On <\/strong>&#8211; Die lindernde Mischung f\u00fcr mehr Beweglichkeit, Aktivit\u00e4t und Wohlbefinden in Alltag und Sport &#8211; Das \u00d6l unverd\u00fcnnt im praktischen Roll-on f\u00fcr unterwegs.<\/p>\n<p>Die lindernde Mischung bes\u00e4nftigt \u00fcberm\u00e4\u00dfige Verspannungen nach k\u00f6rperlicher Aktivit\u00e4t. Auf die Haut massiert bietet es einen angenehmen k\u00fchlenden Effekt.<\/p>\n<p>doTERRA Deep Blue Roll-On ist ideal f\u00fcr unterwegs oder nach sportlicher Anstrengungen. Aber auch zur Linderung von Anspannungen im Nacken- oder Schulterbereich bei Schreibtischarbeit oder zur Vermeidung von Anspannungen im Kopfbereich.\u00a0 <\/p>\n<p>Wenn du nach k\u00f6rperlicher Anstrengung \u00fcberall Verspannungen sp\u00fcrst, dann ist es Zeit f\u00fcr die bes\u00e4nftigende doTERRA Deep Blue Mischung. Sie durchblutet das Gewebe auf wohltuende Art und Weise und lockert verspannte Muskeln und Gelenke. Ideal auch nach sportlichen Herausforderungen oder k\u00f6rperlichen beruflichen Anstrengungen So k\u00fchlt die lindernde Mischung die beanspruchten Muskelpartien und verschafft sofort ein Gef\u00fchl der Frische und Belebung. <\/p>\n<p>Die lindernde Mischung doTERRA Deep Blue ist aber auch bei sitzender T\u00e4tigkeit oder bei langen Reisen ideal, um die Muskulatur zu beleben und das Gewebe besser zu durchbluten.<\/p>\n<p>Es ist die perfekte Kombination aus \u00e4therischen \u00d6len, die in die Haut einmassiert einen angenehmen k\u00fchlenden Effekt haben. doTERRA Deep Blue wirkt beruhigend und lindert das Gef\u00fchl von \u00dcberanspannung ideal. Verantwortlich daf\u00fcr sind die wertvollen \u00e4therischen \u00d6le Peppermint, Spanish Rosemary, Star Anise, Eucalyptus, Wintergreen, Blue Chamomille Egyptian und Helichrysum. <\/p>\n<p>Jetzt als neue, verbesserte Formel, die strengstens getestet wurde, um eine bessere Leistung zu erzielen. Enth\u00e4lt zus\u00e4tzlich das beruhigende Copaiba und Spanish Rosemary, das von Natur aus schon einen hohen Anteil an Campher besitzt.<\/p>\n<p>Um diese wunderbare lindernde Mischung f\u00fcr alle Gelegenheit verwenden zu k\u00f6nnen, gibt es sie in verschiedenen Produktformen. Sei es als reines Deep Blue \u00d6l, als praktischer Touch f\u00fcr unterwegs oder beim Sport. Entweder pur wie hier (Deep Blue Roll-On) oder gebrauchsfertig mit fraktioniertem Kokos\u00f6l verd\u00fcnnt (Deep Blue Touch).<br \/>\nF\u00fcr das gro\u00dffl\u00e4chigere Auftragen und f\u00fcr alle, die die Anwendung von Lotionen m\u00f6gen, gibt es auch die Creme Deep Blue Rub.<\/p>\n<p>Neu ist der Deep Blue Stick. Er verbindet Deep Blue mit dem besonders wertvollen und regenerierenden \u00d6l Copaiba. Dank der besonderen Rezeptur des Sticks hinterl\u00e4sst er nach dem Auftragen keine Spuren, ist aber dennoch langanhaltend aktiv. Dadurch kann der Stick auch vor oder w\u00e4hrend des Workouts aufgetragen werden. Au\u00dferdem k\u00fchlt er die betroffenen Stellen wunderbar und ist gerade auch bei h\u00f6heren Temperaturen sehr angenehm auf der Haut.<\/p>\n<p>Bei chronischen Problemen des Bewegungsapparates empfiehlt es sich, den Deep Blue Polyphenol Complex zus\u00e4tzlich zur \u00e4usserlichen Anwendung der Deep Blue Produkte zu verwenden.<\/p>\n<p>Deep Blue &#8211; die ideale Mischung, um die Bewegung des Alltags mit Leichtigkeit zu meistern. Hier praktisch f\u00fcr unterwegs als doTERRA Deep Blue Roll-On.<\/p>\n<p><strong>Empfehlung<\/strong><br \/>\nTopisch: Zum L\u00f6sen von Verspannungen nach einen langen Tag vor dem PC doTERRA Deep Blue auf die Finger, Handgelenke, Nacken und Schultern auftragen. Vor und nach dem Training auf F\u00fcsse und Knie auftragen. Vor und nach einer Laufeinheit auf die gesamten Beine auftragen. Nach einem langen Tag den unteren R\u00fccken einmassieren. Bei M\u00fcdigkeit oder Verspannungen im Kopf Deep Blue Roll-On in den Nacken oder auf die Schl\u00e4fen auftragen. Den k\u00fchlenden und lindernden Effekt unterwegs und vor allem bei langen Sitzen nutzen. Bei empfindlicher Haut verd\u00fcnnt anwenden.<\/p>\n<p><strong>Sichere Verwendung<\/strong><br \/>\nHautreizungen m\u00f6glich. Au\u00dferhalb der Reichweite von Kindern aufbewahren. Wenn du schwanger bist oder in \u00e4rztlicher Behandlung stehst, konsultiere bitte den Arzt. Kontakt mit Augen, Innenohren, Gesicht, empfindlichen Stellen und Schleimh\u00e4uten vermeiden. Nur zur \u00e4u\u00dferlichen Anwendung.<\/p>\n","protected":false},"excerpt":{"rendered":"<h2 style=\"font-size: 28px;\">Lindernde Mischung Roll-On Pur<\/h2>\n<p>doTERRA Deep Blue Roll-On &#8211; Ist die pure Kraft zur Bes\u00e4nftigung von Verspannungen nach k\u00f6rperlicher Aktivit\u00e4t. Auf die Haut massiert bietet es einen angenehmen k\u00fchlenden Effekt. Hier im praktischen Roll-On unverd\u00fcnnt f\u00fcr unterwegs.<\/p>\n","protected":false},"featured_media":3585,"template":"","meta":{"_et_pb_use_builder":"","_et_pb_old_content":"","_et_gb_content_width":""},"product_cat":[15,51,39,48,54,1942,1961,1963,1983],"product_tag":[302,303],"_links":{"self":[{"href":"https:\/\/www.magnolioworld.com\/green-ch\/wp-json\/wp\/v2\/product\/701"}],"collection":[{"href":"https:\/\/www.magnolioworld.com\/green-ch\/wp-json\/wp\/v2\/product"}],"about":[{"href":"https:\/\/www.magnolioworld.com\/green-ch\/wp-json\/wp\/v2\/types\/product"}],"wp:featuredmedia":[{"embeddable":true,"href":"https:\/\/www.magnolioworld.com\/green-ch\/wp-json\/wp\/v2\/media\/3585"}],"wp:attachment":[{"href":"https:\/\/www.magnolioworld.com\/green-ch\/wp-json\/wp\/v2\/media?parent=701"}],"wp:term":[{"taxonomy":"product_cat","embeddable":true,"href":"https:\/\/www.magnolioworld.com\/green-ch\/wp-json\/wp\/v2\/product_cat?post=701"},{"taxonomy":"product_tag","embeddable":true,"href":"https:\/\/www.magnolioworld.com\/green-ch\/wp-json\/wp\/v2\/product_tag?post=701"}],"curies":[{"name":"wp","href":"https:\/\/api.w.org\/{rel}","templated":true}]}}