{"id":698,"date":"2020-04-22T14:01:23","date_gmt":"2020-04-22T12:01:23","guid":{"rendered":"https:\/\/www.magnolio.shop\/console-console-troestend\/"},"modified":"2024-02-02T11:50:46","modified_gmt":"2024-02-02T10:50:46","slug":"doterra-console","status":"publish","type":"product","link":"https:\/\/www.magnolioworld.com\/green-ch\/doterra-console\/","title":{"rendered":"doTERRA Console"},"content":{"rendered":"<p><strong>doTERRA Console<\/strong> &#8211; Mut, Hoffnung und Zuversicht in turbulenten Zeiten.<\/p>\n<p>Wer braucht nicht hin und wieder Trost und Hoffnung? <br \/>\nDie tr\u00f6stende \u00d6lmischung kann helfen, Gef\u00fchle von Trauer, Hoffnungslosigkeit und negativer Grundstimmung entgegenzuwirken und mit neuer Hoffnung durch das Leben zu gehen.<\/p>\n<p>doTERRA Console vermittelt durch die \u00e4therischen \u00d6le Frankincense, Patchouli, Ylang Ylang, Labdanum, Amyris, Sandalwood, Rose und Osmanthus eine positive und hoffnungsvolle Wirkung und gibt wertvolle Stabilit\u00e4t.<\/p>\n<p>Ideal \u00fcber die Handgelenke inhalieren oder \u00fcber den Diffuser zu zerst\u00e4uben<strong>.<\/strong> Console gibt es auch als praktischen gebrauchsfertigen Touch mit fraktioniertem Kokos\u00f6l f\u00fcr die Tasche konzipiert.<\/p>\n<div class=\"product-uses__block-list\">\u00a0<\/div>\n<p><strong>Empfehlung<\/strong><br \/>\nAromatisch: F\u00fcr eine tr\u00f6stende und hoffnungsvolle Einstellung zum Start in den Tag oder zwischendurch 3-4 Tropfen doTERRA Console im Diffuser vernebeln. Bei Bedarf \u00fcber die Handgelenke inhalieren.<br \/>\nIdeal auch beim Meditieren oder der Yoga-Praxis. <br \/>\nTopisch: Am Morgen f\u00fcr Gef\u00fchle von Trost und Hoffnung auf die Haut auftragen. Am Abend gemischt mit fraktioniertem Kokos\u00f6l f\u00fcr eine entspannende und stabilisierende Massage nutzen.<br \/>\nAls Parf\u00fcm 1 Tropfen mit 10 Tropfen Tr\u00e4ger\u00f6l mischen.<\/p>\n<p><strong>Sichere Verwendung<\/strong><br \/>\nHautreizungen m\u00f6glich. Au\u00dferhalb der Reichweite von Kindern aufbewahren. Wenn du schwanger bist oder in \u00e4rztlicher Behandlung stehst, konsultiere bitte den Arzt. Kontakt mit Augen, Innenohren, Gesicht, empfindlichen Stellen und Schleimh\u00e4uten vermeiden. Nur zur \u00e4usserlichen Anwendung.<\/p>\n","protected":false},"excerpt":{"rendered":"<h2 style=\"font-size: 28px;\">Tr\u00f6stende Mischung<\/h2>\n<p>doTERRA Console &#8211; Vermittelt Trost und Hoffnung und hilft zu emotionaler Stabilit\u00e4t &#8211; gerade auch in herausfordernden Zeiten.<\/p>\n","protected":false},"featured_media":537,"template":"","meta":{"_et_pb_use_builder":"","_et_pb_old_content":"","_et_gb_content_width":""},"product_cat":[15,51,38,40],"product_tag":[296,297],"_links":{"self":[{"href":"https:\/\/www.magnolioworld.com\/green-ch\/wp-json\/wp\/v2\/product\/698"}],"collection":[{"href":"https:\/\/www.magnolioworld.com\/green-ch\/wp-json\/wp\/v2\/product"}],"about":[{"href":"https:\/\/www.magnolioworld.com\/green-ch\/wp-json\/wp\/v2\/types\/product"}],"wp:featuredmedia":[{"embeddable":true,"href":"https:\/\/www.magnolioworld.com\/green-ch\/wp-json\/wp\/v2\/media\/537"}],"wp:attachment":[{"href":"https:\/\/www.magnolioworld.com\/green-ch\/wp-json\/wp\/v2\/media?parent=698"}],"wp:term":[{"taxonomy":"product_cat","embeddable":true,"href":"https:\/\/www.magnolioworld.com\/green-ch\/wp-json\/wp\/v2\/product_cat?post=698"},{"taxonomy":"product_tag","embeddable":true,"href":"https:\/\/www.magnolioworld.com\/green-ch\/wp-json\/wp\/v2\/product_tag?post=698"}],"curies":[{"name":"wp","href":"https:\/\/api.w.org\/{rel}","templated":true}]}}