{"id":695,"date":"2020-04-22T14:01:22","date_gmt":"2020-04-22T12:01:22","guid":{"rendered":"https:\/\/www.magnolio.shop\/cheer-touch-cheer-touch-erbauend\/"},"modified":"2025-11-17T17:46:35","modified_gmt":"2025-11-17T16:46:35","slug":"doterra-cheer-touch","status":"publish","type":"product","link":"https:\/\/www.magnolioworld.com\/green-ch\/doterra-cheer-touch\/","title":{"rendered":"doTERRA Cheer Touch"},"content":{"rendered":"<p><strong>doTERRA Cheer<\/strong> <strong>Touch<\/strong> &#8211; Leichtigkeit und Lebensfreude &#8211; F\u00fcr unterwegs to go<\/p>\n<p>Mit einer positiven und fr\u00f6hlichen Einstellung meisterst du viele Schwierigkeiten und Herausforderungen des Lebens. <\/p>\n<p>Das sonnig-frische, optimistische Aroma dieser belebenden Mischung erhellt deinen Tag und gibt dir einen kr\u00e4ftigen Schub an Optimismus und Gl\u00fccksgef\u00fchlen. Die Mischung aus \u00e4therischen Citrus\u00f6len und Gew\u00fcrz\u00f6len gibt eine t\u00e4gliche Basis f\u00fcr einen erfolgreichen Tag. <\/p>\n<p>Nutze die belebende Mischung, die Erhellung in alle Lebenslagen bringt, am besten schon zum Start in den Tag unter den Fu\u00dfsohlen oder als kleines St\u00fcck vom Gl\u00fcck f\u00fcr unterwegs.<\/p>\n<p>Die \u00e4therische \u00d6lmischung hier als Cheer Touch gebrauchsfertig mit fraktioniertem Kokos\u00f6l gemischt f\u00fcr deine Tasche konzipiert. Ideal als kleines St\u00fcck vom Gl\u00fcck oder als sonnige Pause und Begleitung f\u00fcr den Tag.<\/p>\n<p><strong>Empfehlung<\/strong><br \/>\nAromatisch: F\u00fcr das kleine Gl\u00fcckserlebnis zwischendurch doTERRA Cheer Touch einfach \u00fcber die Handfl\u00e4chen inhalieren.<br \/>\nTopisch: Am Morgen f\u00fcr Gef\u00fchle von Optimismus und Heiterkeit auf die Fuss-Sohlen auftragen. Zur F\u00f6rderung von Optimismus und Lebensfreude auf Nacken und Handgelenke geben. Wundervoll auch als \u00d6l der Wahl bei der doTERRA Aromatouch Hand Technique.<br \/>\nAls Parf\u00fcm im Nacken und den Handgelenken auftragen.<\/p>\n<p><strong>Sichere Verwendung<\/strong><br \/>\nHautreizungen m\u00f6glich. Au\u00dferhalb der Reichweite von Kindern aufbewahren. Wenn du schwanger bist oder in \u00e4rztlicher Behandlung stehst, konsultiere bitte den Arzt. Kontakt mit Augen, Innenohren, Gesicht, empfindlichen Stellen und Schleimh\u00e4uten vermeiden. Mindestens 12 Stunden nach dem Auftragen Sonnenlicht und UV-Strahlen meiden. Nur zur \u00e4usserlichen Anwendung.<\/p>\n","protected":false},"excerpt":{"rendered":"<h2 style=\"font-size: 28px;\">Belebende Mischung Touch<\/h2>\n<p>doTERRA Cheer Touch &#8211; Die erbauende \u00d6lmischung f\u00f6rdert Optimismus, Heiterkeit und gibt Gl\u00fccksgef\u00fchle. So bist du f\u00fcr f\u00fcr die Herausforderungen des Lebens gewappnet. Hier als gebrauchsfertiger Touch f\u00fcr unterwegs.<\/p>\n","protected":false},"featured_media":3190,"template":"","meta":{"_et_pb_use_builder":"","_et_pb_old_content":"","_et_gb_content_width":""},"product_cat":[15,51,36,40,1951],"product_tag":[290,291],"_links":{"self":[{"href":"https:\/\/www.magnolioworld.com\/green-ch\/wp-json\/wp\/v2\/product\/695"}],"collection":[{"href":"https:\/\/www.magnolioworld.com\/green-ch\/wp-json\/wp\/v2\/product"}],"about":[{"href":"https:\/\/www.magnolioworld.com\/green-ch\/wp-json\/wp\/v2\/types\/product"}],"wp:featuredmedia":[{"embeddable":true,"href":"https:\/\/www.magnolioworld.com\/green-ch\/wp-json\/wp\/v2\/media\/3190"}],"wp:attachment":[{"href":"https:\/\/www.magnolioworld.com\/green-ch\/wp-json\/wp\/v2\/media?parent=695"}],"wp:term":[{"taxonomy":"product_cat","embeddable":true,"href":"https:\/\/www.magnolioworld.com\/green-ch\/wp-json\/wp\/v2\/product_cat?post=695"},{"taxonomy":"product_tag","embeddable":true,"href":"https:\/\/www.magnolioworld.com\/green-ch\/wp-json\/wp\/v2\/product_tag?post=695"}],"curies":[{"name":"wp","href":"https:\/\/api.w.org\/{rel}","templated":true}]}}