{"id":694,"date":"2020-04-22T14:01:22","date_gmt":"2020-04-22T12:01:22","guid":{"rendered":"https:\/\/www.magnolio.shop\/cheer-cheer-erbauend\/"},"modified":"2024-02-02T11:46:32","modified_gmt":"2024-02-02T10:46:32","slug":"doterra-cheer","status":"publish","type":"product","link":"https:\/\/www.magnolioworld.com\/green-ch\/doterra-cheer\/","title":{"rendered":"doTERRA Cheer"},"content":{"rendered":"<p><strong>doTERRA Cheer<\/strong> &#8211; Leichtigkeit und Lebensfreude<\/p>\n<p>Mit einer positiven und fr\u00f6hlichen Einstellung meisterst du viele Schwierigkeiten und Herausforderungen des Lebens. <\/p>\n<p>Das sonnig-frische, optimistische Aroma dieser belebenden Mischung erhellt deinen Tag und gibt dir einen kr\u00e4ftigen Schub an Optimismus und Gl\u00fccksgef\u00fchlen. Die Mischung aus \u00e4therischen Citrus\u00f6len und Gew\u00fcrz\u00f6len gibt eine t\u00e4gliche Basis f\u00fcr einen erfolgreichen Tag. Die \u00e4therische \u00d6lmischung gibt es auch als Touch gebrauchsfertig mit fraktioniertem Kokos\u00f6l gemischt f\u00fcr deine Tasche konzipiert.<\/p>\n<p>Nutze die belebende Mischung, die Erhellung in alle Lebenslagen bringt. Am besten schon zum Start in den Tag unter den Fuss-Sohlen, f\u00fcr ein belebendes Duscherlebnis in der Duschtasse oder als kleines St\u00fcck vom Gl\u00fcck f\u00fcr unterwegs.<\/p>\n<p><strong>Empfehlung<\/strong><br \/>\nAromatisch: F\u00fcr eine optimistische Einstellung zum Start in den Tag oder zwischendurch 3-4 Tropfen doTERRA Cheer im Diffuser vernebeln.<br \/>\nIdeal auch beim Meditieren oder der Yoga-Praxis. Optimal f\u00fcr als fr\u00f6hliche Dusche 3 Tropfen in die Duschtasse geben. F\u00fcr das kleine Gl\u00fcckserlebnis zwischendurch einfach \u00fcber die Handfl\u00e4chen inhalieren.<br \/>\nTopisch: Am Morgen f\u00fcr Gef\u00fchle von Optimismus und Heiterkeit auf die Fuss-Sohlen auftragen. Zur F\u00f6rderung der inneren Ruhe und Balance auf Hals und Handgelenke geben. Wundervoll auch um die Stimmung zu heben als \u00d6l der Wahl bei der doTERRA Aromatouch Hand Technique.<br \/>\nAls Parf\u00fcm 1 Tropfen mit 10 Tropfen Tr\u00e4ger\u00f6l mischen.<\/p>\n<p><strong>Sichere Verwendung<\/strong><br \/>\nHautreizungen m\u00f6glich. Au\u00dferhalb der Reichweite von Kindern aufbewahren. Wenn du schwanger bist oder in \u00e4rztlicher Behandlung stehst, konsultiere bitte den Arzt. Kontakt mit Augen, Innenohren, Gesicht, empfindlichen Stellen und Schleimh\u00e4uten vermeiden. Mindestens 12 Stunden nach dem Auftragen Sonnenlicht und UV-Strahlen meiden. Nur zur \u00e4usserlichen Anwendung.<\/p>\n","protected":false},"excerpt":{"rendered":"<h2 style=\"font-size: 28px;\">Belebende Mischung<\/h2>\n<p>doTERRA Cheer\u00a0 &#8211; Die belebende lebensfrohe Mischung f\u00f6rdert Optimismus, Heiterkeit und gibt Gl\u00fccksgef\u00fchle. Sie ist die ideale Basis, um gegen die Herausforderungen des Lebens gewappnet zu sein. Eine Prise Gl\u00fcck tut gut.<\/p>\n","protected":false},"featured_media":527,"template":"","meta":{"_et_pb_use_builder":"","_et_pb_old_content":"","_et_gb_content_width":""},"product_cat":[15,51,36,40,1951],"product_tag":[288,289],"_links":{"self":[{"href":"https:\/\/www.magnolioworld.com\/green-ch\/wp-json\/wp\/v2\/product\/694"}],"collection":[{"href":"https:\/\/www.magnolioworld.com\/green-ch\/wp-json\/wp\/v2\/product"}],"about":[{"href":"https:\/\/www.magnolioworld.com\/green-ch\/wp-json\/wp\/v2\/types\/product"}],"wp:featuredmedia":[{"embeddable":true,"href":"https:\/\/www.magnolioworld.com\/green-ch\/wp-json\/wp\/v2\/media\/527"}],"wp:attachment":[{"href":"https:\/\/www.magnolioworld.com\/green-ch\/wp-json\/wp\/v2\/media?parent=694"}],"wp:term":[{"taxonomy":"product_cat","embeddable":true,"href":"https:\/\/www.magnolioworld.com\/green-ch\/wp-json\/wp\/v2\/product_cat?post=694"},{"taxonomy":"product_tag","embeddable":true,"href":"https:\/\/www.magnolioworld.com\/green-ch\/wp-json\/wp\/v2\/product_tag?post=694"}],"curies":[{"name":"wp","href":"https:\/\/api.w.org\/{rel}","templated":true}]}}