{"id":692,"date":"2020-04-22T14:01:22","date_gmt":"2020-04-22T12:01:22","guid":{"rendered":"https:\/\/www.magnolio.shop\/brave-brave-ermutigend\/"},"modified":"2024-07-10T15:12:15","modified_gmt":"2024-07-10T13:12:15","slug":"doterra-brave","status":"publish","type":"product","link":"https:\/\/www.magnolioworld.com\/green-ch\/doterra-brave\/","title":{"rendered":"doTERRA Brave"},"content":{"rendered":"<p><strong>doTERRA Brave<\/strong> &#8211; Ermutigende Mischung f\u00fcr Kinder &#8211; Ideal um den kleinen gro\u00dfen Helden des Alltags Mut und Sicherheit zu geben<\/p>\n<p>Diese Mischung der Kids Collection erinnert an Motivate f\u00fcr Kinder und Jugendliche. Doch die Zusammensetzung unterscheidet sich ganz erheblich.<\/p>\n<p>So hilft die ermutigende \u00d6lmischung f\u00fcr Kinder die Energie zu f\u00f6rdern und die Sinne zu beleben. Au\u00dferdem schafft es, eine ausgeglichene und positive Stimmung zu schaffen. Es gibt Selbstvertrauen, Mut und Kraft und hilft damit mit Stress und \u00c4ngsten umzugehen. Es f\u00f6rdert innere W\u00e4rme, Schutz und Geborgenheit.<\/p>\n<p>doTERRA Brave ist die ideale Stimmung, um Kinder und Jugendliche zu ermutigen, mit beiden Beinen im Leben zu stehen und ihre \u00c4ngste zu verlieren. Dabei geht es nicht um ein \u00e4u\u00dferes stark sein im Sinne von &#8216;Du musst stark sein&#8217;, sondern eine tief verwurzelte innere St\u00e4rke, die durchs Leben tr\u00e4gt.<\/p>\n<p>Die in doTERRA Brave enthaltenen \u00d6le ergeben eine frische, fruchtige und blumige Mischung, die Kinder &#8211; und nicht nur diese! &#8211; lieben werden.<\/p>\n<p><u>So sind in Brave folgende \u00d6le enthalten: <br \/>\n<\/u><\/p>\n<ul>\n<li>Wild Orange &#8211; F\u00f6rdert Selbstvertrauen, Kraft und Lebensfreude<\/li>\n<li>Amyris\u00a0 &#8211; Schafft Ruhe und Entspannung sowie gelassene Stimmung in hektischen Zeiten<\/li>\n<li>Osmanthus &#8211; Verst\u00e4rkung der Lebensfreude, kreative Ideen, f\u00f6rdert Harmonie und bringt das L\u00e4cheln zur\u00fcck<\/li>\n<li>Cinnamom Bark &#8211; Stellt dein Kind kraftvoll auf die Beine, bringt die Psyche in Balance, gibt Motivation und w\u00e4rmt in Zeiten \u00e4u\u00dferer K\u00e4lte innerlich<\/li>\n<\/ul>\n<p>Eine wunderbar Mut machende und motivierende Mischung f\u00fcr K\u00f6rper und Geist &#8211; nicht nur f\u00fcr kleine und jugendliche Menschen, sondern auch als Alternative f\u00fcr alle Erwachsenen, die Motivate nicht m\u00f6gen.<\/p>\n<p>Am besten Brave schon morgens f\u00fcr den optimalen Start in den Tag und das Leben in den Nacken, den Bauch und unter die F\u00fc\u00dfe geben.<\/p>\n<p>Daneben gibt es mittlerweile Duftmischungen f\u00fcr alle Herausforderungen der Kleinen:<\/p>\n<ul>\n<li>Ermutigende Mischung &#8211; doTERRA Brave<\/li>\n<li>Entspannende Mischung &#8211; doTERRA Rescuer<\/li>\n<li>Fokussierende Mischung &#8211; doTERRA Thinker<\/li>\n<li>St\u00e4rkende Mischung &#8211; doTERRA Stronger<\/li>\n<li>Verdauungsmischung &#8211; doTERRA Tamer<\/li>\n<li>Erholsame Mischung &#8211; doTERRA Calmer<\/li>\n<\/ul>\n<p>Nutze das kosteng\u00fcnstige Set der Kinder-Kollektion (Kids Collection Kit) mit praktischer Tragetasche, bunten Karabinerhaken und Lernkarten.<\/p>\n<p>Dabei werden die \u00d6le in folgende Themenbereiche unterteilt:<\/p>\n<ul>\n<li>Mind &#8211; Geist (doTERRA Thinker\u00a0 &amp; doTERRA Calmer)<\/li>\n<li>Body &#8211; K\u00f6rper (doTERRA Stronger &amp; doTERRA Rescuer &amp; doTERRA Tamer)<\/li>\n<li>Heart &#8211; Herz\u00a0 (doTERRAS Steady &amp; doTERRA Brave)<\/li>\n<\/ul>\n<p><strong><br \/>\nEmpfehlung<br \/>\n<\/strong>Aromatisch: F\u00fcr ein Gef\u00fchl von Selbstvertrauen und Mut die Mischung \u00fcber die Handgelenke inhalieren. Bei Bedarf \u00fcber den Tag wiederholen. Auf Diffuser-Schmuck, nat\u00fcrlichen Dolomit oder Diffuser-Steine aus Lava auftragen. <br \/>\nTopisch: F\u00fcr einen ruhigen und gest\u00e4rkten Start in den Tag im Nacken und den Fuss-Sohlen auftragen. Bestimmt f\u00fcr die Verwendung unter Aufsicht eines Erwachsenen.<\/p>\n<div class=\"product-uses__directions-for-use\">\n<div class=\"product-uses__directions-for-use-item\">\n<div class=\"product-uses__directions-for-use-copy\"><strong>Sichere Verwendung<\/strong><br \/>\nHautreizungen m\u00f6glich. Au\u00dferhalb der Reichweite von Kindern unter 3 Jahren aufbewahren. Wenn du schwanger bist oder in \u00e4rztlicher Behandlung stehst, konsultiere bitte den Arzt. Kontakt mit Augen, Innenohren, Gesicht, empfindlichen Stellen und Schleimh\u00e4uten vermeiden. Nur zur \u00e4u\u00dferlichen Anwendung.<\/div>\n<\/div>\n<\/div>\n","protected":false},"excerpt":{"rendered":"<h2 style=\"font-size: 28px;\">Ermutigende Mischung f\u00fcr Kinder<\/h2>\n<p>doTERRA Brave &#8211; Ideal, um den kleinen gro\u00dfen Helden des Alltags Mut und Sicherheit zu geben. Es ist das \u00d6l der Ermutigung und sch\u00e4rft die Sinne. Negative Emotionen werden positiv durch Zuversicht ersetzt. Im praktischen kindgerechten Touch f\u00fcr Schule, Sport und zuhause.<\/p>\n","protected":false},"featured_media":3169,"template":"","meta":{"_et_pb_use_builder":"","_et_pb_old_content":"","_et_gb_content_width":""},"product_cat":[15,51,38,46,1940,1959,1979],"product_tag":[284,285],"_links":{"self":[{"href":"https:\/\/www.magnolioworld.com\/green-ch\/wp-json\/wp\/v2\/product\/692"}],"collection":[{"href":"https:\/\/www.magnolioworld.com\/green-ch\/wp-json\/wp\/v2\/product"}],"about":[{"href":"https:\/\/www.magnolioworld.com\/green-ch\/wp-json\/wp\/v2\/types\/product"}],"wp:featuredmedia":[{"embeddable":true,"href":"https:\/\/www.magnolioworld.com\/green-ch\/wp-json\/wp\/v2\/media\/3169"}],"wp:attachment":[{"href":"https:\/\/www.magnolioworld.com\/green-ch\/wp-json\/wp\/v2\/media?parent=692"}],"wp:term":[{"taxonomy":"product_cat","embeddable":true,"href":"https:\/\/www.magnolioworld.com\/green-ch\/wp-json\/wp\/v2\/product_cat?post=692"},{"taxonomy":"product_tag","embeddable":true,"href":"https:\/\/www.magnolioworld.com\/green-ch\/wp-json\/wp\/v2\/product_tag?post=692"}],"curies":[{"name":"wp","href":"https:\/\/api.w.org\/{rel}","templated":true}]}}