{"id":691,"date":"2020-04-22T14:01:22","date_gmt":"2020-04-22T12:01:22","guid":{"rendered":"https:\/\/www.magnolio.shop\/balance-balance-ausgleichend\/"},"modified":"2025-11-17T16:07:53","modified_gmt":"2025-11-17T15:07:53","slug":"doterra-balance","status":"publish","type":"product","link":"https:\/\/www.magnolioworld.com\/green-ch\/doterra-balance\/","title":{"rendered":"doTERRA Balance"},"content":{"rendered":"<p><strong>doTERRA Balance<\/strong> &#8211; Ausgeglichen und gelassen durch das Leben<\/p>\n<p>Wenn du auf der Suche nach Ruhe und Wohlbefinden bist, dann ist die ausgleichende Mischung die beste Wahl. Der verf\u00fchrerische Duft der \u00e4therischen \u00d6lmischung aus Spruce, Ho-Wood, Frankincense, Blue Tansy, Blue Chamomile und fraktioniertem Kokos\u00f6l vermittelt Ruhe und Entspannung. <\/p>\n<p>Spruce wurde von den Indianern gerne als spiritueller, aber auch gesundheitlich f\u00f6rdernden Gr\u00fcnden verwendet, welches K\u00f6rper und Geist in Einklang bringt. <br \/>\nGegen Angstgef\u00fchle helfen das Ho-Wood, Blue Tansy und Blue Chamomile. Eine erdende und ausgleichende Wirkung auf unsere Gef\u00fchle vermittelt Frankincense.<\/p>\n<p>doTERRA Balance f\u00fcr Ruhe und Gelassenheit auch in st\u00fcrmischen Zeiten.<br \/>\n<strong><br \/>\nEmpfehlung<\/strong><br \/>\nAromatisch: F\u00fcr eine Umgebung in Ruhe und Entspannung 3\u20134 Tropfen im Diffuser vernebeln.<br \/>\nIdeal auch beim Meditieren oder der Yoga-Praxis.<br \/>\nTopisch: Am Morgen f\u00fcr einen ausgeglichenen Tag auf die Fuss-Sohlen auftragen. Zur F\u00f6rderung der inneren Ruhe und Balance auf Hals und Handgelenke geben. <br \/>\nVor dem Schlafengehen auf die Haut auftragen, um zur Ruhe zu finden und sch\u00f6ne Tr\u00e4ume anzuregen.<br \/>\nF\u00fcr Massagen 5 Tropfen mit 10 ml Tr\u00e4ger\u00f6l mischen. Zusammen mit Bittersalz als Entspannungsbad nach einem langen Tag. Als Parf\u00fcm 1 Tropfen mit 10 Tropfen Tr\u00e4ger\u00f6l mischen.<\/p>\n<p><strong>Sichere Verwendung<\/strong><br \/>\nHautreizungen m\u00f6glich. Au\u00dferhalb der Reichweite von Kindern aufbewahren. Wenn du schwanger bist oder in \u00e4rztlicher Behandlung stehst, konsultiere bitte den Arzt. Kontakt mit Augen, Innenohren, Gesicht, empfindlichen Stellen und Schleimh\u00e4uten vermeiden. Nur zur \u00e4u\u00dferlichen Anwendung.<\/p>\n","protected":false},"excerpt":{"rendered":"<h2 style=\"font-size: 28px;\">Ausgleichende Mischung &#8211; Das \u00d6l der Erdung<\/h2>\n<p>doTERRA Balance &#8211; Ist das \u00d6l des Ausgleichs und Einklang f\u00fcr K\u00f6rper und Geist. Ideal f\u00fcr Ruhe und Gelassenheit auch in st\u00fcrmischen Zeiten.<\/p>\n","protected":false},"featured_media":516,"template":"","meta":{"_et_pb_use_builder":"","_et_pb_old_content":"","_et_gb_content_width":""},"product_cat":[15,51,36,38,41,42,46,48,45,47,1940,1948,1960,1972,1974,1975,1982,1985,1989],"product_tag":[282,283],"_links":{"self":[{"href":"https:\/\/www.magnolioworld.com\/green-ch\/wp-json\/wp\/v2\/product\/691"}],"collection":[{"href":"https:\/\/www.magnolioworld.com\/green-ch\/wp-json\/wp\/v2\/product"}],"about":[{"href":"https:\/\/www.magnolioworld.com\/green-ch\/wp-json\/wp\/v2\/types\/product"}],"wp:featuredmedia":[{"embeddable":true,"href":"https:\/\/www.magnolioworld.com\/green-ch\/wp-json\/wp\/v2\/media\/516"}],"wp:attachment":[{"href":"https:\/\/www.magnolioworld.com\/green-ch\/wp-json\/wp\/v2\/media?parent=691"}],"wp:term":[{"taxonomy":"product_cat","embeddable":true,"href":"https:\/\/www.magnolioworld.com\/green-ch\/wp-json\/wp\/v2\/product_cat?post=691"},{"taxonomy":"product_tag","embeddable":true,"href":"https:\/\/www.magnolioworld.com\/green-ch\/wp-json\/wp\/v2\/product_tag?post=691"}],"curies":[{"name":"wp","href":"https:\/\/api.w.org\/{rel}","templated":true}]}}