{"id":690,"date":"2020-04-22T14:01:21","date_gmt":"2020-04-22T12:01:21","guid":{"rendered":"https:\/\/www.magnolio.shop\/aromatouch-aromatouch-massage\/"},"modified":"2025-11-17T17:34:25","modified_gmt":"2025-11-17T16:34:25","slug":"doterra-aromatouch","status":"publish","type":"product","link":"https:\/\/www.magnolioworld.com\/green-ch\/doterra-aromatouch\/","title":{"rendered":"doTERRA Aromatouch"},"content":{"rendered":"<p><strong>doTERRA Aromatouch<\/strong> &#8211; Die Massagemischung zur optimalen Entspannung von K\u00f6rper und Geist<\/p>\n<p>Aromatouch ist eine Mischung, welche die \u00e4therischen \u00d6le Cypress, Peppermint, Majoram, Basil Grapefruit und Lavender in einer perfekten Zusammensetzung enth\u00e4lt.<br \/>\nSie kann sowohl im professionellen Spa und Massagepraxen ideal eingesetzt werden. Aber auch f\u00fcr das kleine individuelle Entspannungserlebnis zuhause ist sie nach einem anstrengenden Tag oder k\u00f6rperlicher Verspannungen eine wahre Wohltat.<\/p>\n<p>Bei verschiedenen Massagetechniken bringt <strong>doTERRA Aromatouch<\/strong> gro\u00dfe Vorteile hinsichtlich einer entspannenden und wohltuenden Wirkung. So schenkt diese Massagemischung deinem K\u00f6rper ein tiefes Wohlbehagen und hilft den Geist zu entspannen.<\/p>\n<p>Wenn du die kompletten Vorteile einer Aromatouch-Anwendung nutzen willst, empfiehlt es sich, das kosteng\u00fcnstige Aromatouch Diffused Kit mit weiteren idealen Massage\u00f6len und dem Diffuser zu erwerben.<br \/>\nIdeal auch zusammen mit der speziellen doTERRA AromaTouch Technique oder der AromaTouch Hand Technique zu verwenden.<\/p>\n<p><strong>Empfehlung<\/strong><br \/>\nAromatisch: Zur optimalen Entspannung und Schaffung eine luxuri\u00f6sen Spa-Umgebung zuhause 3\u20134 Tropfen im Diffuser vernebeln.<br \/>\nTopisch: Zum L\u00f6sen von Verspannungen auf Nacken und Schultern auftragen. Dabei 5 Tropfen mit 10 ml Tr\u00e4ger\u00f6l mischen. Als entspannendes Bad nach einem langen Arbeitstag Bittersalz zusammen mit Aromatouch verwenden. Daf\u00fcr 5 Tropfen mit 5 ml Tr\u00e4ger\u00f6l mischen.<\/p>\n<p><strong>Sichere Verwendung<\/strong><br \/>\nHautreizungen m\u00f6glich. Au\u00dferhalb der Reichweite von Kindern aufbewahren. Wenn du schwanger bist oder in \u00e4rztlicher Behandlung stehst, konsultiere bitte den Arzt. Kontakt mit Augen, Innenohren, Gesicht, empfindlichen Stellen und Schleimh\u00e4uten vermeiden. Mindestens 12 Stunden nach dem Auftragen Sonnenlicht und UV-Strahlen meiden. Nur zur \u00e4u\u00dferlichen Anwendung.<\/p>\n","protected":false},"excerpt":{"rendered":"<h2 style=\"font-size: 28px;\">Massagemischung &#8211; Das \u00d6l der Entspannung<\/h2>\n<p>doTERRA Aromatouch &#8211; Ist mit einzigartigen \u00e4therischen \u00d6len f\u00fcr wohltuende Massagen und Wellness-Behandlungen. Ob im professionellen Spa oder Massagebereich oder f\u00fcr die sanfte Entspannung nach einem anstrengenden Tag zuhause.<\/p>\n","protected":false},"featured_media":515,"template":"","meta":{"_et_pb_use_builder":"","_et_pb_old_content":"","_et_gb_content_width":""},"product_cat":[15,51,39,1942,1961,1962,1963],"product_tag":[280,281],"_links":{"self":[{"href":"https:\/\/www.magnolioworld.com\/green-ch\/wp-json\/wp\/v2\/product\/690"}],"collection":[{"href":"https:\/\/www.magnolioworld.com\/green-ch\/wp-json\/wp\/v2\/product"}],"about":[{"href":"https:\/\/www.magnolioworld.com\/green-ch\/wp-json\/wp\/v2\/types\/product"}],"wp:featuredmedia":[{"embeddable":true,"href":"https:\/\/www.magnolioworld.com\/green-ch\/wp-json\/wp\/v2\/media\/515"}],"wp:attachment":[{"href":"https:\/\/www.magnolioworld.com\/green-ch\/wp-json\/wp\/v2\/media?parent=690"}],"wp:term":[{"taxonomy":"product_cat","embeddable":true,"href":"https:\/\/www.magnolioworld.com\/green-ch\/wp-json\/wp\/v2\/product_cat?post=690"},{"taxonomy":"product_tag","embeddable":true,"href":"https:\/\/www.magnolioworld.com\/green-ch\/wp-json\/wp\/v2\/product_tag?post=690"}],"curies":[{"name":"wp","href":"https:\/\/api.w.org\/{rel}","templated":true}]}}