{"id":688,"date":"2020-04-22T14:01:21","date_gmt":"2020-04-22T12:01:21","guid":{"rendered":"https:\/\/www.magnolio.shop\/anchor-anchor-stabilisierend\/"},"modified":"2024-02-02T11:35:56","modified_gmt":"2024-02-02T10:35:56","slug":"doterra-anchor","status":"publish","type":"product","link":"https:\/\/www.magnolioworld.com\/green-ch\/doterra-anchor\/","title":{"rendered":"doTERRA Anchor"},"content":{"rendered":"<p><strong>doTERRA Anchor<\/strong> &#8211; Dem Leben einen Anker geben<\/p>\n<p>Hast du manchmal den Eindruck den \u00dcberblick zu verlieren? Eine endlose To-do-Liste liegt vor dir, aber die Priorit\u00e4ten sind vollkommen unklar? Du f\u00fchlst dich in dieser gesch\u00e4ftigen, modernen Welt getrieben, bist haltlos und unsicher?<br \/>\nDann gibt dir die stabilisierende Mischung den n\u00f6tige Halt.<\/p>\n<p>Mit einfachen Yoga-\u00dcbungen und einer Aromatherapie kannst du die Balance wiedergewinnen. So schenkt dir die stabilisierende Mischung <strong>doTERRA Anchor<\/strong> festes Vertrauen und einen sicheren Ankerplatz. Du kannst dein Leben mit beruhigender St\u00e4rke angehen. Deine Selbstverbundenheit, die emotionale Harmonie und deine angeborene Weisheit werden durch die Mischung unterst\u00fctzt. Sie besteht aus den \u00e4therischen \u00d6len Lavender, Cedarwood, Sandalwood, Cinnamon, Frankincense, Black Pepper und Patchouli in einer Basis aus fraktioniertem Kokos\u00f6l.<\/p>\n<p>Ideal f\u00fcr die Yogapraxis, Meditation oder spirituelle Praxis und \u00fcberall dort, wo du dich verankern willst.<\/p>\n<p>Wunderbar auch in Kombination mit den anderen Yoga-\u00d6len Align und Arise oder als Set in der Yoga Collection. Auch als Geschenk f\u00fcr liebe Menschen geeignet.<br \/>\n<strong><br \/>\nEmpfehlung<\/strong><br \/>\nAromatisch: F\u00fcr eine zentrierte Atemluft 3\u20134 Tropfen im Diffuser vernebeln. Zur optimalen emotionalen Wirkung 1-2 Tropfen \u00fcber die Handgelenke oder die Handfl\u00e4chen tief inhalieren und vor oder bei Yoga-\u00dcbungen verwenden. Wende Anchor w\u00e4hrend der Yoga-Praxis oder zu jeder beliebigen Tageszeit an.<br \/>\nDie idealen Yoga-Anwendungen f\u00fcr Anchor sind die sitzende Meditation, Drehsitz und das Bhu Mudra.<br \/>\nTopisch: Wende die Mischung zur besseren Stabilit\u00e4t an den Kn\u00f6cheln, den Fu\u00dfsohlen und dem unteren Ende der Wirbels\u00e4ule an. F\u00fcr Massagen 5 Tropfen mit 10 ml Tr\u00e4ger\u00f6l mischen. Als Badezusatz 5 Tropfen mit 5 ml Tr\u00e4ger\u00f6l mischen. Zum Parf\u00fcmieren 1 Tropfen mit 10 Tropfen Tr\u00e4ger\u00f6l mischen.<\/p>\n<p><strong>Sichere Verwendung<\/strong><br \/>\nHautreizungen m\u00f6glich. Au\u00dferhalb der Reichweite von Kindern aufbewahren. Wenn du schwanger bist oder in \u00e4rztlicher Behandlung stehst, konsultiere bitte den Arzt. Kontakt mit Augen, Innenohren, Gesicht, empfindlichen Stellen und Schleimh\u00e4uten vermeiden. Mindestens 12 Stunden nach dem Auftragen Sonnenlicht und UV-Strahlen meiden. Nur zur \u00e4u\u00dferlichen Anwendung.<\/p>\n","protected":false},"excerpt":{"rendered":"<h2 style=\"font-size: 28px;\">Stabilisierende Mischung<\/h2>\n<p>doTERRA Anchor &#8211; Das \u00e4therische \u00d6l des Haltes und der Stabilit\u00e4t ist der ideale Begleiter f\u00fcr die Yoga-Praxis, Meditation und \u00fcberall dort, wo ein Anker ben\u00f6tigt wird. Es verleiht dir den notwendigen Halt und das Vertrauen in deine F\u00e4higkeiten.<br \/>\ndoTERRA Anchor ist das \u00e4therische \u00d6l der Stabilisierung und der ideale Yogabegleiter. Aus sicherer Verankerung behalten Sie den \u00dcberblick.<\/p>\n","protected":false},"featured_media":3167,"template":"","meta":{"_et_pb_use_builder":"","_et_pb_old_content":"","_et_gb_content_width":""},"product_cat":[15,51,36,48,1942,1948,1982],"product_tag":[276,277],"_links":{"self":[{"href":"https:\/\/www.magnolioworld.com\/green-ch\/wp-json\/wp\/v2\/product\/688"}],"collection":[{"href":"https:\/\/www.magnolioworld.com\/green-ch\/wp-json\/wp\/v2\/product"}],"about":[{"href":"https:\/\/www.magnolioworld.com\/green-ch\/wp-json\/wp\/v2\/types\/product"}],"wp:featuredmedia":[{"embeddable":true,"href":"https:\/\/www.magnolioworld.com\/green-ch\/wp-json\/wp\/v2\/media\/3167"}],"wp:attachment":[{"href":"https:\/\/www.magnolioworld.com\/green-ch\/wp-json\/wp\/v2\/media?parent=688"}],"wp:term":[{"taxonomy":"product_cat","embeddable":true,"href":"https:\/\/www.magnolioworld.com\/green-ch\/wp-json\/wp\/v2\/product_cat?post=688"},{"taxonomy":"product_tag","embeddable":true,"href":"https:\/\/www.magnolioworld.com\/green-ch\/wp-json\/wp\/v2\/product_tag?post=688"}],"curies":[{"name":"wp","href":"https:\/\/api.w.org\/{rel}","templated":true}]}}