{"id":687,"date":"2020-04-22T14:01:21","date_gmt":"2020-04-22T12:01:21","guid":{"rendered":"https:\/\/www.magnolio.shop\/align-align-zentrierend\/"},"modified":"2025-11-17T17:32:15","modified_gmt":"2025-11-17T16:32:15","slug":"doterra-align","status":"publish","type":"product","link":"https:\/\/www.magnolioworld.com\/green-ch\/doterra-align\/","title":{"rendered":"doTERRA Align"},"content":{"rendered":"<p><strong>doTERRA Align<\/strong> &#8211; Innere Zentrierung, Zufriedenheit und Halt<\/p>\n<p>Hast du ein gesundes Vertrauen in dich selbst? Besteht eine innere Zentrierung? Findest du in dieser gesch\u00e4ftigen, schnell lebenden und manchmal chaotischen Welt immer den stabilen Halt?<br \/>\nBist du zufrieden mit dir? Hast und lebst du ein sinnhaftes Leben? Bist du entschlussfreudig und immer pr\u00e4sent? <br \/>\ndoTERRA Align ist das \u00e4therische \u00d6l aus dem doTERRA Yoga Kit, das dir die emotionale Unterst\u00fctzung daf\u00fcr bietet. Mit den \u00e4therischen \u00d6len Bergamot, Coriander, Marjoram, Peppermint, Jasmine und Rose in einer Basis aus fraktioniertem Kokos\u00f6l hilft dir Align deinen Weg zu gehen und zu leben.<\/p>\n<p>Ideal f\u00fcr die Yogapraxis, Meditation oder spirituelle Praxis und \u00fcberall dort, wo du dich zentrieren willst.<\/p>\n<p>Wunderbar auch in Kombination mit den anderen Yoga-\u00d6len Anchor und Arise oder als Set in der Yoga Collection. Auch als Geschenk f\u00fcr liebe Menschen geeignet.<\/p>\n<p><strong>Empfehlung<\/strong><br \/>\nAromatisch: F\u00fcr eine zentrierte Atemluft 3\u20134 Tropfen im Diffuser vernebeln. Zur optimalen emotionalen Wirkung 1-2 Tropfen \u00fcber die Handgelenke oder die Handfl\u00e4chen tief inhalieren vor oder bei Yoga-\u00dcbungen verwenden. Wende Align w\u00e4hrend der Yoga-Praxis oder zu jeder beliebigen Tageszeit an.<br \/>\nDie idealen Yoga-Haltungen f\u00fcr Align sind Krieger II, Dreieck und Tor.<br \/>\nTopisch: F\u00fcr Massagen 5 Tropfen mit 10 ml Tr\u00e4ger\u00f6l mischen. Als Badezusatz 5 Tropfen mit 5 ml Tr\u00e4ger\u00f6l mischen. Zum Parf\u00fcmieren 1 Tropfen mit 10 Tropfen Tr\u00e4ger\u00f6l mischen.<\/p>\n<p><strong>Sichere Verwendung<\/strong><br \/>\nHautreizungen m\u00f6glich. Au\u00dferhalb der Reichweite von Kindern aufbewahren. Wenn du schwanger bist oder in \u00e4rztlicher Behandlung stehst, konsultiere bitte den Arzt. Kontakt mit Augen, Innenohren, Gesicht, empfindlichen Stellen und Schleimh\u00e4uten vermeiden. Mindestens 12 Stunden nach dem Auftragen Sonnenlicht und UV-Strahlen meiden. Nur zur \u00e4u\u00dferlichen Anwendung.<\/p>\n","protected":false},"excerpt":{"rendered":"<h2 style=\"font-size: 28px;\">Zentrierende Mischung<\/h2>\n<p>doTERRA\u00a0 Align &#8211; Ist das \u00e4therische \u00d6l der Zentrierung und der ideale Begleiter f\u00fcr die Yoga-Praxis, Meditation und \u00fcberall dort, wo Zentrierung ben\u00f6tigt wird. Es verleiht dir den notwendigen Halt und das Vertrauen in deine F\u00e4higkeiten.<\/p>\n","protected":false},"featured_media":3166,"template":"","meta":{"_et_pb_use_builder":"","_et_pb_old_content":"","_et_gb_content_width":""},"product_cat":[15,51,48,1942,1982],"product_tag":[274,275],"_links":{"self":[{"href":"https:\/\/www.magnolioworld.com\/green-ch\/wp-json\/wp\/v2\/product\/687"}],"collection":[{"href":"https:\/\/www.magnolioworld.com\/green-ch\/wp-json\/wp\/v2\/product"}],"about":[{"href":"https:\/\/www.magnolioworld.com\/green-ch\/wp-json\/wp\/v2\/types\/product"}],"wp:featuredmedia":[{"embeddable":true,"href":"https:\/\/www.magnolioworld.com\/green-ch\/wp-json\/wp\/v2\/media\/3166"}],"wp:attachment":[{"href":"https:\/\/www.magnolioworld.com\/green-ch\/wp-json\/wp\/v2\/media?parent=687"}],"wp:term":[{"taxonomy":"product_cat","embeddable":true,"href":"https:\/\/www.magnolioworld.com\/green-ch\/wp-json\/wp\/v2\/product_cat?post=687"},{"taxonomy":"product_tag","embeddable":true,"href":"https:\/\/www.magnolioworld.com\/green-ch\/wp-json\/wp\/v2\/product_tag?post=687"}],"curies":[{"name":"wp","href":"https:\/\/api.w.org\/{rel}","templated":true}]}}