{"id":685,"date":"2020-04-22T14:01:21","date_gmt":"2020-04-22T12:01:21","guid":{"rendered":"https:\/\/www.magnolio.shop\/air-air-luftholen\/"},"modified":"2025-11-17T13:56:56","modified_gmt":"2025-11-17T12:56:56","slug":"doterra-air","status":"publish","type":"product","link":"https:\/\/www.magnolioworld.com\/green-ch\/doterra-air\/","title":{"rendered":"doTERRA Air"},"content":{"rendered":"<p><strong>doTERRA Air<\/strong> &#8211; Die Atemwegsmischung &#8211; Luft zum Leben<\/p>\n<p>In den aktuell bewegten Zeiten ist gerade das Atmungssystem h\u00e4ufig sehr beansprucht. Sei es durch akute Atemwegsthemen oder durch eingeschr\u00e4nkte Atmungsm\u00f6glichkeiten.<br \/>\nHier helfen die \u00e4therischen \u00d6le in der Atemwegsmischung das Durchatmen zu entspannen und auch kalte Jahreszeiten mit einer frischen Aroma-Mischung durchzustehen.<br \/>\nSo werden die Lungen, Bronchien und Nebenh\u00f6hlen bei der Entspannung unterst\u00fctzt und die Atmung erleichtert und befreit.<\/p>\n<p>Denn das tiefe und entspannte Durchatmen ist die Essenz des Lebens.<\/p>\n<p>In <strong>doTERRA Air<\/strong> wirken die hochwertigen \u00e4therische \u00d6le wie Cardamom, Peppermint, Eucalyptus, Tea Tree, Lemon und Ravensara zusammen auf einzigartige Weise entspannend und unterst\u00fctzend.<\/p>\n<p>Zur Beruhigung und vorbeugenden Pflege der Atemwege kann die \u00e4therische \u00d6lmischung doTERRA Air aromatisch im Diffuser vernebelt oder direkt \u00fcber die Handgelenke inhaliert werden. Die Mischung kann auch verd\u00fcnnt mit fraktioniertem Kokos\u00f6l auf Brust und R\u00fccken aufgetragen werden. Besonders intensiv ist auch das Auftragen auf den Fussreflexpunkten.<br \/>\nIdeal ist die Mischung auch zum befreiten Durchatmen bei sportlichen Aktivit\u00e4ten aller Art.<\/p>\n<p>Die \u00e4therische \u00d6lmischung hat aber nicht nur k\u00f6rperliche, sondern auch emotionale Effekte. Denn, wie oft hat man das Gef\u00fchl, der Atem w\u00fcrde stocken, die Kehle w\u00e4re zugeschn\u00fcrt oder es w\u00fcrde einfach die Luft zum Atmen fehlen. Hier wirkt die Atemwegsmischung wunderbar befreiend und erleichtert das entspannte Durchatmen.<\/p>\n<p>Verd\u00fcnnt kann sie auch wunderbar bei Kindern Erleichterung verschaffen.<\/p>\n<p>Damit diese Atemwegsmischung bei m\u00f6glichst vielen Gelegenheiten genutzt werden kann, gibt es verschiedene Produktformen. So ist die Mischung bereits verd\u00fcnnt im Touch jederzeit unterwegs einsatzbereit. <br \/>\nDer doTERRA Air Vapour Stick ist besonders sanft in der Anwendung, wirkt langanhaltend und kann \u00fcberall verwendet werden. Er ist z.B. auch auf Flugreisen sehr hilfreich, da er k\u00fchlenden und erfrischenden Effekt hat.<\/p>\n<p>Wer zwischendurch die \u00e4therische \u00d6lmischung stets griffbereit haben will und Wert auf einen befreiten Atem legt, f\u00fcr den sind die doTERRA Air Drops besonders zu empfehlen.<\/p>\n<p><strong>Empfehlung<\/strong><br \/>\nAromatisch: F\u00fcr eine reine und klare Atemluft 3\u20134 Tropfen im Diffuser vernebeln. F\u00fcr ein erfrischendes Raumklima 3-4 Tropfen in die Duschtasse geben. Zur optimalen emotionalen Wirkung 1-2 Tropfen \u00fcber die Pulspunkte oder die Handfl\u00e4chen tief inhalieren.<br \/>\nTopisch: Vor sportlicher Bet\u00e4tigung auf der Brust, dem Nacken und den Handgelenken einreiben. Trage diese Mischung auf Brust, R\u00fccken oder Fu\u00dfsohlen auf, um am Abend herunterzukommen und das Kopfkino zu stoppen. F\u00fcr Massagen 5 Tropfen mit 10 ml Tr\u00e4ger\u00f6l mischen. Zusammen mit Bittersalz ein Entspannungsbad geniessen. Als Badezusatz 5 Tropfen mit 5 ml Tr\u00e4ger\u00f6l mischen.<\/p>\n<p><strong>Sichere Verwendung<\/strong><br \/>\nHautreizungen m\u00f6glich. Au\u00dferhalb der Reichweite von Kindern aufbewahren. Wenn du schwanger bist oder in \u00e4rztlicher Behandlung stehst, konsultiere bitte den Arzt. Kontakt mit Augen, Innenohren, Gesicht, empfindlichen Stellen und Schleimh\u00e4uten vermeiden. Nur \u00e4usserlich verwenden.<\/p>\n","protected":false},"excerpt":{"rendered":"<h2 style=\"font-size: 28px;\">Atemwegsmischung<\/h2>\n<p>doTERRA Air &#8211; Diese Mischung ist ideal, um \u00fcberall und jederzeit schnelle Erfrischung zwischendurch und befreites Durchatmen in herausfordernden Zeiten zu erhalten. Es ist wie eine frische befreiende Brise.<\/p>\n","protected":false},"featured_media":7032,"template":"","meta":{"_et_pb_use_builder":"","_et_pb_old_content":"","_et_gb_content_width":""},"product_cat":[15,51,37,48,1922,1954,1956],"product_tag":[270,271,2115],"_links":{"self":[{"href":"https:\/\/www.magnolioworld.com\/green-ch\/wp-json\/wp\/v2\/product\/685"}],"collection":[{"href":"https:\/\/www.magnolioworld.com\/green-ch\/wp-json\/wp\/v2\/product"}],"about":[{"href":"https:\/\/www.magnolioworld.com\/green-ch\/wp-json\/wp\/v2\/types\/product"}],"wp:featuredmedia":[{"embeddable":true,"href":"https:\/\/www.magnolioworld.com\/green-ch\/wp-json\/wp\/v2\/media\/7032"}],"wp:attachment":[{"href":"https:\/\/www.magnolioworld.com\/green-ch\/wp-json\/wp\/v2\/media?parent=685"}],"wp:term":[{"taxonomy":"product_cat","embeddable":true,"href":"https:\/\/www.magnolioworld.com\/green-ch\/wp-json\/wp\/v2\/product_cat?post=685"},{"taxonomy":"product_tag","embeddable":true,"href":"https:\/\/www.magnolioworld.com\/green-ch\/wp-json\/wp\/v2\/product_tag?post=685"}],"curies":[{"name":"wp","href":"https:\/\/api.w.org\/{rel}","templated":true}]}}