{"id":684,"date":"2020-04-22T14:01:21","date_gmt":"2020-04-22T12:01:21","guid":{"rendered":"https:\/\/www.magnolio.shop\/turmeric-kurkuma\/"},"modified":"2024-02-01T19:59:08","modified_gmt":"2024-02-01T18:59:08","slug":"kurkumaoel-doterra-turmeric","status":"publish","type":"product","link":"https:\/\/www.magnolioworld.com\/green-ch\/kurkumaoel-doterra-turmeric\/","title":{"rendered":"Kurkuma\u00f6l &#8211; doTERRA Turmeric"},"content":{"rendered":"<p><strong>doTERRA Turmeric<\/strong> &#8211; Das \u00d6l der Wiederherstellung<\/p>\n<p>Mit bis zu 1 Meter Wuchsh\u00f6he ist Kurkuma in S\u00fcdasien beheimatet. Das Rhizom dieser auch als Gelber Ingwer oder Safranwurzel bezeichneten Gew\u00e4chses wird mittels Wasserdampfdestillation zu \u00e4therischem <strong>doTERRA Turmeric<\/strong> verarbeitet. Es verbreitet ein warmes, w\u00fcrziges und erdig-holziges Aroma. In der chinesischen und indischen K\u00fcche ist Kurkuma unersetzlich. <\/p>\n<p>In der indonesischen Naturheilkunde wird das \u00e4therische Kurkuma\u00f6l zur St\u00e4rkung des Immunsystems und der Atemwege verwendet. Es wirkt zudem zellregenerierend und ist deshalb auch ideal f\u00fcr alle Regenerations- und Anti-Aging Anwendungen.<\/p>\n<p>Emotional wirkt dieses \u00d6l st\u00e4rkend und aufbauend und verleiht uns gerade in anspruchsvollen Zeiten Sicherheit und Vertrauen in uns selbst.<\/p>\n<p>Idealerweise kann doTERRA Turmeric aromatisch im Diffuser, \u00fcber die Handfl\u00e4chen oder die Pulspunkte verwendet werden. Es kann auch direkt auf die beanspruchten K\u00f6rperstellen oder die Fu\u00dfreflexzonen aufgetragen oder mit einer Kapsel eingenommen werden. In der K\u00fcche verfeinert es viele Speisen und indische Getr\u00e4nke.<\/p>\n<p><strong>Empfehlung<\/strong><br \/>\nAromatisch: F\u00fcr Wohlbefinden und spirituelle Reinheit 3-4 Tropfen doTERRA Turmeric in den Diffuser geben oder \u00fcber die Handgelenke tief inhalieren. Ideal f\u00fcr die spirituelle Praxis. <br \/>\nInnerlich: Verwende einen Tropfen f\u00fcr einen w\u00fcrzigen und pfeffrigen Geschmack Deiner Speisen, wie Suppen, R\u00fchreier oder Reis. Weniger ist mehr: Oft reicht schon ein Zahnstocherspitze des \u00d6ls aus. Daf\u00fcr einfach einen Zahnstocher mit dem \u00d6l benetzen und in die Speisen unterr\u00fchren. Kreiere Deinen eigenen Kurkuma-Tee, indem Du Kokosmilch, Wasser, Honig, Tee und 1 \u2013 2 Tropfen \u00e4therisches Kurkuma\u00f6l mischt. <br \/>\nTopisch: Nutze die reinigenden Eigenschaften des \u00d6ls und gib 1-2 Tropfen Deiner Gesichtspflege hinzu oder mache eine kl\u00e4rende Gesichtsmaske. Massiere 5 Tropfen des \u00d6ls zusammen mit 10 ml Tr\u00e4ger\u00f6l ein und lasse Deinen K\u00f6rper regenerieren. Gib 5 Tropfen mit Tr\u00e4ger\u00f6l, Mandelmilch oder Sahne in ein linderndes Entspannungsbad.<\/p>\n<p><strong>Sichere Verwendung<\/strong><br \/>\nKann Hautreizungen verursachen. Au\u00dferhalb der Reichweite von Kindern aufbewahren. Wenn Du schwanger bist oder in \u00e4rztlicher Behandlung stehst, konsultiere bitte Deinen Arzt. Kontakt mit Augen, Innenohren, Gesicht, empfindlichen Stellen und Schleimh\u00e4uten vermeiden. Topisch bitte die \u00d6le stets mit Tr\u00e4ger\u00f6l (z.B. fraktioniertem Kokos\u00f6l) verd\u00fcnnen.<\/p>\n","protected":false},"excerpt":{"rendered":"<h2 style=\"font-size: 28px;\">Das \u00d6l der Wiederherstellung<\/h2>\n<p>doTERRA Turmeric &#8211; Hilft zur k\u00f6rperlichen und seelischen Wiederherstellung und damit einem optimalen Wohlbefinden. Kurkuma\u00f6l einfach genussvoll inhalieren bzw. innerlich einnehmen, um gekr\u00e4ftigt durch schwierige Zeiten zu gehen. Emotional wirkt dieses \u00d6l st\u00e4rkend und aufbauend und verleiht uns gerade in anspruchsvollen Zeiten Sicherheit und Vertrauen in uns selbst.<\/p>\n","protected":false},"featured_media":3156,"template":"","meta":{"_et_pb_use_builder":"","_et_pb_old_content":"","_et_gb_content_width":""},"product_cat":[15,50],"product_tag":[269,268],"_links":{"self":[{"href":"https:\/\/www.magnolioworld.com\/green-ch\/wp-json\/wp\/v2\/product\/684"}],"collection":[{"href":"https:\/\/www.magnolioworld.com\/green-ch\/wp-json\/wp\/v2\/product"}],"about":[{"href":"https:\/\/www.magnolioworld.com\/green-ch\/wp-json\/wp\/v2\/types\/product"}],"wp:featuredmedia":[{"embeddable":true,"href":"https:\/\/www.magnolioworld.com\/green-ch\/wp-json\/wp\/v2\/media\/3156"}],"wp:attachment":[{"href":"https:\/\/www.magnolioworld.com\/green-ch\/wp-json\/wp\/v2\/media?parent=684"}],"wp:term":[{"taxonomy":"product_cat","embeddable":true,"href":"https:\/\/www.magnolioworld.com\/green-ch\/wp-json\/wp\/v2\/product_cat?post=684"},{"taxonomy":"product_tag","embeddable":true,"href":"https:\/\/www.magnolioworld.com\/green-ch\/wp-json\/wp\/v2\/product_tag?post=684"}],"curies":[{"name":"wp","href":"https:\/\/api.w.org\/{rel}","templated":true}]}}