{"id":683,"date":"2020-04-22T14:01:20","date_gmt":"2020-04-22T12:01:20","guid":{"rendered":"https:\/\/www.magnolio.shop\/pink-pepper-rosa-pfeffer\/"},"modified":"2024-02-01T19:39:21","modified_gmt":"2024-02-01T18:39:21","slug":"rosa-pfefferoel-doterra-pink-pepper","status":"publish","type":"product","link":"https:\/\/www.magnolioworld.com\/green-ch\/rosa-pfefferoel-doterra-pink-pepper\/","title":{"rendered":"Rosa Pfeffer\u00f6l &#8211; doTERRA Pink Pepper"},"content":{"rendered":"<p><strong>doTERRA Pink Pepper<\/strong> &#8211; Ideal f\u00fcr den k\u00f6rperlichen und seelischen Ausgleich<\/p>\n<p>Dieses \u00e4therische \u00d6l ist das \u00d6l des Ausgleichs und des Gleichgewichts und kann unterst\u00fctzend f\u00fcr die k\u00f6rperliche und emotionale Balance eingesetzt werden. Gerade in herausfordernden Zeiten ideal. Verwende es bei der spirituellen Praxis oder beim Yoga und Meditation.<\/p>\n<p>Der Peruanische Pfefferbaum aus dem es gewonnen wird, ist ein bis zu 15 Meter hoch wachsender immergr\u00fcner Baum, der seinen Ursprung in S\u00fcd- und Mittelamerika hat. Die rosafarbenen Fr\u00fcchte werden mittels Wasserdampfdestillation zur Herstellung des w\u00fcrzig-fruchtigen riechenden \u00e4therischen Rosa Pfeffer\u00f6l verwendet.<\/p>\n<p>F\u00fcr die Inkas waren die Fr\u00fcchte heilig und wurden um die Tempel herum platziert. Zudem wurden Fr\u00fcchte, Bl\u00e4tter und Harz in der Naturheilkunde verwendet. Rosa-Pfeffer ist nicht mit Schwarzem Pfeffer verwandt, auch wenn der Name darauf hindeutet. Deshalb hat das \u00e4therische doTERRA Pink Pepper auch einen g\u00e4nzlich anderen Geruch und Anwendungsbereich wie der Schwarze Pfeffer.<br \/>\nBeim W\u00fcrzen schafft es neue Geschmackserlebnisse.<\/p>\n<p><strong>Empfehlung<\/strong><br \/>\nAromatisch: F\u00fcr eine ausgleichende Wirkung vernebele\u00a0 3-4 Tropfen doTERRA Pink Pepper im Diffuser.<br \/>\nInnerlich: Gib f\u00fcr einen belebenden Geschmack 1-2 Tropfen in 125 ml Wasser. Ersetze Schwarzen Pfeffer und erhalte neue Geschmackserlebnisse. Beachte: Weniger ist mehr. Oft reicht schon eine Zahnstocherspitze des \u00d6ls aus.<\/p>\n<p><strong>Sichere Verwendung<\/strong><br \/>\nMaximal 1 Tropfen am Tag innerlich verewnden. Kann Hautreizungen verursachen. Au\u00dferhalb der Reichweite von Kindern aufbewahren. Wenn Du schwanger bist oder in \u00e4rztlicher Behandlung stehst, konsultiere bitte Deinen Arzt. Kontakt mit Augen, Innenohren, Gesicht, empfindlichen Stellen und Schleimh\u00e4uten vermeiden. Topisch bitte die \u00d6le stets mit Tr\u00e4ger\u00f6l (z.B. fraktioniertem Kokos\u00f6l) verd\u00fcnnen.<\/p>\n","protected":false},"excerpt":{"rendered":"<h2 style=\"font-size: 28px;\">Das \u00d6l des Gleichgewichts<\/h2>\n<p>doTERRA Pink Pepper &#8211; Gibt k\u00f6rperliches und emotionales Gleichgewicht und ist deshalb gerade in herausfordernden Zeiten ideal. Zur k\u00f6rperlichen Entspannung einfach ein paar Tropfen der Massagemischung hinzuf\u00fcgen. F\u00fcr eine optimal gepflegte Haut ein Tropfen der Feuchtigkeitspflege hinzuf\u00fcgen. Zur emotionalen Wirkung tief inhalieren bzw. im Diffuser vernebeln.<\/p>\n","protected":false},"featured_media":3151,"template":"","meta":{"_et_pb_use_builder":"","_et_pb_old_content":"","_et_gb_content_width":""},"product_cat":[15,50,1938],"product_tag":[267,265,266],"_links":{"self":[{"href":"https:\/\/www.magnolioworld.com\/green-ch\/wp-json\/wp\/v2\/product\/683"}],"collection":[{"href":"https:\/\/www.magnolioworld.com\/green-ch\/wp-json\/wp\/v2\/product"}],"about":[{"href":"https:\/\/www.magnolioworld.com\/green-ch\/wp-json\/wp\/v2\/types\/product"}],"wp:featuredmedia":[{"embeddable":true,"href":"https:\/\/www.magnolioworld.com\/green-ch\/wp-json\/wp\/v2\/media\/3151"}],"wp:attachment":[{"href":"https:\/\/www.magnolioworld.com\/green-ch\/wp-json\/wp\/v2\/media?parent=683"}],"wp:term":[{"taxonomy":"product_cat","embeddable":true,"href":"https:\/\/www.magnolioworld.com\/green-ch\/wp-json\/wp\/v2\/product_cat?post=683"},{"taxonomy":"product_tag","embeddable":true,"href":"https:\/\/www.magnolioworld.com\/green-ch\/wp-json\/wp\/v2\/product_tag?post=683"}],"curies":[{"name":"wp","href":"https:\/\/api.w.org\/{rel}","templated":true}]}}