{"id":682,"date":"2020-04-22T14:01:20","date_gmt":"2020-04-22T12:01:20","guid":{"rendered":"https:\/\/www.magnolio.shop\/fractionated-coconut-oil-fraktioniertes-kokosoel\/"},"modified":"2025-11-17T15:10:02","modified_gmt":"2025-11-17T14:10:02","slug":"doterra-coconut-oil","status":"publish","type":"product","link":"https:\/\/www.magnolioworld.com\/green-ch\/doterra-coconut-oil\/","title":{"rendered":"Kokosnuss\u00f6l &#8211; doTERRA Coconut Oil"},"content":{"rendered":"<p><strong>doTERRA Coconut Oil<\/strong> ist ein leichtes und neutrales Tr\u00e4ger\u00f6l. <\/p>\n<p>So verbessert das Kokos\u00f6l die Wirkung der \u00e4therischen \u00d6le auf der Haut, damit diese nicht zu schnell aromatisieren und Zeit haben in die Haut einzuwirken. Tats\u00e4chlich wird die Verweildauer der \u00d6le auf der Haut erheblich verl\u00e4ngert. <\/p>\n<p>Zudem sorgt <strong>doTERRA Coconut Oil<\/strong> f\u00fcr eine glatte und weiche Haut und kann wunderbar f\u00fcr die K\u00f6rperpflege eingesetzt werden.<\/p>\n<p>Es ist auch auch ideal, um \u00e4therische \u00d6le bei empfindlicher Haut zu verd\u00fcnnen und eine wohltuende und pflegende Erg\u00e4nzung f\u00fcr alle Wellnessmassagen.<\/p>\n","protected":false},"excerpt":{"rendered":"<h2 style=\"font-size: 28px;\">Fl\u00fcssiges Kokosnuss \u00d6l<\/h2>\n<p>doTERRA Coconut Oil ist ein leichtes und neutrales Tr\u00e4ger\u00f6l. Es verbessert die Wirkung der \u00e4therischen \u00d6le auf der Haut. Ideal, um scharfe \u00d6le zu verd\u00fcnnen und bei \u00e4u\u00dferer Anwendung die Wirksamkeit der \u00e4therischen \u00d6le zu erh\u00f6hen.<\/p>\n","protected":false},"featured_media":1163,"template":"","meta":{"_et_pb_use_builder":"","_et_pb_old_content":"","_et_gb_content_width":""},"product_cat":[15,2106,50,36,37,38,39,41,42,43,46,48,45,47,2110,1941,1961,1969,1971,1972,1973,1975,1980,1981,1984,1987,1988],"product_tag":[263,264,2125],"_links":{"self":[{"href":"https:\/\/www.magnolioworld.com\/green-ch\/wp-json\/wp\/v2\/product\/682"}],"collection":[{"href":"https:\/\/www.magnolioworld.com\/green-ch\/wp-json\/wp\/v2\/product"}],"about":[{"href":"https:\/\/www.magnolioworld.com\/green-ch\/wp-json\/wp\/v2\/types\/product"}],"wp:featuredmedia":[{"embeddable":true,"href":"https:\/\/www.magnolioworld.com\/green-ch\/wp-json\/wp\/v2\/media\/1163"}],"wp:attachment":[{"href":"https:\/\/www.magnolioworld.com\/green-ch\/wp-json\/wp\/v2\/media?parent=682"}],"wp:term":[{"taxonomy":"product_cat","embeddable":true,"href":"https:\/\/www.magnolioworld.com\/green-ch\/wp-json\/wp\/v2\/product_cat?post=682"},{"taxonomy":"product_tag","embeddable":true,"href":"https:\/\/www.magnolioworld.com\/green-ch\/wp-json\/wp\/v2\/product_tag?post=682"}],"curies":[{"name":"wp","href":"https:\/\/api.w.org\/{rel}","templated":true}]}}