{"id":681,"date":"2020-04-22T14:01:20","date_gmt":"2020-04-22T12:01:20","guid":{"rendered":"https:\/\/www.magnolio.shop\/peppermint-touch-pfefferminz-touch\/"},"modified":"2025-11-17T14:55:41","modified_gmt":"2025-11-17T13:55:41","slug":"pfefferminz-roll-on-doterra-peppermint-touch","status":"publish","type":"product","link":"https:\/\/www.magnolioworld.com\/green-ch\/pfefferminz-roll-on-doterra-peppermint-touch\/","title":{"rendered":"Pfefferminz Roll-On &#8211; doTERRA Peppermint Touch"},"content":{"rendered":"<p><strong>doTERRA Peppermint Touch <\/strong>&#8211; Die erfrischende Leichtigkeit des fr\u00f6hlichen Herzens f\u00fcr unterwegs.<\/p>\n<p>Die Pfefferminze Pflanze hat ihren Ursprung in Europa. Carl von Linn\u00e9 beschrieb sie 1753 als ein Hybrid aus Wasserminze und Gr\u00fcner Minze. Ihr hoher Mentholgehalt ist charakteristisch f\u00fcr qualitativ hochwertige Pfefferminze, wie sich auch im \u00e4therischen Pfefferminz\u00f6l zu finden ist. <\/p>\n<p>Pfefferminze wird h\u00e4ufig in Zahnpasta, Kaugummi und anderen Produkten der Mundhygiene verwendet. Pfefferminze ist eines der meistverkauften \u00e4therischen \u00d6le. Auf der Haut wirkt sie angenehm k\u00fchlend, nach k\u00f6rperlicher Aktivit\u00e4t belebend auf die Muskulatur.<\/p>\n<p>Emotional ist es das \u00d6l des leichten oder fr\u00f6hlichen Herzens und gerade in schwierigen Lebensphasen sehr hilfreich. Dazu einfach das gebrauchsfertige Pfefferminz\u00f6l Roll-On auf die Pulspunkte auftragen und inhalieren. Ideal auch zur Unterst\u00fctzung gegen M\u00fcdigkeit in Schule und Beruf und bei langen Autofahrten. Dazu den Tuch in den Nacken und auf den Schl\u00e4fen (nicht zu nah an den Augen) anwenden.<\/p>\n<p>Das \u00e4therische Pfefferminz\u00f6l ist mit fraktioniertem Kokos\u00f6l gebrauchsfertig als doTERRA Peppermint Touch f\u00fcr Ihre Tasche konzipiert.<\/p>\n<p><strong>Empfehlung<br \/>\n<\/strong>Aromatisch: \u00dcber die Pulspunkte tief inhalieren.<br \/>\nTopisch: Zur Erfrischung und gegen M\u00fcdigkeit sanft \u00fcber die Schl\u00e4fen, den Nacken und die Schultern rollen. Bei Bedarf wiederholen.<\/p>\n<p><strong>Sichere Verwendung<\/strong><br \/>\nAu\u00dferhalb der Reichweite von Kindern aufbewahren. Wenn Du schwanger oder in \u00e4rztlicher Behandlung bist, konsultiere bitte Deinen Arzt. Kontakt mit Augen, Innenohren, Gesicht, empfindlichen Stellen und Schleimh\u00e4uten vermeiden.<\/p>\n","protected":false},"excerpt":{"rendered":"<h2 style=\"font-size: 28px;\">Erfrischung f\u00fcr unterwegs<\/h2>\n<p>doTERRA Peppermint Touch &#8211; Bietet die erfrischende und kl\u00e4rende Wirkung des Pfefferminz\u00f6ls im praktischen Roll-On. Klein und handlich kann es \u00fcberall unterwegs und ideal auch beim Sport gebrauchsfertig gegen Verspannungen und als schneller Frische-Kick eingesetzt werden. Einfach auf die Schl\u00e4fen und den Nacken auftragen oder \u00fcber die Pulspunkte inhalieren.<\/p>\n","protected":false},"featured_media":3161,"template":"","meta":{"_et_pb_use_builder":"","_et_pb_old_content":"","_et_gb_content_width":""},"product_cat":[15,50,48,2110,1965,1981],"product_tag":[261,262],"_links":{"self":[{"href":"https:\/\/www.magnolioworld.com\/green-ch\/wp-json\/wp\/v2\/product\/681"}],"collection":[{"href":"https:\/\/www.magnolioworld.com\/green-ch\/wp-json\/wp\/v2\/product"}],"about":[{"href":"https:\/\/www.magnolioworld.com\/green-ch\/wp-json\/wp\/v2\/types\/product"}],"wp:featuredmedia":[{"embeddable":true,"href":"https:\/\/www.magnolioworld.com\/green-ch\/wp-json\/wp\/v2\/media\/3161"}],"wp:attachment":[{"href":"https:\/\/www.magnolioworld.com\/green-ch\/wp-json\/wp\/v2\/media?parent=681"}],"wp:term":[{"taxonomy":"product_cat","embeddable":true,"href":"https:\/\/www.magnolioworld.com\/green-ch\/wp-json\/wp\/v2\/product_cat?post=681"},{"taxonomy":"product_tag","embeddable":true,"href":"https:\/\/www.magnolioworld.com\/green-ch\/wp-json\/wp\/v2\/product_tag?post=681"}],"curies":[{"name":"wp","href":"https:\/\/api.w.org\/{rel}","templated":true}]}}