{"id":679,"date":"2020-04-22T14:01:18","date_gmt":"2020-04-22T12:01:18","guid":{"rendered":"https:\/\/www.magnolio.shop\/oregano-touch-oregano-touch\/"},"modified":"2024-02-28T12:28:19","modified_gmt":"2024-02-28T11:28:19","slug":"oregano-roll-on-doterra-oregano-touch","status":"publish","type":"product","link":"https:\/\/www.magnolioworld.com\/green-ch\/oregano-roll-on-doterra-oregano-touch\/","title":{"rendered":"Oregano Roll-On &#8211; doTERRA Oregano Touch"},"content":{"rendered":"<p><strong>doTERRA Oregano Touch<\/strong> &#8211; Das starke Antioxidans to go<\/p>\n<p>Oregano ist eine ausdauernde krautige Pflanze, die Wuchsh\u00f6hen von 20 bis 70 Zentimetern erreicht. Mittels Wasserdampfdestillation werden die w\u00fcrzig und krautig duftenden Bl\u00e4tter zu \u00e4therischem Oregano\u00f6l verarbeitet. Hauptbestandteil darin ist Carvacrol, ein sehr vielseitiges und kraftvolles Phenol. <\/p>\n<p>Die Naturheilkunde nutzt es bei Verdauungsunp\u00e4sslichkeiten. emotional verst\u00e4rkt es das Gef\u00fchl von Geborgenheit und innerer Sicherheit.<\/p>\n<p>Hier als gebrauchsfertiger <strong>doTERRA Oregano Touch<\/strong> f\u00fcr Ihre Tasche konzipiert.<\/p>\n<p><strong>Empfehlung<br \/>\n<\/strong>Aromatisch: Inhaliere das \u00d6l direkt \u00fcber die Pulspunkte.<br \/>\nTopisch: Den Touch direkt auf die beanspruchten Hautstellen auftragen.<\/p>\n<p><strong>Sichere Verwendung<\/strong><br \/>\nAu\u00dferhalb der Reichweite von Kindern aufbewahren. Wenn du schwanger bist oder in \u00e4rztlicher Behandlung stehst, konsultiere bitte deinen Arzt. Kontakt mit Augen, Innenohren, Gesicht, empfindlichen Stellen und Schleimh\u00e4uten vermeiden.<\/p>\n","protected":false},"excerpt":{"rendered":"<h2 style=\"font-size: 28px;\">Das starke Antioxidans to go<\/h2>\n<p>doTERRA Oregano Touch &#8211; Ideal bei Problemzonen der Haut und zur Unterst\u00fctzung des Immunsystems. Direkt auf die Problempunkte auftragen oder \u00fcber die Pulspunkte inhalieren. Emotional wirkt Oregano Roll-On als \u00d6l der Demut befreiend und hilft, dem Leben mit Dankbarkeit zu begegnen.<\/p>\n","protected":false},"featured_media":3159,"template":"","meta":{"_et_pb_use_builder":"","_et_pb_old_content":"","_et_gb_content_width":""},"product_cat":[15,50],"product_tag":[240],"_links":{"self":[{"href":"https:\/\/www.magnolioworld.com\/green-ch\/wp-json\/wp\/v2\/product\/679"}],"collection":[{"href":"https:\/\/www.magnolioworld.com\/green-ch\/wp-json\/wp\/v2\/product"}],"about":[{"href":"https:\/\/www.magnolioworld.com\/green-ch\/wp-json\/wp\/v2\/types\/product"}],"wp:featuredmedia":[{"embeddable":true,"href":"https:\/\/www.magnolioworld.com\/green-ch\/wp-json\/wp\/v2\/media\/3159"}],"wp:attachment":[{"href":"https:\/\/www.magnolioworld.com\/green-ch\/wp-json\/wp\/v2\/media?parent=679"}],"wp:term":[{"taxonomy":"product_cat","embeddable":true,"href":"https:\/\/www.magnolioworld.com\/green-ch\/wp-json\/wp\/v2\/product_cat?post=679"},{"taxonomy":"product_tag","embeddable":true,"href":"https:\/\/www.magnolioworld.com\/green-ch\/wp-json\/wp\/v2\/product_tag?post=679"}],"curies":[{"name":"wp","href":"https:\/\/api.w.org\/{rel}","templated":true}]}}