{"id":678,"date":"2020-04-22T14:01:18","date_gmt":"2020-04-22T12:01:18","guid":{"rendered":"https:\/\/www.magnolio.shop\/neroli-touch-neroli-touch\/"},"modified":"2025-11-17T14:47:47","modified_gmt":"2025-11-17T13:47:47","slug":"neroli-roll-on-doterra-neroli-touch","status":"publish","type":"product","link":"https:\/\/www.magnolioworld.com\/green-ch\/neroli-roll-on-doterra-neroli-touch\/","title":{"rendered":"Neroli Roll-On &#8211; doTERRA Neroli Touch"},"content":{"rendered":"<p><strong>doTERRA Neroli Touch<\/strong>\u00a0&#8211; Stimmungshebend und wirkungsvoll gegen Stress und \u00c4ngste<\/p>\n<p>Die Bitterorange ist eine bis zu 10 Meter hohe immergr\u00fcne Zitruspflanze. Sie ist sie vermutlich aus einer Kreuzung zwischen Pampelmuse und Mandarine hervorgegangen. Das \u00e4therische Bitterorangen\u00f6l Neroli wird aus den Bl\u00fcten per Wasserdampfdestillation erzeugt. W\u00e4hrend aus den Zweigen und Bl\u00e4ttern des Bitterorangen-Baums das \u00e4therische Petitgrain gewonnen wird.<\/p>\n<p>Das beruhigende Aroma f\u00f6rdert das geistige und emotionale Wohlbefinden und wirkt erhebend auf die Emotionen. Neroli\u00f6l ist auch eines der \u00d6le, was die Stimulierung der lebenswichtigen Zirbeldr\u00fcse unterst\u00fctzt. Au\u00dferdem wirkt es aktivierend und ausgleichend auf das Stirnchakra. Dazu das \u00d6l auf das Stirnchakra bzw. die Handgelenke auftragen.<\/p>\n<p>Neroli\u00f6l Roll-On kann auch unterst\u00fctzend gegen Hautirritationen eingesetzt werden und die Haut beruhigen. Emotional wirkt Neroli Stress und Angstzust\u00e4nden entgegen und hilft zu entspannen.<\/p>\n<p>Hier als gebrauchsfertiger doTERRA Neroli Touch f\u00fcr deine Tasche konzipiert.<\/p>\n<p><strong>Empfehlung<\/strong><br \/>\nAromatisch: Zur Hebung der Stimmung und gegen Stress, Angst und Panik <strong>doTERRA Neroli Touch<\/strong> \u00fcber die Handgelenke bzw. die Handfl\u00e4chen inhalieren.<br \/>\nTopisch: In den Nacken bzw. die Fu\u00dfreflexzonen und die gew\u00fcnschten Chakren (speziell 3. Auge) auftragen. Zur Aktivierung auf der Zirbeldr\u00fcse anwenden.<br \/>\nAls exotisches Parf\u00fcm zu verwenden.<\/p>\n<p><strong>Sichere Verwendung<\/strong><br \/>\nAu\u00dferhalb der Reichweite von Kindern aufbewahren. Wenn du schwanger bist oder in \u00e4rztlicher Behandlung stehst, konsultiere bitte deinen Arzt. Kontakt mit Augen, Innenohren, Gesicht, empfindlichen Stellen und Schleimh\u00e4uten vermeiden.<\/p>\n","protected":false},"excerpt":{"rendered":"<h2 style=\"font-size: 28px;\">Das \u00d6l f\u00fcr Partnerschaft und gemeinsame Ziele<\/h2>\n<p>doTERRA Neroli Touch &#8211; Hebt die Stimmung und wirkt gegen Stress und \u00c4ngste. Neroli Roll-On f\u00fcr ein Gef\u00fchl der Ruhe und Entspannung auf die Schl\u00e4fen und auf die Fu\u00dfsohlen auftragen oder tief \u00fcber die Pulspunkte inhalieren. Zur Aktivierung auf der Zirbeldr\u00fcse auftragen.<\/p>\n","protected":false},"featured_media":3149,"template":"","meta":{"_et_pb_use_builder":"","_et_pb_old_content":"","_et_gb_content_width":""},"product_cat":[15,50,1939,1941],"product_tag":[239],"_links":{"self":[{"href":"https:\/\/www.magnolioworld.com\/green-ch\/wp-json\/wp\/v2\/product\/678"}],"collection":[{"href":"https:\/\/www.magnolioworld.com\/green-ch\/wp-json\/wp\/v2\/product"}],"about":[{"href":"https:\/\/www.magnolioworld.com\/green-ch\/wp-json\/wp\/v2\/types\/product"}],"wp:featuredmedia":[{"embeddable":true,"href":"https:\/\/www.magnolioworld.com\/green-ch\/wp-json\/wp\/v2\/media\/3149"}],"wp:attachment":[{"href":"https:\/\/www.magnolioworld.com\/green-ch\/wp-json\/wp\/v2\/media?parent=678"}],"wp:term":[{"taxonomy":"product_cat","embeddable":true,"href":"https:\/\/www.magnolioworld.com\/green-ch\/wp-json\/wp\/v2\/product_cat?post=678"},{"taxonomy":"product_tag","embeddable":true,"href":"https:\/\/www.magnolioworld.com\/green-ch\/wp-json\/wp\/v2\/product_tag?post=678"}],"curies":[{"name":"wp","href":"https:\/\/api.w.org\/{rel}","templated":true}]}}