{"id":677,"date":"2020-04-22T14:01:17","date_gmt":"2020-04-22T12:01:17","guid":{"rendered":"https:\/\/www.magnolio.shop\/melaleuca-touch-teebaum-touch\/"},"modified":"2025-11-17T14:18:05","modified_gmt":"2025-11-17T13:18:05","slug":"teebaum-roll-on-doterra-tea-tree-touch","status":"publish","type":"product","link":"https:\/\/www.magnolioworld.com\/green-ch\/teebaum-roll-on-doterra-tea-tree-touch\/","title":{"rendered":"Teebaum Roll-On &#8211; doTERRA Tea Tree Touch"},"content":{"rendered":"<p><strong>doTERRA Tea Tree Touch<\/strong> &#8211; Das Allroundgenie der \u00d6le<\/p>\n<p>Teebaum (lateinisch Melaleuca) ist ein immergr\u00fcner Strauch oder kleiner Baum in Australien, der Wuchsh\u00f6hen von 2,5 bis 14 Metern erreicht. Das aus den Bl\u00e4ttern gewonnene \u00e4therische Teebaum\u00f6l zeichnet sich durch einen frischen Duft aus, hat hervorragende reinigende Eigenschaften. <br \/>\nDie Ureinwohner inhalierten zerdr\u00fcckte Bl\u00e4tter, um wieder frei atmen zu k\u00f6nnen oder nutzten den k\u00fchlenden Effekt auf der Haut. <\/p>\n<p>doTERRA Tea Tree Touch bei Juckreiz nach Insektenstichen und zur Behandlung von Hautunreinheiten einsetzen. Probleme an den Finger- oder Fussn\u00e4geln k\u00f6nnten ein weitere Einsatzpunkt sein. <\/p>\n<p>Der Touch ist mit fraktioniertem Kokos\u00f6l gebrauchsfertig f\u00fcr deine Tasche konzipiert.<\/p>\n<p><strong>Empfehlung<\/strong><br \/>\nAromatisch: doTERRA Tea Tree Touch zur Abgrenzung nach Au\u00dfen und zu energetischem Schutz \u00fcber die Handgelenke inhalieren.<br \/>\nTopisch: Auf betroffene Hautstellen bzw. N\u00e4gel auftragen bzw. zum Schutz bei Outdoor-Aktivit\u00e4ten im Nacken und auf gew\u00fcnschte Stellen geben.<\/p>\n<p><strong>Sichere Verwendung<\/strong><br \/>\nAu\u00dferhalb der Reichweite von Kindern aufbewahren. Wenn du schwanger bist oder in \u00e4rztlicher Behandlung stehst, konsultiere bitte deinen Arzt. Kontakt mit Augen, Innenohren, Gesicht, empfindlichen Stellen und Schleimh\u00e4uten vermeiden.<\/p>\n","protected":false},"excerpt":{"rendered":"<h2>Das \u00d6l der energetischen Abgrenzung<\/h2>\n<p>doTERRA Tea Tree Touch &#8211; Ist f\u00fcr seine reinigende und beruhigende Wirkung bekannt. Es ist das \u00d6l f\u00fcr alle F\u00e4lle. Wegen seiner emotionalen Bedeutung kann Teebaum Roll-On wunderbar zur Abgrenzung nach Au\u00dfen und energetischem Schutz eingesetzt werden. Ideal f\u00fcr die spirituelle und therapeutische Praxis.<\/p>\n","protected":false},"featured_media":3160,"template":"","meta":{"_et_pb_use_builder":"","_et_pb_old_content":"","_et_gb_content_width":""},"product_cat":[15,50,43],"product_tag":[237,238],"_links":{"self":[{"href":"https:\/\/www.magnolioworld.com\/green-ch\/wp-json\/wp\/v2\/product\/677"}],"collection":[{"href":"https:\/\/www.magnolioworld.com\/green-ch\/wp-json\/wp\/v2\/product"}],"about":[{"href":"https:\/\/www.magnolioworld.com\/green-ch\/wp-json\/wp\/v2\/types\/product"}],"wp:featuredmedia":[{"embeddable":true,"href":"https:\/\/www.magnolioworld.com\/green-ch\/wp-json\/wp\/v2\/media\/3160"}],"wp:attachment":[{"href":"https:\/\/www.magnolioworld.com\/green-ch\/wp-json\/wp\/v2\/media?parent=677"}],"wp:term":[{"taxonomy":"product_cat","embeddable":true,"href":"https:\/\/www.magnolioworld.com\/green-ch\/wp-json\/wp\/v2\/product_cat?post=677"},{"taxonomy":"product_tag","embeddable":true,"href":"https:\/\/www.magnolioworld.com\/green-ch\/wp-json\/wp\/v2\/product_tag?post=677"}],"curies":[{"name":"wp","href":"https:\/\/api.w.org\/{rel}","templated":true}]}}