{"id":676,"date":"2020-04-22T14:01:17","date_gmt":"2020-04-22T12:01:17","guid":{"rendered":"https:\/\/www.magnolio.shop\/lavender-touch-lavendel-touch\/"},"modified":"2025-11-17T14:31:28","modified_gmt":"2025-11-17T13:31:28","slug":"lavendel-roll-on-doterra-lavender-touch","status":"publish","type":"product","link":"https:\/\/www.magnolioworld.com\/green-ch\/lavendel-roll-on-doterra-lavender-touch\/","title":{"rendered":"Lavendel Roll-On &#8211; doTERRA Lavender Touch"},"content":{"rendered":"<p><strong>doTERRA Lavender Touch<\/strong> &#8211; Entspannung an jedem Ort<\/p>\n<p>Lavendel ist ein bis ca. 1 Meter hoher grau-filzig behaarter Strauch, der seinen Ursprung im Mittelmeerraum hat. <\/p>\n<p>Das \u00e4therische Lavendel\u00f6l hat ein ausgepr\u00e4gtes Aroma, wirkt blumig, frisch und beruhigend. Es hat unz\u00e4hlige Anwendungsm\u00f6glichkeiten, nicht nur in Kosmetika und Parf\u00fcms. So wird es h\u00e4ufig angewendet, um Hautunreinheiten zu reduzieren, Unruhe und Einschlafprobleme zu verbessern. <br \/>\ndoTERRA Lavender Touch ist ideal f\u00fcr unterwegs auch f\u00fcr kleine Hautirritationen und nach starker Sonneneinstrahlung bzw. bei Insektenstichen.<\/p>\n<p>Hier als gebrauchsfertiger Touch f\u00fcr deine Tasche konzipiert.<\/p>\n<p><strong>Empfehlung<\/strong><br \/>\nAromatisch: Zum Ausgleich und St\u00e4rkung der Kommunikation den doTERRA Lavender Touch \u00fcber die Handgelenke bzw. die Handfl\u00e4chen inhalieren.<br \/>\nTopisch: Zur Beruhigung auf die betroffenen Hautstellen auftragen. F\u00fcr entspannten Schlaf abends auf die Fu\u00dfsohlen bzw. den Nacken geben. Nach Sonneneinstrahlung oder bei Insektenstichen auf den gew\u00fcnschten Bereich auftragen.<\/p>\n<p><strong>Sichere Verwendung<\/strong><br \/>\nAu\u00dferhalb der Reichweite von Kindern aufbewahren. Wenn du schwanger bist oder in \u00e4rztlicher Behandlung stehst, konsultiere bitte deinen Arzt. Kontakt mit Augen, Innenohren, Gesicht, empfindlichen Stellen und Schleimh\u00e4uten vermeiden.<\/p>\n","protected":false},"excerpt":{"rendered":"<h2>Das \u00d6l der Kommunikation<\/h2>\n<p>doTERRA Lavender Touch &#8211; Entspannung und Beruhigung pur. Nach Sonneneinstrahlung und bei Insektenstichen einfach auftragen. Emotional wirkt es beruhigend und ausgleichend und f\u00f6rdert eine harmonische Kommunikation. Ideal in Beruf und Zuhause.<\/p>\n","protected":false},"featured_media":3145,"template":"","meta":{"_et_pb_use_builder":"","_et_pb_old_content":"","_et_gb_content_width":""},"product_cat":[15,50,36,38,2110,1948,1960],"product_tag":[236,235],"_links":{"self":[{"href":"https:\/\/www.magnolioworld.com\/green-ch\/wp-json\/wp\/v2\/product\/676"}],"collection":[{"href":"https:\/\/www.magnolioworld.com\/green-ch\/wp-json\/wp\/v2\/product"}],"about":[{"href":"https:\/\/www.magnolioworld.com\/green-ch\/wp-json\/wp\/v2\/types\/product"}],"wp:featuredmedia":[{"embeddable":true,"href":"https:\/\/www.magnolioworld.com\/green-ch\/wp-json\/wp\/v2\/media\/3145"}],"wp:attachment":[{"href":"https:\/\/www.magnolioworld.com\/green-ch\/wp-json\/wp\/v2\/media?parent=676"}],"wp:term":[{"taxonomy":"product_cat","embeddable":true,"href":"https:\/\/www.magnolioworld.com\/green-ch\/wp-json\/wp\/v2\/product_cat?post=676"},{"taxonomy":"product_tag","embeddable":true,"href":"https:\/\/www.magnolioworld.com\/green-ch\/wp-json\/wp\/v2\/product_tag?post=676"}],"curies":[{"name":"wp","href":"https:\/\/api.w.org\/{rel}","templated":true}]}}