{"id":675,"date":"2020-04-22T14:01:17","date_gmt":"2020-04-22T12:01:17","guid":{"rendered":"https:\/\/www.magnolio.shop\/frankincense-touch-weihrauch-touch\/"},"modified":"2024-02-01T19:04:58","modified_gmt":"2024-02-01T18:04:58","slug":"weihrauch-roll-on-doterra-frankincense-touch","status":"publish","type":"product","link":"https:\/\/www.magnolioworld.com\/green-ch\/weihrauch-roll-on-doterra-frankincense-touch\/","title":{"rendered":"Weihrauch Roll-On &#8211; doTERRA Frankincense Touch"},"content":{"rendered":"<p><strong>Weihrauch Roll-On<\/strong> &#8211; Der K\u00f6nig der \u00e4therischen \u00d6le f\u00fcr unterwegs<br \/>\n\u00a0<br \/>\nDer bis etwa 5 Meter hoch wachsende Weihrauchbaum hat sein Verbreitungsgebiet in den Trockengebieten von Somalia, Jemen und Oman. Aus dem gummiartigen Harz wird das \u00e4therische Weihrauch\u00f6l gewonnen. <br \/>\nWeihrauch gilt als eines der teuersten und kostbarsten \u00e4therischen \u00d6le. Die alten \u00c4gypter verwendeten Weihrauchharz zum Beispiel in Parf\u00fcms und f\u00fcr hautberuhigende Salben. Heutzutage werden die lindernden und versch\u00f6nernden Eigenschaften von Weihrauch zur Verj\u00fcngung und Beruhigung der Haut eingesetzt. <\/p>\n<p>Emotional ist Weihrauch stark Stress und Angst l\u00f6send sowie ausgleichend und entspannend. Es regeneriert auch den Geist und hilft zu spiritueller Anbindung, was das \u00d6l ideal f\u00fcr Mediation und Yoga bzw. energetische Massagen macht.<\/p>\n<p>Das Weihrauch\u00f6l ist mit fraktioniertem Kokos\u00f6l gebrauchsfertig als <strong>doTERRA Frankincense Touch<\/strong> f\u00fcr Ihre Tasche konzipiert.<\/p>\n<p>Ideal unterwegs auf Schl\u00e4fen und Nacken bzw. die Pulspunkte aufzutragen bzw. das \u00d6l tief zu inhalieren.<\/p>\n<p><strong>doTERRA Frankincense Touch<\/strong> &#8211; die sanfte Entspannung und Regeneration f\u00fcr zwischendurch.<\/p>\n<p><strong>Empfehlung<\/strong><br \/>\nAromatisch: doTERRA Frankincense Touch f\u00fcr ein positives und angstfreies Lebensgef\u00fchl \u00fcber die Pulspunkte bzw. die Handfl\u00e4chen inhalieren.<br \/>\nTopisch: Auf betroffene Hautstellen bzw. den Fu\u00dfreflexzonen und gew\u00fcnschten Chakren auftragen.<\/p>\n<p><strong>Sichere Verwendung<\/strong><br \/>\nAu\u00dferhalb der Reichweite von Kindern aufbewahren. Wenn Du schwanger bist oder in \u00e4rztlicher Behandlung stehst, konsultiere bitte Deinen Arzt. Kontakt mit Augen, Innenohren, Gesicht, empfindlichen Stellen und Schleimh\u00e4uten vermeiden.Topisch bitte die \u00d6le stets mit Tr\u00e4ger\u00f6l (z.B. fraktioniertem Kokos\u00f6l) verd\u00fcnnen.<\/p>\n<p>&nbsp;<\/p>\n","protected":false},"excerpt":{"rendered":"<h2>Das \u00d6l der Wahrheit<\/h2>\n<p>doTERRA Frankincense Touch &#8211; Ist aufgrund seiner einzigartigen Zusammensetzung vielseitig k\u00f6rperlich und emotional einsetzbar. Nicht umsonst ist es der K\u00f6nig der \u00d6le. Insbesondere zur Zellgeneration, Anti-Aging und bei Hautirritationen und Narben leistet Weihrauch\u00f6l wertvolle Dienste. Emotional ist es stark Angst l\u00f6send und bringt Verborgenes zum Vorschein. Deshalb ist es das ideale \u00d6l f\u00fcr Coaching und spirituelle Praxis. Hier als gebrauchsfertiger Weihrauch Roll-On.<\/p>\n","protected":false},"featured_media":3142,"template":"","meta":{"_et_pb_use_builder":"","_et_pb_old_content":"","_et_gb_content_width":""},"product_cat":[15,50,36,38,39,41,42,43,46,48,45,47],"product_tag":[133,132,233,234],"_links":{"self":[{"href":"https:\/\/www.magnolioworld.com\/green-ch\/wp-json\/wp\/v2\/product\/675"}],"collection":[{"href":"https:\/\/www.magnolioworld.com\/green-ch\/wp-json\/wp\/v2\/product"}],"about":[{"href":"https:\/\/www.magnolioworld.com\/green-ch\/wp-json\/wp\/v2\/types\/product"}],"wp:featuredmedia":[{"embeddable":true,"href":"https:\/\/www.magnolioworld.com\/green-ch\/wp-json\/wp\/v2\/media\/3142"}],"wp:attachment":[{"href":"https:\/\/www.magnolioworld.com\/green-ch\/wp-json\/wp\/v2\/media?parent=675"}],"wp:term":[{"taxonomy":"product_cat","embeddable":true,"href":"https:\/\/www.magnolioworld.com\/green-ch\/wp-json\/wp\/v2\/product_cat?post=675"},{"taxonomy":"product_tag","embeddable":true,"href":"https:\/\/www.magnolioworld.com\/green-ch\/wp-json\/wp\/v2\/product_tag?post=675"}],"curies":[{"name":"wp","href":"https:\/\/api.w.org\/{rel}","templated":true}]}}